{"id":101,"date":"2018-12-27T14:32:18","date_gmt":"2018-12-27T14:32:18","guid":{"rendered":"https:\/\/moroccoachieveyourtravel.com\/wp\/?page_id=101"},"modified":"2019-01-08T15:12:00","modified_gmt":"2019-01-08T15:12:00","slug":"8-dias-desde-tanger-asilah-casablanca-marrakech-fez","status":"publish","type":"page","link":"https:\/\/moroccoachieveyourtravel.com\/es\/8-dias-desde-tanger-asilah-casablanca-marrakech-fez\/","title":{"rendered":"8 D\u00edas desde T\u00e1nger Asilah Casablanca Marrakech Fez"},"content":{"rendered":"<h4>D\u00cdA 1: T\u00c1NGER &#8211; ASILAH<\/h4>\n<p>Llegada al puerto o aeropuerto de T\u00e1nger, encuentro y salida con el conductor\/gu\u00eda en direcci\u00f3n a Asilah, la ciudad fortificada en el extremo noroeste de Marruecos a 42 km al sur de T\u00e1nger. Probablemente fue construido por los fenicios como puerto comercial alrededor del a\u00f1o 1500 a.C. La ciudad tiene el aspecto de una ciudad griega del Egeo y es un hermoso centro tur\u00edstico con edificios blancos. Se pueden admirar las murallas portuguesas, las antiguas puertas, las calles floridas de la medina y varios edificios de estilo isl\u00e1mico y andaluz. Asilah es tambi\u00e9n famosa por sus largas playas de arena fina y dorada. Cena gratis. Pernocte en riad\/hotel.<\/p>\n<h4>D\u00cdA 2: ASILAH &#8211; RABAT &#8211; CASABLANCA<\/h4>\n<p>Despu\u00e9s del desayuno, salida en direcci\u00f3n a Rabat. Rabat es la capital de Marruecos y es una ciudad moderna con vistas al Oc\u00e9ano Atl\u00e1ntico. Adem\u00e1s de ser la sede del gobierno, es el principal centro de la cocina y la arquitectura marroqu\u00ed. Despu\u00e9s de Casablanca, Rabat es la ciudad m\u00e1s grande del pa\u00eds. La medina es pintoresca y se caracteriza por callejuelas estrechas y empedradas, galer\u00edas de arte y tiendas de artesan\u00eda locales. Recomendamos una breve visita a la Torre Hassan, un alminar que form\u00f3 parte de la mezquita hom\u00f3nima que se supon\u00eda que era la m\u00e1s alta del mundo, pero que nunca fue terminada, ya que fue destruida en 1755 tras un fuerte terremoto que tuvo su epicentro en Lisboa. Hoy se conservan las bases de las columnas de la mezquita. El minarete aislado tiene 44 metros de altura y recuerda a la famosa torre de la Giralda de Sevilla. Enfrente se encuentra el Mausoleo de Mohammed V que alberga los restos del rey de Marruecos y sus dos hijos, el rey Hassan II y el pr\u00edncipe Abdullah. Continuar por la tarde hacia Casablanca. Cena gratis. Pernocte en riad\/hotel.<\/p>\n<h4>D\u00cdA 3: CASABLANCA &#8211; MARRAKECH<\/h4>\n<p>Despu\u00e9s del desayuno, una breve visita a la ciudad de Casablanca, la capital econ\u00f3mica de Marruecos, donde se gestiona la mayor parte del comercio exterior del pa\u00eds. La ciudad est\u00e1 situada a lo largo de la costa oeste y se asemeja a un centro del sur de Europa. Fue construido en 1906, donde se encontraba una ciudad bereber del siglo VII, destruida por un terremoto en la segunda mitad del siglo XVIII. Fuera de la medina se encuentra la ciudad construida de los franceses, la Nouvelle Ville, llena de jardines y avenidas, centros comerciales, hoteles, bancos y tiendas. El edificio m\u00e1s importante para visitar es la Mezquita de Assan II, la m\u00e1s grande despu\u00e9s de la de Medina y La Meca. Continuaci\u00f3n por la tarde hacia Marrakech y llegada por la tarde. Cena gratis. Pernocte en riad\/hotel.<\/p>\n<h4>D\u00cdA 4: MARRAKECH<\/h4>\n<p>Una de las principales ciudades de Marruecos, Marrakech es la m\u00e1s importante de las cuatro ciudades imperiales y est\u00e1 situada al pie de las monta\u00f1as del Atlas. Despu\u00e9s del desayuno salida con el gu\u00eda oficial y el conductor para el descubrimiento de la ciudad tambi\u00e9n conocida como &#8220;Perla del Sur&#8221; y &#8220;Ciudad Roja u Ocre&#8221; por las paredes rojas que la rodean y por los diversos edificios de este color construidos en la misma \u00e9poca con piedras rojas y arena. Visita al Palacio de Bah\u00eda, al Palacio de El Badi, a las tumbas del Saadien, a la antigua escuela cor\u00e1nica de Ben Youssef, a los jardines de Menara, a la mezquita y al minarete de Koutoubia. Breve parada para almorzar y tomar un t\u00e9 a la menta en una de las terrazas con vistas a la plaza Jemaa el-Fna, continuaci\u00f3n de la mezquita y del minarete de Koutoubia, los jardines de Majorelle con la posibilidad de visitar el nuevo museo reci\u00e9n inaugurado, dedicado a Yves Saint Laurent. Regreso por la tarde a su riad\/hotel.<\/p>\n<h4>D\u00cdA 5: MARRAKECH &#8211; MEKNES &#8211; FEZ<\/h4>\n<p>Despu\u00e9s del desayuno salida de Marrakech a Meknes, parada para una breve visita, la m\u00e1s reciente y modesta de las cuatro ciudades imperiales, fue la capital de Marruecos bajo el reinado de Moulay Ismail inb Sharif. Su nombre deriva de una tribu bereber, llamada Miknasa, en fuentes medievales \u00e1rabes. Tambi\u00e9n se la conoce como el Versalles de Marruecos o la ciudad de los cien minaretes. Adem\u00e1s de los zocos, no tan grandes como los de Fez o Marrakech, pero igualmente interesantes y animados, esta ciudad est\u00e1 llena de bellos edificios, bellos jardines, casas con balcones del barrio jud\u00edo, calles estrechas de la antigua mellah. Llegada por la tarde a Fez. Cena y alojamiento en riad\/hotel.<\/p>\n<h4>D\u00cdA 6: F\u00c8S<\/h4>\n<p>Fez es considerado el verdadero basti\u00f3n de la cultura y la identidad de Marruecos, situado en el fondo de un valle f\u00e9rtil a unos 350 m sobre el nivel del mar. La ciudad vieja, con sus mercados y mezquitas, es considerada uno de los centros m\u00e1s atractivos de todo el mundo isl\u00e1mico. Entre las principales ciudades de Marruecos, Fez es la m\u00e1s antigua de las cuatro ciudades imperiales y debe su prestigio a su predominio pol\u00edtico secular y a la importancia de su antigua universidad sobre cultura y arte. Despu\u00e9s del desayuno, salida con el gu\u00eda oficial y el conductor para el descubrimiento de la ciudad, Fez se divide en Ciudad Nueva, es decir, la ciudad imperial construida a partir de 1200 donde se encuentran la estaci\u00f3n, el Palacio Real y la Juder\u00eda, la Ciudad Vieja o Medina, la parte amurallada m\u00e1s antigua de Fez, un verdadero laberinto de calles estrechas con mercados de todo tipo y la Ville Nouvelle, la Ciudad Nueva.<\/p>\n","protected":false},"excerpt":{"rendered":"<p>D\u00cdA 1: T\u00c1NGER &#8211; ASILAH Llegada al puerto o aeropuerto de T\u00e1nger, encuentro y salida con el conductor\/gu\u00eda en direcci\u00f3n a Asilah, la ciudad fortificada en el extremo noroeste de Marruecos a 42 km al sur de T\u00e1nger. Probablemente fue construido por los fenicios como puerto comercial alrededor del a\u00f1o 1500 a.C. La ciudad tiene<\/p>\n","protected":false},"author":1,"featured_media":0,"parent":0,"menu_order":0,"comment_status":"closed","ping_status":"closed","template":"","meta":{"ngg_post_thumbnail":0,"footnotes":""},"class_list":["post-101","page","type-page","status-publish","hentry"],"_links":{"self":[{"href":"https:\/\/moroccoachieveyourtravel.com\/es\/wp-json\/wp\/v2\/pages\/101","targetHints":{"allow":["GET"]}}],"collection":[{"href":"https:\/\/moroccoachieveyourtravel.com\/es\/wp-json\/wp\/v2\/pages"}],"about":[{"href":"https:\/\/moroccoachieveyourtravel.com\/es\/wp-json\/wp\/v2\/types\/page"}],"author":[{"embeddable":true,"href":"https:\/\/moroccoachieveyourtravel.com\/es\/wp-json\/wp\/v2\/users\/1"}],"replies":[{"embeddable":true,"href":"https:\/\/moroccoachieveyourtravel.com\/es\/wp-json\/wp\/v2\/comments?post=101"}],"version-history":[{"count":6,"href":"https:\/\/moroccoachieveyourtravel.com\/es\/wp-json\/wp\/v2\/pages\/101\/revisions"}],"predecessor-version":[{"id":320,"href":"https:\/\/moroccoachieveyourtravel.com\/es\/wp-json\/wp\/v2\/pages\/101\/revisions\/320"}],"wp:attachment":[{"href":"https:\/\/moroccoachieveyourtravel.com\/es\/wp-json\/wp\/v2\/media?parent=101"}],"curies":[{"name":"wp","href":"https:\/\/api.w.org\/{rel}","templated":true}]}}