{"id":14,"date":"2018-12-21T15:17:20","date_gmt":"2018-12-21T15:17:20","guid":{"rendered":"https:\/\/moroccoachieveyourtravel.com\/wp\/?page_id=14"},"modified":"2018-12-30T15:46:02","modified_gmt":"2018-12-30T15:46:02","slug":"quienes-somos","status":"publish","type":"page","link":"https:\/\/moroccoachieveyourtravel.com\/es\/quienes-somos\/","title":{"rendered":"Quienes Somos"},"content":{"rendered":"<h2 style=\"text-align: center;\">Morocco achieve your travel<\/h2>\n<p><img loading=\"lazy\" decoding=\"async\" class=\"size-medium wp-image-204 alignright\" src=\"https:\/\/moroccoachieveyourtravel.com\/es\/wp-content\/uploads\/2018\/12\/j-20-300x225.jpg\" alt=\"\" width=\"300\" height=\"225\" srcset=\"https:\/\/moroccoachieveyourtravel.com\/es\/wp-content\/uploads\/2018\/12\/j-20-300x225.jpg 300w, https:\/\/moroccoachieveyourtravel.com\/es\/wp-content\/uploads\/2018\/12\/j-20-768x576.jpg 768w, https:\/\/moroccoachieveyourtravel.com\/es\/wp-content\/uploads\/2018\/12\/j-20.jpg 960w\" sizes=\"auto, (max-width: 300px) 100vw, 300px\" \/>Morocco Achieve Your Travel es una empresa de viajes profesional y apasionada que se especializa en viajes a medida adaptados especialmente a sus aspiraciones de viaje. Los tours se organizan a cualquier destino de su elecci\u00f3n, en todo Marruecos.<\/p>\n<p>Nombra el lugar y te llevaremos all\u00ed! Marruecos es un tesoro a descubrir! Con una cultura viva y vibrante y los paisajes panor\u00e1micos siempre cambiantes que conducen a la puerta del Sahara. Para experimentar todas las maravillas que tenemos para ofrecer, organizamos excursiones de varios d\u00edas. Un viaje a Marruecos no estar\u00eda completo sin visitar el m\u00e1gico desierto del Sahara. Organizamos excursiones que incluyen una visita al desierto, venga y descubra la belleza y tranquilidad de las dunas. Disfrute de la novedosa aventura de un paseo en camello por el desierto.<\/p>\n<p><img loading=\"lazy\" decoding=\"async\" class=\"size-medium wp-image-206 alignright\" src=\"https:\/\/moroccoachieveyourtravel.com\/es\/wp-content\/uploads\/2018\/12\/j-7-300x199.jpg\" alt=\"\" width=\"300\" height=\"199\" srcset=\"https:\/\/moroccoachieveyourtravel.com\/es\/wp-content\/uploads\/2018\/12\/j-7-300x199.jpg 300w, https:\/\/moroccoachieveyourtravel.com\/es\/wp-content\/uploads\/2018\/12\/j-7-768x510.jpg 768w, https:\/\/moroccoachieveyourtravel.com\/es\/wp-content\/uploads\/2018\/12\/j-7.jpg 1000w\" sizes=\"auto, (max-width: 300px) 100vw, 300px\" \/>Contemple una puesta de sol sahariana, entret\u00e9ngase con tambores de desierto bajo un cielo lleno de estrellas y sum\u00e9rjase en la cultura vibrante, acogedora y amistosa de Marruecos! Ofrecemos transporte en minib\u00fas y 4&#215;4 con conductores profesionales, seguros y gu\u00edas con amplia experiencia. Nos enorgullecemos de ser una empresa multiling\u00fce, capaz de conversar con muchas nacionalidades y disfrutamos conociendo gente de todo el mundo. Tambi\u00e9n organizamos excursiones de varios d\u00edas, incluyendo visitas culturales y fotogr\u00e1ficas. Organizaremos una experiencia inolvidable, espec\u00edfica para sus ambiciones de viaje; desde intr\u00e9pidos exploradores, en busca de la aventura, hasta las experiencias m\u00e1s relajadas, relajadas y lujosas. Atendemos a todo el espectro de viajeros. Venga a descubrir la m\u00edstica de Marruecos con nosotros! La aventura espera!<\/p>\n","protected":false},"excerpt":{"rendered":"<p>Morocco achieve your travel Morocco Achieve Your Travel es una empresa de viajes profesional y apasionada que se especializa en viajes a medida adaptados especialmente a sus aspiraciones de viaje. Los tours se organizan a cualquier destino de su elecci\u00f3n, en todo Marruecos. Nombra el lugar y te llevaremos all\u00ed! Marruecos es un tesoro a<\/p>\n","protected":false},"author":1,"featured_media":0,"parent":0,"menu_order":0,"comment_status":"closed","ping_status":"closed","template":"","meta":{"ngg_post_thumbnail":0,"footnotes":""},"class_list":["post-14","page","type-page","status-publish","hentry"],"_links":{"self":[{"href":"https:\/\/moroccoachieveyourtravel.com\/es\/wp-json\/wp\/v2\/pages\/14","targetHints":{"allow":["GET"]}}],"collection":[{"href":"https:\/\/moroccoachieveyourtravel.com\/es\/wp-json\/wp\/v2\/pages"}],"about":[{"href":"https:\/\/moroccoachieveyourtravel.com\/es\/wp-json\/wp\/v2\/types\/page"}],"author":[{"embeddable":true,"href":"https:\/\/moroccoachieveyourtravel.com\/es\/wp-json\/wp\/v2\/users\/1"}],"replies":[{"embeddable":true,"href":"https:\/\/moroccoachieveyourtravel.com\/es\/wp-json\/wp\/v2\/comments?post=14"}],"version-history":[{"count":6,"href":"https:\/\/moroccoachieveyourtravel.com\/es\/wp-json\/wp\/v2\/pages\/14\/revisions"}],"predecessor-version":[{"id":270,"href":"https:\/\/moroccoachieveyourtravel.com\/es\/wp-json\/wp\/v2\/pages\/14\/revisions\/270"}],"wp:attachment":[{"href":"https:\/\/moroccoachieveyourtravel.com\/es\/wp-json\/wp\/v2\/media?parent=14"}],"curies":[{"name":"wp","href":"https:\/\/api.w.org\/{rel}","templated":true}]}}