{"id":16,"date":"2018-12-21T15:18:08","date_gmt":"2018-12-21T15:18:08","guid":{"rendered":"https:\/\/moroccoachieveyourtravel.com\/wp\/?page_id=16"},"modified":"2018-12-30T15:55:19","modified_gmt":"2018-12-30T15:55:19","slug":"trekking","status":"publish","type":"page","link":"https:\/\/moroccoachieveyourtravel.com\/es\/trekking\/","title":{"rendered":"Trekking"},"content":{"rendered":"<h4><img loading=\"lazy\" decoding=\"async\" class=\"size-medium wp-image-229 alignright\" src=\"https:\/\/moroccoachieveyourtravel.com\/wp\/wp-content\/uploads\/2018\/12\/i-1-300x200.jpg\" alt=\"\" width=\"300\" height=\"200\" srcset=\"https:\/\/moroccoachieveyourtravel.com\/es\/wp-content\/uploads\/2018\/12\/i-1-300x200.jpg 300w, https:\/\/moroccoachieveyourtravel.com\/es\/wp-content\/uploads\/2018\/12\/i-1-768x512.jpg 768w, https:\/\/moroccoachieveyourtravel.com\/es\/wp-content\/uploads\/2018\/12\/i-1.jpg 1000w\" sizes=\"auto, (max-width: 300px) 100vw, 300px\" \/><\/h4>\n<h4>TREKKING ATLAS 2 D\u00cdAS :<\/h4>\n<p>El trekking Atlas comienza en el punto m\u00e1s alto del macizo, en la monta\u00f1a del Toubkal, culminando a una altitud de 4167 m en el Alto Atlas marroqu\u00ed. El alivio disminuye gradualmente hacia el este.<\/p>\n<p><strong>D\u00cdA 1: MARRAKECH &#8211; IMLIL (1700) &#8211; NETLER HUT (3200 M)<\/strong><\/p>\n<p>Salimos de Marrakech a Imlil a 70 km de carretera asfaltada de Marrakech. Reuni\u00f3n con los arrieros, carga de equipaje y comienzo de la caminata. Pasamos junto al pueblo de Aremd (1900 m) a 15 minutos de Imlil. Continuamos hacia Sidi Shamharoush, maravillosas aldeas bereberes, culturas en la terraza, canales de riego&#8230;. Almuerzo de picnic. Noche en el refugio Neltner.<\/p>\n<p><strong><img loading=\"lazy\" decoding=\"async\" class=\"size-medium wp-image-230 alignright\" src=\"https:\/\/moroccoachieveyourtravel.com\/es\/wp-content\/uploads\/2018\/12\/i-2-300x200.jpg\" alt=\"\" width=\"300\" height=\"200\" srcset=\"https:\/\/moroccoachieveyourtravel.com\/es\/wp-content\/uploads\/2018\/12\/i-2-300x200.jpg 300w, https:\/\/moroccoachieveyourtravel.com\/es\/wp-content\/uploads\/2018\/12\/i-2-768x512.jpg 768w, https:\/\/moroccoachieveyourtravel.com\/es\/wp-content\/uploads\/2018\/12\/i-2.jpg 1000w\" sizes=\"auto, (max-width: 300px) 100vw, 300px\" \/>D\u00cdA 2: REFUGIO DE TOUBKAL &#8211; ASCENSI\u00d3N DE TOUBKAL (4167 M) &#8211; IMLIL &#8211; MARRAKECH.<\/strong><\/p>\n<p>El ascenso a la cima m\u00e1s alta de Marruecos se realiza sin mayores dificultades. Un sendero pedregoso se acerca al refugio, luego se vuelve m\u00e1s estrecho, lleno de bloques grandes del Valle. El camino final es ancho y desciende gradualmente para acercarse a la cumbre, sumergi\u00e9ndose a\u00fan en grandes acantilados en el lago Ifni en el lado opuesto. Almuerzo de picnic en el camino. Un bonito descenso nos lleva desde la \u00e1rida monta\u00f1a hasta los valles irrigados que pasan por Sidi Chamharoush hasta la hermosa r\u00e9plica cultivada de Aremd. Fin del trekking en Imlil donde nuestro minib\u00fas nos lleva en poco tiempo a Marrakech; a lo largo del camino algunas muestras de minerales de los macizos presaharianos (Amatista, Galena, yeso&#8230;.) esperando la barcaza.<\/p>\n<p><strong><img loading=\"lazy\" decoding=\"async\" class=\"size-medium wp-image-231 alignright\" src=\"https:\/\/moroccoachieveyourtravel.com\/es\/wp-content\/uploads\/2018\/12\/i-3-300x200.jpg\" alt=\"\" width=\"300\" height=\"200\" srcset=\"https:\/\/moroccoachieveyourtravel.com\/es\/wp-content\/uploads\/2018\/12\/i-3-300x200.jpg 300w, https:\/\/moroccoachieveyourtravel.com\/es\/wp-content\/uploads\/2018\/12\/i-3-768x512.jpg 768w, https:\/\/moroccoachieveyourtravel.com\/es\/wp-content\/uploads\/2018\/12\/i-3.jpg 1000w\" sizes=\"auto, (max-width: 300px) 100vw, 300px\" \/>IMLIL ET MASSIF DE TOUBKAL:<\/strong><\/p>\n<p>El encantador pueblecito de Imlil es el punto de paso para todos los excursionistas que deseen alcanzar los 4167 m de altura (Toubkal), la 22 monta\u00f1a m\u00e1s alta de \u00c1frica despu\u00e9s del Kilimanjaro. Situado a 64 Km de Marrakech, Imlil es tambi\u00e9n una puerta de entrada a lo grande del Parque Nacional del Toubkal&#8230;. El m\u00e1gico sitio de Imlil es el punto de partida de muchas caminatas, es un lugar maravilloso para aquellos que caminar\u00edan en el Macizo del Toubkal. El pico m\u00e1s alto del norte de \u00c1frica. Imlil y el Macizo del Toubkal Imlil es un peque\u00f1o y bello pueblo conocido por su milagrosa belleza y paisajes y por la originalidad sin l\u00edmites de la admiraci\u00f3n de los visitantes, as\u00ed como por la historia de un valle. Disfrutar\u00e1 absolutamente de las diferentes subidas y bajadas de las monta\u00f1as que bordean la entrada del Atlas marroqu\u00ed. Entre el asombro y el asombro, puedes saltar a Asni. Usted descubrir\u00e1 el encanto de imlil donde el clima es templado y el paisaje natural y maravilloso. En Imlil se hace una peque\u00f1a caminata de 1 hora y media y se admiran los bellos paisajes y los pueblos bereberes. Finalmente, volver\u00e1s al camino de regreso por la tarde, dejando atr\u00e1s una imagen cargada de tantos recuerdos que conservar\u00e1s para siempre. Despu\u00e9s de cruzar las gargantas de Asni, pintoresco pueblo conocido por su zoco semanal el s\u00e1bado, la carretera contin\u00faa a lo largo de un verde valle donde las monta\u00f1as, impresionantes fortalezas naturales, juegan con los colores&#8230;. pueblos de media ladera de bereberes para anidar en casas de la Tierra rodeadas de terrazas. Cada pueblo est\u00e1 enclavado en las estribaciones del Atlas y construido en hileras. Sucesi\u00f3n de paisajes variados y vegetaci\u00f3n exuberante. Un paseo en mula hasta el pueblo de Aremd est\u00e1 programado para admirar la vista panor\u00e1mica del Valle de Imlil y el Toubkal. La pel\u00edcula &#8220;Siete a\u00f1os en el T\u00edbet&#8221; fue rodada en esta regi\u00f3n.<\/p>\n<h4><img loading=\"lazy\" decoding=\"async\" class=\"size-medium wp-image-233 alignright\" src=\"https:\/\/moroccoachieveyourtravel.com\/es\/wp-content\/uploads\/2018\/12\/i-4-300x200.jpg\" alt=\"\" width=\"300\" height=\"200\" srcset=\"https:\/\/moroccoachieveyourtravel.com\/es\/wp-content\/uploads\/2018\/12\/i-4-300x200.jpg 300w, https:\/\/moroccoachieveyourtravel.com\/es\/wp-content\/uploads\/2018\/12\/i-4-768x512.jpg 768w, https:\/\/moroccoachieveyourtravel.com\/es\/wp-content\/uploads\/2018\/12\/i-4.jpg 1000w\" sizes=\"auto, (max-width: 300px) 100vw, 300px\" \/>TREKKING MACIZO DEL ATLAS 3 D\u00cdAS \/ 2 NOCHES:<\/h4>\n<p>El trekking del macizo del Atlas comienza en el punto m\u00e1s alto del macizo del Toubkal y culmina a una altitud de 4167 m en el Alto Atlas marroqu\u00ed. El alivio disminuye gradualmente hacia el Este.<\/p>\n<p><strong>D\u00cdA 1: MARRAKECH &#8211; IMLIL (1700 M)-REFUGE NELTNER(3207M)<\/strong><\/p>\n<p>La salida de Atlas Trekking masivo est\u00e1 dejando Marrakech a Imlil (1700 m) 70 km de carretera pavimentada de Marrakech. Reuni\u00f3n con los arrieros, carga de equipaje y comienzo de la caminata. Pasamos junto al pueblo de Aremd (1900 m) a 15 minutos de Imlil. Continuamos hacia Sidi Shamharoush. Almuerzo de picnic actual.<\/p>\n<p><strong>D\u00cdA 2: SUBIR TOUBKAL (4167) :<\/strong><\/p>\n<p>El ascenso a la cima m\u00e1s alta del Magreb se realiza sin mayores dificultades. Un sendero pedregoso se acerca al campamento, luego en un camino m\u00e1s estrecho, lleno de bloques grandes del Valle. El camino final es ancho y desciende gradualmente para acercarse a la cumbre, sumergi\u00e9ndose a\u00fan en grandes acantilados del lago Ifni al otro lado. Noche en el refugio del Toubkal.<\/p>\n<p><strong>D\u00cdA 3: GLAMPING NELTNER &#8211; AREMD (1900 M) &#8211; IMLIL &#8211; MARRAKECH<\/strong><\/p>\n<p>Para completar el atlas Trekking masivo, estamos tomando un bonito descenso que nos lleva desde la \u00e1rida monta\u00f1a hasta los valles irrigados que pasan por Sidi Chamharoush hasta la hermosa r\u00e9plica cultivada de Aremd (1900 m). Fin del trekking en Imlil (1700 m) donde nuestro minib\u00fas nos lleva en poco tiempo a Marrakech. Por el camino algunas pausas para tomar fotos.<\/p>\n<h4>TREKKING TOBKAL AL D\u00cdA..:<\/h4>\n<p>Comenzamos el Trekking Tobkal con la visita del pueblo de Imlil. Esto est\u00e1 justo debajo de la monta\u00f1a de Jbel Toubkal, la monta\u00f1a m\u00e1s alta del norte de \u00c1frica 4165 m. Gracias a su posici\u00f3n ideal, Imlil se convirti\u00f3 en un centro de turismo de monta\u00f1a y un punto de partida para el senderismo m\u00e1s importante a las cumbres del Alto Atlas, incluyendo el Toubkal. Si est\u00e1 interesado en realizar una caminata hacia el Toubkal, existe la posibilidad de incluir una caminata de 2 d\u00edas en su itinerario con nuestra empresa para subir a la cima. Para un d\u00eda en Imlil ofrecemos una caminata de unas pocas horas en el sitio con un gu\u00eda de monta\u00f1a local que le acompa\u00f1ar\u00e1 a hacer trekking y disfrutar de las vistas de los motagnes alrededor de Imlil&#8230;<\/p>\n","protected":false},"excerpt":{"rendered":"<p>TREKKING ATLAS 2 D\u00cdAS : El trekking Atlas comienza en el punto m\u00e1s alto del macizo, en la monta\u00f1a del Toubkal, culminando a una altitud de 4167 m en el Alto Atlas marroqu\u00ed. El alivio disminuye gradualmente hacia el este. D\u00cdA 1: MARRAKECH &#8211; IMLIL (1700) &#8211; NETLER HUT (3200 M) Salimos de Marrakech a<\/p>\n","protected":false},"author":1,"featured_media":0,"parent":0,"menu_order":0,"comment_status":"closed","ping_status":"closed","template":"","meta":{"ngg_post_thumbnail":0,"footnotes":""},"class_list":["post-16","page","type-page","status-publish","hentry"],"_links":{"self":[{"href":"https:\/\/moroccoachieveyourtravel.com\/es\/wp-json\/wp\/v2\/pages\/16","targetHints":{"allow":["GET"]}}],"collection":[{"href":"https:\/\/moroccoachieveyourtravel.com\/es\/wp-json\/wp\/v2\/pages"}],"about":[{"href":"https:\/\/moroccoachieveyourtravel.com\/es\/wp-json\/wp\/v2\/types\/page"}],"author":[{"embeddable":true,"href":"https:\/\/moroccoachieveyourtravel.com\/es\/wp-json\/wp\/v2\/users\/1"}],"replies":[{"embeddable":true,"href":"https:\/\/moroccoachieveyourtravel.com\/es\/wp-json\/wp\/v2\/comments?post=16"}],"version-history":[{"count":6,"href":"https:\/\/moroccoachieveyourtravel.com\/es\/wp-json\/wp\/v2\/pages\/16\/revisions"}],"predecessor-version":[{"id":276,"href":"https:\/\/moroccoachieveyourtravel.com\/es\/wp-json\/wp\/v2\/pages\/16\/revisions\/276"}],"wp:attachment":[{"href":"https:\/\/moroccoachieveyourtravel.com\/es\/wp-json\/wp\/v2\/media?parent=16"}],"curies":[{"name":"wp","href":"https:\/\/api.w.org\/{rel}","templated":true}]}}