{"id":26,"date":"2018-12-27T14:02:36","date_gmt":"2018-12-27T14:02:36","guid":{"rendered":"https:\/\/moroccoachieveyourtravel.com\/wp\/?page_id=26"},"modified":"2018-12-30T15:52:45","modified_gmt":"2018-12-30T15:52:45","slug":"excursion-valle-de-ourika","status":"publish","type":"page","link":"https:\/\/moroccoachieveyourtravel.com\/es\/excursion-valle-de-ourika\/","title":{"rendered":"Excursi\u00f3n Valle de Ourika"},"content":{"rendered":"<h4><img loading=\"lazy\" decoding=\"async\" class=\"size-medium wp-image-217 alignright\" src=\"https:\/\/moroccoachieveyourtravel.com\/es\/wp-content\/uploads\/2018\/12\/ourika11-300x200.jpg\" alt=\"\" width=\"300\" height=\"200\" srcset=\"https:\/\/moroccoachieveyourtravel.com\/es\/wp-content\/uploads\/2018\/12\/ourika11-300x200.jpg 300w, https:\/\/moroccoachieveyourtravel.com\/es\/wp-content\/uploads\/2018\/12\/ourika11-768x512.jpg 768w, https:\/\/moroccoachieveyourtravel.com\/es\/wp-content\/uploads\/2018\/12\/ourika11.jpg 1000w\" sizes=\"auto, (max-width: 300px) 100vw, 300px\" \/>Una gran escapada en el Alto Atlas<\/h4>\n<p>Marruecos conseguir\u00e1 que su viaje le lleve en una gran aventura al valle de Ourika. En primer lugar, Ourika es una perla del Alto Atlas. Tiene paisajes de Graet y vistas panor\u00e1micas. Adem\u00e1s, Ourika es un gran ejemplo de la diversi\u00f3n de Marruecos. Tiene gente Berbr y sus grandes pueblos de arcilla, y diversidad de vegetaci\u00f3n. Estos dos elementos dan una gran cultura en el centro de la monta\u00f1a del Atlas. Adem\u00e1s de eso, hay un r\u00edo m\u00e1gico en Ourika, donde se puede descansar junto al arroyo. Los toboganes de Seti-Famta se vierten en el r\u00edo Ourika para ofrecer una gran escena en la que se puede relajarse y calmarse.<\/p>\n<p><strong><img loading=\"lazy\" decoding=\"async\" class=\"size-medium wp-image-218 alignright\" src=\"https:\/\/moroccoachieveyourtravel.com\/es\/wp-content\/uploads\/2018\/12\/ourika13-300x200.jpg\" alt=\"\" width=\"300\" height=\"200\" srcset=\"https:\/\/moroccoachieveyourtravel.com\/es\/wp-content\/uploads\/2018\/12\/ourika13-300x200.jpg 300w, https:\/\/moroccoachieveyourtravel.com\/es\/wp-content\/uploads\/2018\/12\/ourika13-768x512.jpg 768w, https:\/\/moroccoachieveyourtravel.com\/es\/wp-content\/uploads\/2018\/12\/ourika13.jpg 1000w\" sizes=\"auto, (max-width: 300px) 100vw, 300px\" \/>Cosas para ver, disfrutar y vivir en el valle de Ourika<\/strong><\/p>\n<p>Ourika es el tercer y \u00faltimo valle de los tres valles. Primero, salimos de Marrakech a las 09:00 am o 10:00 am, pasamos por la calle Mohamed VI para dirigirnos al valle de Ourika. En segundo lugar, llegamos a las capas del Alto Atlas, la unidad de pausa para tomar fotos a las vistas esc\u00e9nicas y para descansar. Tercero ponemos los pies en el valle de Ourika para ver el maravilloso r\u00edo, los encantadores toboganes y los grandes picos de las monta\u00f1as. Por \u00faltimo, pero no por ello menos importante, paseamos por el valle para disfrutar de un gran momento con una brisa de monta\u00f1a limpia. Por \u00faltimo, tenemos una deliciosa comida cerca del r\u00edo y luego regresamos a Marrakech.<\/p>\n","protected":false},"excerpt":{"rendered":"<p>Una gran escapada en el Alto Atlas Marruecos conseguir\u00e1 que su viaje le lleve en una gran aventura al valle de Ourika. En primer lugar, Ourika es una perla del Alto Atlas. Tiene paisajes de Graet y vistas panor\u00e1micas. Adem\u00e1s, Ourika es un gran ejemplo de la diversi\u00f3n de Marruecos. Tiene gente Berbr y sus<\/p>\n","protected":false},"author":1,"featured_media":0,"parent":0,"menu_order":0,"comment_status":"closed","ping_status":"closed","template":"","meta":{"ngg_post_thumbnail":0,"footnotes":""},"class_list":["post-26","page","type-page","status-publish","hentry"],"_links":{"self":[{"href":"https:\/\/moroccoachieveyourtravel.com\/es\/wp-json\/wp\/v2\/pages\/26","targetHints":{"allow":["GET"]}}],"collection":[{"href":"https:\/\/moroccoachieveyourtravel.com\/es\/wp-json\/wp\/v2\/pages"}],"about":[{"href":"https:\/\/moroccoachieveyourtravel.com\/es\/wp-json\/wp\/v2\/types\/page"}],"author":[{"embeddable":true,"href":"https:\/\/moroccoachieveyourtravel.com\/es\/wp-json\/wp\/v2\/users\/1"}],"replies":[{"embeddable":true,"href":"https:\/\/moroccoachieveyourtravel.com\/es\/wp-json\/wp\/v2\/comments?post=26"}],"version-history":[{"count":6,"href":"https:\/\/moroccoachieveyourtravel.com\/es\/wp-json\/wp\/v2\/pages\/26\/revisions"}],"predecessor-version":[{"id":275,"href":"https:\/\/moroccoachieveyourtravel.com\/es\/wp-json\/wp\/v2\/pages\/26\/revisions\/275"}],"wp:attachment":[{"href":"https:\/\/moroccoachieveyourtravel.com\/es\/wp-json\/wp\/v2\/media?parent=26"}],"curies":[{"name":"wp","href":"https:\/\/api.w.org\/{rel}","templated":true}]}}