{"id":28,"date":"2018-12-27T14:02:55","date_gmt":"2018-12-27T14:02:55","guid":{"rendered":"https:\/\/moroccoachieveyourtravel.com\/wp\/?page_id=28"},"modified":"2018-12-30T15:51:21","modified_gmt":"2018-12-30T15:51:21","slug":"excursion-a-essaouira","status":"publish","type":"page","link":"https:\/\/moroccoachieveyourtravel.com\/es\/excursion-a-essaouira\/","title":{"rendered":"Excursi\u00f3n a Essaouira"},"content":{"rendered":"<h4><img loading=\"lazy\" decoding=\"async\" class=\"size-medium wp-image-221 alignright\" src=\"https:\/\/moroccoachieveyourtravel.com\/es\/wp-content\/uploads\/2018\/12\/essaouira1-300x200.jpg\" alt=\"\" width=\"300\" height=\"200\" srcset=\"https:\/\/moroccoachieveyourtravel.com\/es\/wp-content\/uploads\/2018\/12\/essaouira1-300x200.jpg 300w, https:\/\/moroccoachieveyourtravel.com\/es\/wp-content\/uploads\/2018\/12\/essaouira1-768x512.jpg 768w, https:\/\/moroccoachieveyourtravel.com\/es\/wp-content\/uploads\/2018\/12\/essaouira1.jpg 1000w\" sizes=\"auto, (max-width: 300px) 100vw, 300px\" \/>Mogador o la peque\u00f1a pared<\/h4>\n<p>En primer lugar, Essaouira es una ciudad hist\u00f3rica en Marruecos. marruecos lograr su viaje le llevar\u00e1 a explorar esta maravillosa ciudad. Segundo, es una ciudad de arte y cine, y, inspira a muchos artistas a dar maravillosos temas como Jimi Hendrix y Shakira, adem\u00e1s, las pel\u00edculas de Alexander se hicieron parcialmente all\u00ed. Adem\u00e1s, Essaouira es la cuna de la m\u00fasica gnawa en Marruecos. Por \u00faltimo, pero no por ello menos importante, Essaouira produce el mejor aceite de arg\u00e1n del mundo. Por \u00faltimo, la ciudad del viento, la peque\u00f1a muralla y Mogador son otros nombres de la ciudad de Essaouira.<\/p>\n<p><strong><img loading=\"lazy\" decoding=\"async\" class=\"size-medium wp-image-223 alignright\" src=\"https:\/\/moroccoachieveyourtravel.com\/es\/wp-content\/uploads\/2018\/12\/essaouira3-300x200.jpg\" alt=\"\" width=\"300\" height=\"200\" srcset=\"https:\/\/moroccoachieveyourtravel.com\/es\/wp-content\/uploads\/2018\/12\/essaouira3-300x200.jpg 300w, https:\/\/moroccoachieveyourtravel.com\/es\/wp-content\/uploads\/2018\/12\/essaouira3-768x512.jpg 768w, https:\/\/moroccoachieveyourtravel.com\/es\/wp-content\/uploads\/2018\/12\/essaouira3.jpg 1000w\" sizes=\"auto, (max-width: 300px) 100vw, 300px\" \/>Intinerario:<\/strong><\/p>\n<p>Primero, te recogemos en un autob\u00fas para dirigirnos a Essaouira alrededor de las 08:00 am, pasamos por Loudaya y Sidi Mokhtar. Son dos ciudades principales antes de Essaouira. En segundo lugar, hacemos una pausa en las arboledas de Argan para tomar fotos al \u00e1rbol de Argan y a las cabras voladoras. Adem\u00e1s, despu\u00e9s de tres horas de viaje llegamos a Essaouira. Exploraremos el puerto de Essaouira, tambi\u00e9n un impresionante cuarteto jud\u00edo, y los mercados bereberes. Adem\u00e1s, vamos a la costa de Essaouira para disfrutar de una deliciosa comida con vistas panor\u00e1micas a la costa. Finllay, usted pasear\u00e1 por la costa de Essaouira, y podr\u00e1 disfrutar de la brisa de la playa antes de sentarse en nuestro veh\u00edculo para volver a Marrakech. Le dejamos en el hotel o Riad para concluir nuestro servicio de Essaouira excursi\u00f3n de d\u00eda completo.<\/p>\n","protected":false},"excerpt":{"rendered":"<p>Mogador o la peque\u00f1a pared En primer lugar, Essaouira es una ciudad hist\u00f3rica en Marruecos. marruecos lograr su viaje le llevar\u00e1 a explorar esta maravillosa ciudad. Segundo, es una ciudad de arte y cine, y, inspira a muchos artistas a dar maravillosos temas como Jimi Hendrix y Shakira, adem\u00e1s, las pel\u00edculas de Alexander se hicieron<\/p>\n","protected":false},"author":1,"featured_media":0,"parent":0,"menu_order":0,"comment_status":"closed","ping_status":"closed","template":"","meta":{"ngg_post_thumbnail":0,"footnotes":""},"class_list":["post-28","page","type-page","status-publish","hentry"],"_links":{"self":[{"href":"https:\/\/moroccoachieveyourtravel.com\/es\/wp-json\/wp\/v2\/pages\/28","targetHints":{"allow":["GET"]}}],"collection":[{"href":"https:\/\/moroccoachieveyourtravel.com\/es\/wp-json\/wp\/v2\/pages"}],"about":[{"href":"https:\/\/moroccoachieveyourtravel.com\/es\/wp-json\/wp\/v2\/types\/page"}],"author":[{"embeddable":true,"href":"https:\/\/moroccoachieveyourtravel.com\/es\/wp-json\/wp\/v2\/users\/1"}],"replies":[{"embeddable":true,"href":"https:\/\/moroccoachieveyourtravel.com\/es\/wp-json\/wp\/v2\/comments?post=28"}],"version-history":[{"count":6,"href":"https:\/\/moroccoachieveyourtravel.com\/es\/wp-json\/wp\/v2\/pages\/28\/revisions"}],"predecessor-version":[{"id":274,"href":"https:\/\/moroccoachieveyourtravel.com\/es\/wp-json\/wp\/v2\/pages\/28\/revisions\/274"}],"wp:attachment":[{"href":"https:\/\/moroccoachieveyourtravel.com\/es\/wp-json\/wp\/v2\/media?parent=28"}],"curies":[{"name":"wp","href":"https:\/\/api.w.org\/{rel}","templated":true}]}}