{"id":30,"date":"2018-12-27T14:03:12","date_gmt":"2018-12-27T14:03:12","guid":{"rendered":"https:\/\/moroccoachieveyourtravel.com\/wp\/?page_id=30"},"modified":"2018-12-30T15:50:27","modified_gmt":"2018-12-30T15:50:27","slug":"excursion-ait-ben-haddou","status":"publish","type":"page","link":"https:\/\/moroccoachieveyourtravel.com\/es\/excursion-ait-ben-haddou\/","title":{"rendered":"Excursi\u00f3n Ait Ben Haddou"},"content":{"rendered":"<h4>A los pies de las monta\u00f1as del Alto Atlas.<\/h4>\n<p><img loading=\"lazy\" decoding=\"async\" class=\"size-medium wp-image-208 alignright\" src=\"https:\/\/moroccoachieveyourtravel.com\/es\/wp-content\/uploads\/2018\/12\/ouarzazate1-300x200.jpg\" alt=\"\" width=\"300\" height=\"200\" srcset=\"https:\/\/moroccoachieveyourtravel.com\/es\/wp-content\/uploads\/2018\/12\/ouarzazate1-300x200.jpg 300w, https:\/\/moroccoachieveyourtravel.com\/es\/wp-content\/uploads\/2018\/12\/ouarzazate1-768x512.jpg 768w, https:\/\/moroccoachieveyourtravel.com\/es\/wp-content\/uploads\/2018\/12\/ouarzazate1.jpg 1000w\" sizes=\"auto, (max-width: 300px) 100vw, 300px\" \/>Nuestra furgoneta le recoger\u00e1 de un Riad u hotel en Marrakech a las 07:00 am. Viajamos hacia las monta\u00f1as del Atlas Hgih. Cruzamos el paso de Tichka. Es un camino serpenteante de 2260 m de altura. Muchos pueblos bereberes se encuentran en esta zona. Ofrecen una vista maravillosa a la monta\u00f1a del Alto Atlas y al paso de Tichka. Tenemos una pausa para tomar algunas fotos de esta maravillosa \u00e1rea. La Kasbah Ait Ben Haddou es un sitio de la UNESCO y escenario de muchas pel\u00edculas occidentales. Est\u00e1 cerca de un r\u00edo salado. Esta Kasbah ha servido de escenario para pel\u00edculas famosas como Gladiator, Prince of Persia, Scorpion King y otras. Esta fortaleza es una piedra angular en la historia del sur de Marruecos.<\/p>\n<p><img loading=\"lazy\" decoding=\"async\" class=\"size-medium wp-image-209 alignright\" src=\"https:\/\/moroccoachieveyourtravel.com\/es\/wp-content\/uploads\/2018\/12\/ouarzazate3-300x200.jpg\" alt=\"\" width=\"300\" height=\"200\" srcset=\"https:\/\/moroccoachieveyourtravel.com\/es\/wp-content\/uploads\/2018\/12\/ouarzazate3-300x200.jpg 300w, https:\/\/moroccoachieveyourtravel.com\/es\/wp-content\/uploads\/2018\/12\/ouarzazate3-768x512.jpg 768w, https:\/\/moroccoachieveyourtravel.com\/es\/wp-content\/uploads\/2018\/12\/ouarzazate3.jpg 1000w\" sizes=\"auto, (max-width: 300px) 100vw, 300px\" \/>Deambulamos por sus calles y tomamos fotos desde un lugar pintoresco de la Kasbah. Disfrutamos de una hora entre paredes y casas de barro. Aonther hace una pausa para almorzar en un restaurante con vistas panor\u00e1micas de la Kasbah de Ait Ben Haddou. Despu\u00e9s de la segunda pausa, pasamos a los Estudios Atlas. Es un studo donde los cineastas trabajan en las pel\u00edculas. Aqu\u00ed, encontramos recortes de muchas pel\u00edculas del oeste. Nuestro viaje se dirige a la ciudad de Ouarzazate para visitar la Kasbah de Taourirt. Era la residencia formal del gobernante del sur de Marruecos. Aqu\u00ed conocer\u00e1 la historia de la Kasbah. \u00bfY c\u00f3mo un gobernante de una kasbah vive dentro de una kasbah. Nuestro viaje llega hasta la Kasbah de Tifoultot, una Kasbah en ruinas en el sur de Marruecos. A las 16:00 horas, dejaremos la Puerta del Desierto para volver a Marrakech, la capital de Palm o la ciudad roja. Pasamos de nuevo por el paso de Tichka para poner los pies en Marrakech a las 07:00 horas, nuestro conductor le dejar\u00e1 en su hotel o Riad, lo que concluye nuestros servicios.<\/p>\n","protected":false},"excerpt":{"rendered":"<p>A los pies de las monta\u00f1as del Alto Atlas. Nuestra furgoneta le recoger\u00e1 de un Riad u hotel en Marrakech a las 07:00 am. Viajamos hacia las monta\u00f1as del Atlas Hgih. Cruzamos el paso de Tichka. Es un camino serpenteante de 2260 m de altura. Muchos pueblos bereberes se encuentran en esta zona. Ofrecen una<\/p>\n","protected":false},"author":1,"featured_media":0,"parent":0,"menu_order":0,"comment_status":"closed","ping_status":"closed","template":"","meta":{"ngg_post_thumbnail":0,"footnotes":""},"class_list":["post-30","page","type-page","status-publish","hentry"],"_links":{"self":[{"href":"https:\/\/moroccoachieveyourtravel.com\/es\/wp-json\/wp\/v2\/pages\/30","targetHints":{"allow":["GET"]}}],"collection":[{"href":"https:\/\/moroccoachieveyourtravel.com\/es\/wp-json\/wp\/v2\/pages"}],"about":[{"href":"https:\/\/moroccoachieveyourtravel.com\/es\/wp-json\/wp\/v2\/types\/page"}],"author":[{"embeddable":true,"href":"https:\/\/moroccoachieveyourtravel.com\/es\/wp-json\/wp\/v2\/users\/1"}],"replies":[{"embeddable":true,"href":"https:\/\/moroccoachieveyourtravel.com\/es\/wp-json\/wp\/v2\/comments?post=30"}],"version-history":[{"count":6,"href":"https:\/\/moroccoachieveyourtravel.com\/es\/wp-json\/wp\/v2\/pages\/30\/revisions"}],"predecessor-version":[{"id":201,"href":"https:\/\/moroccoachieveyourtravel.com\/es\/wp-json\/wp\/v2\/pages\/30\/revisions\/201"}],"wp:attachment":[{"href":"https:\/\/moroccoachieveyourtravel.com\/es\/wp-json\/wp\/v2\/media?parent=30"}],"curies":[{"name":"wp","href":"https:\/\/api.w.org\/{rel}","templated":true}]}}