{"id":32,"date":"2018-12-27T14:03:31","date_gmt":"2018-12-27T14:03:31","guid":{"rendered":"https:\/\/moroccoachieveyourtravel.com\/wp\/?page_id=32"},"modified":"2018-12-30T15:49:25","modified_gmt":"2018-12-30T15:49:25","slug":"excursion-zagora","status":"publish","type":"page","link":"https:\/\/moroccoachieveyourtravel.com\/es\/excursion-zagora\/","title":{"rendered":"Excursi\u00f3n Zagora"},"content":{"rendered":"<h4><img loading=\"lazy\" decoding=\"async\" class=\"size-medium wp-image-225 alignright\" src=\"https:\/\/moroccoachieveyourtravel.com\/es\/wp-content\/uploads\/2018\/12\/zagora1-300x200.jpg\" alt=\"\" width=\"300\" height=\"200\" srcset=\"https:\/\/moroccoachieveyourtravel.com\/es\/wp-content\/uploads\/2018\/12\/zagora1-300x200.jpg 300w, https:\/\/moroccoachieveyourtravel.com\/es\/wp-content\/uploads\/2018\/12\/zagora1-768x512.jpg 768w, https:\/\/moroccoachieveyourtravel.com\/es\/wp-content\/uploads\/2018\/12\/zagora1.jpg 1000w\" sizes=\"auto, (max-width: 300px) 100vw, 300px\" \/>Cabalga en camello por el desierto de Marruecos!<\/h4>\n<p>Zagora es una ciudad hist\u00f3rica en Marruecos, es una ciudad des\u00e9rtica con un clima encantador. Era un punto de encuentro de las caravanas comerciales en \u00c1frica. Hay una se\u00f1al que perpet\u00faa la importancia de Zagora. Adem\u00e1s, es un lugar perfecto para relajarse y descansar en un centro des\u00e9rtico, para dar el mejor paseo en camello de la historia y ver un cielo lleno de estrellas.<\/p>\n<h4>La gira de dos d\u00edas de Zagora por el desierto de Marruecos:<\/h4>\n<p><strong><img loading=\"lazy\" decoding=\"async\" class=\"size-medium wp-image-226 alignright\" src=\"https:\/\/moroccoachieveyourtravel.com\/es\/wp-content\/uploads\/2018\/12\/zagora2-300x200.jpg\" alt=\"\" width=\"300\" height=\"200\" srcset=\"https:\/\/moroccoachieveyourtravel.com\/es\/wp-content\/uploads\/2018\/12\/zagora2-300x200.jpg 300w, https:\/\/moroccoachieveyourtravel.com\/es\/wp-content\/uploads\/2018\/12\/zagora2-768x512.jpg 768w, https:\/\/moroccoachieveyourtravel.com\/es\/wp-content\/uploads\/2018\/12\/zagora2.jpg 1000w\" sizes=\"auto, (max-width: 300px) 100vw, 300px\" \/>D\u00eda 1: Marrakech &#8211; Paso Tichka &#8211; Ait Ben Haddou &#8211; Ourzazate &#8211; Agdez &#8211; Zagora.<\/strong><\/p>\n<p>Primero, salimos de Marrakech a las 07:00 desde un Riad u Hotel, donde usted se hospeda. Luego, nos dirigimos a la fortaleza de Ait Ben Haddou a trav\u00e9s del conocido paso de Tichka -2260 m-. En Tichka, nos detendremos para tomar fotos de los picos esc\u00e9nicos de las monta\u00f1as del Alto Atlas y de los encantadores pueblos bereberes. En segundo lugar, llegamos a la Kasbah de Ait Beh Haddou; es un sitio de la UNESCO y un escenario para muchas pel\u00edculas in\u00fatiles. Despu\u00e9s de Ait Ben Haddou, nos dirigimos a Ouarzazate para ver Atlas Studio, Tifoultoute Kasbah y Taourirt Kasbah, y luego nos dirigimos a Agdez, un hermoso pueblo en el valle del Draa. Finalmente, antes del atardecer llegamos a Zagora. Hacemos un paseo en camello por dos horas para llegar a un campamento en el desierto, donde pasaremos la noche, tendremos una deliciosa cena y bailaremos sobre ritmos de m\u00fasica local.<\/p>\n<p><strong><img loading=\"lazy\" decoding=\"async\" class=\"size-medium wp-image-227 alignright\" src=\"https:\/\/moroccoachieveyourtravel.com\/es\/wp-content\/uploads\/2018\/12\/zagora3-300x200.jpg\" alt=\"\" width=\"300\" height=\"200\" srcset=\"https:\/\/moroccoachieveyourtravel.com\/es\/wp-content\/uploads\/2018\/12\/zagora3-300x200.jpg 300w, https:\/\/moroccoachieveyourtravel.com\/es\/wp-content\/uploads\/2018\/12\/zagora3-768x512.jpg 768w, https:\/\/moroccoachieveyourtravel.com\/es\/wp-content\/uploads\/2018\/12\/zagora3.jpg 1000w\" sizes=\"auto, (max-width: 300px) 100vw, 300px\" \/>D\u00eda 2: Zagora &#8211; Ouarzazate &#8211; Marrakech.<\/strong><\/p>\n<p>En este d\u00eda, vamos a despertar temprano para tener una experiencia excepcional. Tendremos un paseo en camello temprano para tomar fotos del amanecer en el centro del desierto de Marruecos. Luego, regresamos al campamento del desierto para tomar un desayuno bereber. Y luego volvemos a Marrakech. En nuestro camino de vuelta, pasaremos por el paso de Ait Saouen, Ouarzazate y el paso de Tichka de nuevo. Adem\u00e1s, disfrutaremos de una vista panor\u00e1mica de los palmerales del valle del Draa y de los peque\u00f1os pueblos de arcilla dispersos en el camino a Marrakech. Adem\u00e1s, veremos maravillosos Picos de Monta\u00f1as de \u00c1tlas Altas.<\/p>\n","protected":false},"excerpt":{"rendered":"<p>Cabalga en camello por el desierto de Marruecos! Zagora es una ciudad hist\u00f3rica en Marruecos, es una ciudad des\u00e9rtica con un clima encantador. Era un punto de encuentro de las caravanas comerciales en \u00c1frica. Hay una se\u00f1al que perpet\u00faa la importancia de Zagora. Adem\u00e1s, es un lugar perfecto para relajarse y descansar en un centro<\/p>\n","protected":false},"author":1,"featured_media":0,"parent":0,"menu_order":0,"comment_status":"closed","ping_status":"closed","template":"","meta":{"ngg_post_thumbnail":0,"footnotes":""},"class_list":["post-32","page","type-page","status-publish","hentry"],"_links":{"self":[{"href":"https:\/\/moroccoachieveyourtravel.com\/es\/wp-json\/wp\/v2\/pages\/32","targetHints":{"allow":["GET"]}}],"collection":[{"href":"https:\/\/moroccoachieveyourtravel.com\/es\/wp-json\/wp\/v2\/pages"}],"about":[{"href":"https:\/\/moroccoachieveyourtravel.com\/es\/wp-json\/wp\/v2\/types\/page"}],"author":[{"embeddable":true,"href":"https:\/\/moroccoachieveyourtravel.com\/es\/wp-json\/wp\/v2\/users\/1"}],"replies":[{"embeddable":true,"href":"https:\/\/moroccoachieveyourtravel.com\/es\/wp-json\/wp\/v2\/comments?post=32"}],"version-history":[{"count":5,"href":"https:\/\/moroccoachieveyourtravel.com\/es\/wp-json\/wp\/v2\/pages\/32\/revisions"}],"predecessor-version":[{"id":272,"href":"https:\/\/moroccoachieveyourtravel.com\/es\/wp-json\/wp\/v2\/pages\/32\/revisions\/272"}],"wp:attachment":[{"href":"https:\/\/moroccoachieveyourtravel.com\/es\/wp-json\/wp\/v2\/media?parent=32"}],"curies":[{"name":"wp","href":"https:\/\/api.w.org\/{rel}","templated":true}]}}