{"id":34,"date":"2018-12-27T14:03:48","date_gmt":"2018-12-27T14:03:48","guid":{"rendered":"https:\/\/moroccoachieveyourtravel.com\/wp\/?page_id=34"},"modified":"2018-12-30T15:47:55","modified_gmt":"2018-12-30T15:47:55","slug":"excursion-merzouga","status":"publish","type":"page","link":"https:\/\/moroccoachieveyourtravel.com\/es\/excursion-merzouga\/","title":{"rendered":"Excursi\u00f3n Merzouga"},"content":{"rendered":"<h4>Una gran experiencia en tres d\u00edas!<\/h4>\n<p><img loading=\"lazy\" decoding=\"async\" class=\"size-medium wp-image-211 alignright\" src=\"https:\/\/moroccoachieveyourtravel.com\/es\/wp-content\/uploads\/2018\/12\/camel2-300x200.jpg\" alt=\"\" width=\"300\" height=\"200\" srcset=\"https:\/\/moroccoachieveyourtravel.com\/es\/wp-content\/uploads\/2018\/12\/camel2-300x200.jpg 300w, https:\/\/moroccoachieveyourtravel.com\/es\/wp-content\/uploads\/2018\/12\/camel2-768x512.jpg 768w, https:\/\/moroccoachieveyourtravel.com\/es\/wp-content\/uploads\/2018\/12\/camel2.jpg 1000w\" sizes=\"auto, (max-width: 300px) 100vw, 300px\" \/>En tres d\u00edas a Merzouga, se puede sentir Marruecos en sus monta\u00f1as, gargantas y desierto. El viaje de tres d\u00edas a Merzouga es un viaje m\u00e1gico donde se puede sentir la alegr\u00eda de las monta\u00f1as del Alto Atlas, ver el saludo de los Gogres de Todra y Dades y disfrutar del c\u00e1lido desierto. Adem\u00e1s, puedes ver un cielo lleno de estrellas y puedes nombrar constelaciones. Luego montas en un camello manso durante dos horas para adentrarte en el desierto y hundirte entre las dunas. Adem\u00e1s, la altitud del Atlas le har\u00e1 sentir la grandeza de los marroqu\u00edes.<\/p>\n<h4>Tres maravillosos d\u00edas en el glamoroso desierto:<\/h4>\n<p><strong><img loading=\"lazy\" decoding=\"async\" class=\"size-medium wp-image-213 alignright\" src=\"https:\/\/moroccoachieveyourtravel.com\/es\/wp-content\/uploads\/2018\/12\/marrakech-300x200.jpg\" alt=\"\" width=\"300\" height=\"200\" srcset=\"https:\/\/moroccoachieveyourtravel.com\/es\/wp-content\/uploads\/2018\/12\/marrakech-300x200.jpg 300w, https:\/\/moroccoachieveyourtravel.com\/es\/wp-content\/uploads\/2018\/12\/marrakech-768x512.jpg 768w, https:\/\/moroccoachieveyourtravel.com\/es\/wp-content\/uploads\/2018\/12\/marrakech.jpg 1000w\" sizes=\"auto, (max-width: 300px) 100vw, 300px\" \/>D\u00eda 1: Marrakech &#8211; Ait Ben Haddou &#8211; Gargantas del Dades.<\/strong><\/p>\n<p>A las 07:00 am, le recogemos de su hotel o Riad en Marrakech y nos dirigimos a las monta\u00f1as del Alto Atlas. En Monta\u00f1as, hacemos una pausa para tomar fotos en el Paso Tichka de 2260 metros de altura, tomamos instant\u00e1neas de los picos del Atlas, pueblos de Beber y arboledas de vegetaci\u00f3n. Luego, nos dirigimos al fuerte de Ait Ben Haddou; es un sitio de la UNESCO y un escenario para muchas pel\u00edculas del oeste. Disfrutamos de una gran visita al sitio, luego nos dirigimos a Ouarzazate y luego a las Gargantas del Dades.<\/p>\n<p><strong>D\u00eda 2: Gargantas del Dades &#8211; Gargantas del Todra &#8211; Rissani- Merzouga &#8211; Dunas del Desierto.<\/strong><\/p>\n<p><img loading=\"lazy\" decoding=\"async\" class=\"size-medium wp-image-214 alignright\" src=\"https:\/\/moroccoachieveyourtravel.com\/es\/wp-content\/uploads\/2018\/12\/boulman-300x200.jpg\" alt=\"\" width=\"300\" height=\"200\" srcset=\"https:\/\/moroccoachieveyourtravel.com\/es\/wp-content\/uploads\/2018\/12\/boulman-300x200.jpg 300w, https:\/\/moroccoachieveyourtravel.com\/es\/wp-content\/uploads\/2018\/12\/boulman-768x512.jpg 768w, https:\/\/moroccoachieveyourtravel.com\/es\/wp-content\/uploads\/2018\/12\/boulman.jpg 1000w\" sizes=\"auto, (max-width: 300px) 100vw, 300px\" \/>Despu\u00e9s de un delicioso desayuno en el hotel, comenzamos nuestra expedici\u00f3n al desierto. Primero, visitamos las gargantas del Todra y paseamos por sus espacios. Segundo, continuamos hacia el desierto pasando por los bosques de Plam y la ciudad santa de Rissani. En Rissani, hacemos una pausa para descansar y relajarnos y luego continuamos hacia las m\u00e1gicas dunas del desierto. Tercero, llegamos a Merzouga para comenzar nuestra encantadora caminata en camello para adentrarnos en el desierto y ahogarnos en las hermosas dunas del desierto. Adem\u00e1s, disfrutamos de ver la puesta de sol sobre el lomo de un camello. Finalmente llegamos a nuestro campamento en el desierto, donde pasamos la noche y disfrutamos de la noche viendo estrellas en el cielo y bailando al ritmo de la m\u00fasica local.<\/p>\n<p><strong><img loading=\"lazy\" decoding=\"async\" class=\"size-medium wp-image-215 alignright\" src=\"https:\/\/moroccoachieveyourtravel.com\/es\/wp-content\/uploads\/2018\/12\/camel1-300x200.jpg\" alt=\"\" width=\"300\" height=\"200\" srcset=\"https:\/\/moroccoachieveyourtravel.com\/es\/wp-content\/uploads\/2018\/12\/camel1-300x200.jpg 300w, https:\/\/moroccoachieveyourtravel.com\/es\/wp-content\/uploads\/2018\/12\/camel1-768x512.jpg 768w, https:\/\/moroccoachieveyourtravel.com\/es\/wp-content\/uploads\/2018\/12\/camel1.jpg 1000w\" sizes=\"auto, (max-width: 300px) 100vw, 300px\" \/>D\u00eda 3: Merzouga- Ouarzazate- Marrakech.<\/strong><\/p>\n<p>Despu\u00e9s de una noche seductora en el desierto, comenzamos otro d\u00eda glamoroso de nuevo viendo la primera luz del d\u00eda, tenemos otro fascinante paseo en camello, luego vamos a las tiendas de campa\u00f1a para desayunar. Y luego regresamos a Marrakech. Pasamos por la Kasbah de Tifoultoute, Ouarzazate y el paso de Tichka y luego llegamos a Marrakech antes del anochecer. Le dejamos en un hotel Riad o z en Marrakech para terminar nuestro servicio.<\/p>\n","protected":false},"excerpt":{"rendered":"<p>Una gran experiencia en tres d\u00edas! En tres d\u00edas a Merzouga, se puede sentir Marruecos en sus monta\u00f1as, gargantas y desierto. El viaje de tres d\u00edas a Merzouga es un viaje m\u00e1gico donde se puede sentir la alegr\u00eda de las monta\u00f1as del Alto Atlas, ver el saludo de los Gogres de Todra y Dades y<\/p>\n","protected":false},"author":1,"featured_media":0,"parent":0,"menu_order":0,"comment_status":"closed","ping_status":"closed","template":"","meta":{"ngg_post_thumbnail":0,"footnotes":""},"class_list":["post-34","page","type-page","status-publish","hentry"],"_links":{"self":[{"href":"https:\/\/moroccoachieveyourtravel.com\/es\/wp-json\/wp\/v2\/pages\/34","targetHints":{"allow":["GET"]}}],"collection":[{"href":"https:\/\/moroccoachieveyourtravel.com\/es\/wp-json\/wp\/v2\/pages"}],"about":[{"href":"https:\/\/moroccoachieveyourtravel.com\/es\/wp-json\/wp\/v2\/types\/page"}],"author":[{"embeddable":true,"href":"https:\/\/moroccoachieveyourtravel.com\/es\/wp-json\/wp\/v2\/users\/1"}],"replies":[{"embeddable":true,"href":"https:\/\/moroccoachieveyourtravel.com\/es\/wp-json\/wp\/v2\/comments?post=34"}],"version-history":[{"count":6,"href":"https:\/\/moroccoachieveyourtravel.com\/es\/wp-json\/wp\/v2\/pages\/34\/revisions"}],"predecessor-version":[{"id":271,"href":"https:\/\/moroccoachieveyourtravel.com\/es\/wp-json\/wp\/v2\/pages\/34\/revisions\/271"}],"wp:attachment":[{"href":"https:\/\/moroccoachieveyourtravel.com\/es\/wp-json\/wp\/v2\/media?parent=34"}],"curies":[{"name":"wp","href":"https:\/\/api.w.org\/{rel}","templated":true}]}}