{"id":47,"date":"2018-12-27T14:10:37","date_gmt":"2018-12-27T14:10:37","guid":{"rendered":"https:\/\/moroccoachieveyourtravel.com\/wp\/?page_id=47"},"modified":"2019-01-08T15:07:53","modified_gmt":"2019-01-08T15:07:53","slug":"4-dias-desde-marrakech-hasta-el-desierto-de-merzouga","status":"publish","type":"page","link":"https:\/\/moroccoachieveyourtravel.com\/es\/4-dias-desde-marrakech-hasta-el-desierto-de-merzouga\/","title":{"rendered":"4 D\u00edas desde Marrakech hasta el desierto de Merzouga"},"content":{"rendered":"<h4>D\u00cdA 1: MARRAKECH &#8211; AIT BEN HADDOU &#8211; VALLE DEL DADES<\/h4>\n<p>Le recogeremos de su hotel para comenzar su aventura con un viaje inolvidable desde Marrakech hasta las gargantas del Dades a trav\u00e9s de las monta\u00f1as del Alto Atlas. Suba por el paso de Tizi N&#8217;Tichka (2.260 m) y contemple hermosos pueblos suspendidos en los flancos de las monta\u00f1as. Luego nos dirigimos a Ouarzazate a trav\u00e9s del implacable desierto de piedra, para visitar la Kasbah de Taourirt, y los conocidos estudios de cine. Despu\u00e9s del almuerzo, disfrute de su viaje a trav\u00e9s del valle del Dades a lo largo de la famosa carretera de las mil Kasbahs, pasando por la fascinante ciudad de Skoura, hasta llegar a Kelaat Magouna, famosa por sus rosas. Despu\u00e9s de llegar a Boumalne Dades, disfrute de la cena y acom\u00f3dese para pasar la noche.<\/p>\n<h4>D\u00cdA 2: GARGANTAS DEL DADES &#8211; TINGHIR &#8211; ERFOUD &#8211; MERZOUGA<\/h4>\n<p>Salida por la ma\u00f1ana hacia el paisaje siempre cambiante de las dunas de Merzouga. Despu\u00e9s del oasis de Tinghir, viaje a trav\u00e9s de palmerales hacia las gargantas del Todra. Aqu\u00ed, los acantilados de piedra caliza aparecen como una abertura, tallada a trav\u00e9s de los espectaculares picos del macizo del Todra, antes de sumergirse en el lecho plano de un r\u00edo. Los picos se elevan hasta (300 m) por encima de las gargantas del Todra, que serpentean desde su nacimiento en las monta\u00f1as del Alto Atlas. Camine a trav\u00e9s de las gargantas y los palmerales en el tiempo libre. Despu\u00e9s del almuerzo, continuaremos hacia los palmerales de Tinjdad y Erfoud. La excursi\u00f3n continuar\u00e1 hacia Merzouga, donde disfrutar\u00e1 de un paseo en camello a trav\u00e9s de las fascinantes dunas de Erg Chebbi. Haga una pausa para ver la hermosa puesta de sol y ver las dunas de arena moverse como esculturas en movimiento en forma de cortinas. Observe como los colores var\u00edan de acuerdo a la intensidad de la luz, y vea c\u00f3mo act\u00faan como las paredes vivientes del desierto, las m\u00e1s altas alcanzando una magn\u00edfica (150 m). Pase una noche m\u00e1gica bajo las estrellas en tiendas n\u00f3madas.<\/p>\n<h4>D\u00cdA 3: MERZOUGA &#8211; TAZZARINE &#8211; AGDEZ &#8211; OUARZAZATE<\/h4>\n<p>Despertarse temprano para dar un paseo en camello y ver el impresionante amanecer. Luego regresa al hotel para refrescarte y desayunar. Salida hacia el Palmar de Tafilalet y la ciudad de Rissani, donde se origin\u00f3 la dinast\u00eda Alaouite. Exploraremos la antigua capital de los sultanes alauitas antes de continuar hacia el pueblo de Alnif, donde tomaremos la carretera que cruza la cadena Jbel Saghro Anti-Atlas. Observe las monta\u00f1as de color negro gris\u00e1ceo de formas diferentes y notables a medida que contin\u00faa hacia el principal pueblo bereber de Tazzarine y N&#8217;kob y luego maneje hasta el valle del Draa con sus hileras de palmeras majestuosas. Por la tarde, viaje a Ouarzazate a trav\u00e9s de la monta\u00f1a Anti-Atlas, a trav\u00e9s de Tizi N&#8217;Tniffift. Pasar\u00e1 la noche en una Riad o Kasbah en Ouarzazate.<\/p>\n<h4>D\u00cdA 4: OUARZAZATE &#8211; MONTA\u00d1AS DE ATLAS &#8211; MARRAKECH<\/h4>\n<p>Saliendo de Ouarzazate por la ma\u00f1ana, visitaremos Ait Ben Haddou, Patrimonio de la Humanidad de la UNESCO, la Kasbah m\u00e1s impresionante y bien conservada de Marruecos. El sitio ha sido el lugar de rodaje de muchas pel\u00edculas, incluyendo &#8220;La momia&#8221;, &#8220;Gladiador&#8221;, &#8220;7 d\u00edas en el T\u00edbet&#8221;, &#8220;Alexand er el Grande&#8221; y &#8220;Babel&#8221;. &#8230; Salga de Ait Ben Haddou y dir\u00edjase hacia las majestuosas monta\u00f1as del Atlas. Cruzando las monta\u00f1as del Alto Atlas a trav\u00e9s del paso m\u00e1s alto de Marruecos Tizi N&#8217;Tichka 2260m de altura, ofreciendo impresionantes vistas sobre los valles, monta\u00f1as y muchos otros pueblos bereberes cercanos. Llegada por la tarde.<\/p>\n","protected":false},"excerpt":{"rendered":"<p>D\u00cdA 1: MARRAKECH &#8211; AIT BEN HADDOU &#8211; VALLE DEL DADES Le recogeremos de su hotel para comenzar su aventura con un viaje inolvidable desde Marrakech hasta las gargantas del Dades a trav\u00e9s de las monta\u00f1as del Alto Atlas. Suba por el paso de Tizi N&#8217;Tichka (2.260 m) y contemple hermosos pueblos suspendidos en los<\/p>\n","protected":false},"author":1,"featured_media":0,"parent":0,"menu_order":0,"comment_status":"closed","ping_status":"closed","template":"","meta":{"ngg_post_thumbnail":0,"footnotes":""},"class_list":["post-47","page","type-page","status-publish","hentry"],"_links":{"self":[{"href":"https:\/\/moroccoachieveyourtravel.com\/es\/wp-json\/wp\/v2\/pages\/47","targetHints":{"allow":["GET"]}}],"collection":[{"href":"https:\/\/moroccoachieveyourtravel.com\/es\/wp-json\/wp\/v2\/pages"}],"about":[{"href":"https:\/\/moroccoachieveyourtravel.com\/es\/wp-json\/wp\/v2\/types\/page"}],"author":[{"embeddable":true,"href":"https:\/\/moroccoachieveyourtravel.com\/es\/wp-json\/wp\/v2\/users\/1"}],"replies":[{"embeddable":true,"href":"https:\/\/moroccoachieveyourtravel.com\/es\/wp-json\/wp\/v2\/comments?post=47"}],"version-history":[{"count":5,"href":"https:\/\/moroccoachieveyourtravel.com\/es\/wp-json\/wp\/v2\/pages\/47\/revisions"}],"predecessor-version":[{"id":311,"href":"https:\/\/moroccoachieveyourtravel.com\/es\/wp-json\/wp\/v2\/pages\/47\/revisions\/311"}],"wp:attachment":[{"href":"https:\/\/moroccoachieveyourtravel.com\/es\/wp-json\/wp\/v2\/media?parent=47"}],"curies":[{"name":"wp","href":"https:\/\/api.w.org\/{rel}","templated":true}]}}