{"id":49,"date":"2018-12-27T14:11:32","date_gmt":"2018-12-27T14:11:32","guid":{"rendered":"https:\/\/moroccoachieveyourtravel.com\/wp\/?page_id=49"},"modified":"2019-01-08T15:08:15","modified_gmt":"2019-01-08T15:08:15","slug":"5-dias-de-marrakech-al-desierto-del-sahara-merzouga","status":"publish","type":"page","link":"https:\/\/moroccoachieveyourtravel.com\/es\/5-dias-de-marrakech-al-desierto-del-sahara-merzouga\/","title":{"rendered":"5 D\u00edas desde Marrakech al desierto del Sahara Merzouga"},"content":{"rendered":"<h4>D\u00cdA 1: MARRAKECH &#8211; PASO TICHKA &#8211; AIT BEN HADDOU KASBAH &#8211; OUARZAZA &#8211; VALLE DE PAPAS:<\/h4>\n<p>El tour comienza desde Marrakech a las 8:00 am recogi\u00e9ndole en su hotel\/riad o aeropuerto, conduciremos durante aproximadamente 2 horas a trav\u00e9s de las monta\u00f1as del Atlas a trav\u00e9s del Paso Tizi &#8216;n Tichka y sobre las monta\u00f1as del Alto Atlas, parando para tomar fotos de los pueblos bereberes; despu\u00e9s del desayuno. Nos detendremos para visitar la ciudad de Telouet y su antigua Kasbah del siglo XVII. A continuaci\u00f3n, nos dirigiremos en direcci\u00f3n a Ourzazate, donde visitaremos la Kasbah Ait Ben Haddou, protegida por la UNESCO, y la Kasbah Taourirt, una de las m\u00e1s bellas de la zona, y almorzaremos all\u00ed. Despu\u00e9s, iremos a Skoura, una ciudad que domina muchas otras hermosas Kasbahs, especialmente la Kasbah de Ameridhil del siglo XVIII, y luego llegaremos a KalaatMgouna &#8211; famosa por las rosas y su festival anual durante la cosecha de las rosas en mayo. Despu\u00e9s nos detendremos en la cena de los padres de Boumaln y pasaremos la noche en un riad local.<\/p>\n<h4>D\u00cdA 2 : EXPLORANDO EL DESFILADERO DE PAP\u00c1S Y EL SENDERISMO POR EL VALLE DE LAS ROSAS..:<\/h4>\n<p>Despu\u00e9s del desayuno empezaremos a explorar y hacer senderismo en el desfiladero de pap\u00e1 y sus paisajes y en muchos pueblos bereberes, haremos todas las paradas que quieras en estos pueblos, conocer\u00e1s a todo tipo de agricultores, familias bereberes y ni\u00f1os corriendo. No hay senderos dif\u00edciles. Viajar de esta manera le permite empaparse de la cultura de la zona, as\u00ed como ver las monta\u00f1as que le rodean. presentando un hermoso paisaje para las fotos, especialmente con las Kasbahs Despu\u00e9s conduciremos hasta el valle de mgoun para caminar a lo largo del r\u00edo lleno de pueblos bereberes tradicionales&#8230; al final de la tarde regresaremos a su riad para pasar la noche y disfrutar de esta regi\u00f3n de la calma y el encanto<\/p>\n<h4>D\u00cdA 3: VALLE DEL DADES &#8211; GARGANTA DEL TODGHA &#8211; ERFOUD &#8211; MERZOUGA :<\/h4>\n<p>Hoy puede ser el mejor de todos. Despu\u00e9s del desayuno en el riad nos dirigiremos a las gargantas del Todgha donde tendr\u00e1 tiempo libre para disfrutar de las vistas panor\u00e1micas de los pueblos bereberes con vistas al valle, y caminar bajo el acantilado de 300 metros de altura, donde muchos escaladores de roca vienen a disfrutar de su deporte preferido. A continuaci\u00f3n, el viaje contin\u00faa hacia Merzouga pasando por tinjdad (hora de comer) erfoud y er-rissani. Se le dar\u00e1 la bienvenida con un vaso de t\u00e9 a la menta y un turbante (bufanda del desierto), tendr\u00e1 tiempo libre para sentir el desierto.<\/p>\n<h4>D\u00cdA 4: EXPLORACI\u00d3N DEL \u00c1REA DE MERZOUGA &#8211; CAMPAMENTO DE CAMELLOS EN EL DESIERTO:<\/h4>\n<p>Nos levantaremos temprano en la ma\u00f1ana para ver la salida del sol y volver a desayunar en su riad&#8230; hoy ser\u00e1 nuestro hu\u00e9sped en nuestra tierra natal, es hora de sentir y ver nuestro estilo de vida. Recorreremos las dunas a trav\u00e9s del oasis de MERZOUGA, hasta el dep\u00f3sito n\u00f3mada, el pueblo de KHAMLIA (un verdadero pueblo africano), donde visitaremos al pueblo Gnawa, para experimentar su m\u00fasica y su estilo de vida. No muy lejos est\u00e1 el lago de Merzouga, con sus poblaciones de p\u00e1jaros, luego se va a Rissani. Antiguamente llamado Sijilmassa, era el lugar de encuentro de las caravanas de sal, procedentes de Mal\u00ed. Aqu\u00ed usted caminar\u00e1 a trav\u00e9s del zoco, vendiendo especias, verduras y ropa. A la hora del almuerzo se puede comer una pizza local. Volveremos a merzouga donde tendr\u00e1 tiempo libre para relajarse, nadar y revivir la sensaci\u00f3n del desierto antes de montar su camello, guiados por un experimentado hombre camello para explorar el misterioso mar de arena del Erg-Chebbi y disfrutar de la belleza del desierto del S\u00e1hara, v\u00e9alo! \u00a1Si\u00e9ntelo! Me encanta. En sus tiendas n\u00f3madas tendr\u00e1 tiempo para relajarse y disfrutar de la puesta de sol sobre las dunas doradas. No hay palabras para describir la magia sencilla, profunda e impresionante de ver la puesta de sol sobre las dunas doradas y, por \u00faltimo, cenar frente al campamento, donde pasar\u00e1s tu primera noche bajo el lienzo o, si lo prefieres, bajo las estrellas. A petici\u00f3n suya, podemos traer m\u00fasicos n\u00f3madas bereberes para que toquen m\u00fasica tradicional con tambores y bailes alrededor de la hoguera. Para su comodidad, nuestro campamento est\u00e1 equipado con ba\u00f1os y duchas occidentales.<\/p>\n<h4>D\u00cdA 5: MERZOUGA &#8211; RISSANI &#8211; OUARZAZATE &#8211; MARRAKECH:<\/h4>\n<p>El hombre camellero te despertar\u00e1 temprano por la ma\u00f1ana para ver uno de los mejores amaneceres del mundo. Escalar la arena para experimentarla a menudo est\u00e1 en la mente de nuestros visitantes&#8230; y luego volver\u00e1s en camello al pueblo de Merzouga para admirar la belleza \u00fanica de las espectaculares dunas de arena de Erg Chebbi. Despu\u00e9s del desayuno en el Riad, saldr\u00e1 hacia Marrakech a trav\u00e9s del valle del Draa disfrutando de su oasis y de su edificio hist\u00f3rico y sus paisajes&#8230; Llegaremos a Marrakech por la tarde, donde terminar\u00e1 nuestra excursi\u00f3n dej\u00e1ndole en el lugar que usted elija, ya sea un hotel o un riad.<\/p>\n","protected":false},"excerpt":{"rendered":"<p>D\u00cdA 1: MARRAKECH &#8211; PASO TICHKA &#8211; AIT BEN HADDOU KASBAH &#8211; OUARZAZA &#8211; VALLE DE PAPAS: El tour comienza desde Marrakech a las 8:00 am recogi\u00e9ndole en su hotel\/riad o aeropuerto, conduciremos durante aproximadamente 2 horas a trav\u00e9s de las monta\u00f1as del Atlas a trav\u00e9s del Paso Tizi &#8216;n Tichka y sobre las monta\u00f1as<\/p>\n","protected":false},"author":1,"featured_media":0,"parent":0,"menu_order":0,"comment_status":"closed","ping_status":"closed","template":"","meta":{"ngg_post_thumbnail":0,"footnotes":""},"class_list":["post-49","page","type-page","status-publish","hentry"],"_links":{"self":[{"href":"https:\/\/moroccoachieveyourtravel.com\/es\/wp-json\/wp\/v2\/pages\/49","targetHints":{"allow":["GET"]}}],"collection":[{"href":"https:\/\/moroccoachieveyourtravel.com\/es\/wp-json\/wp\/v2\/pages"}],"about":[{"href":"https:\/\/moroccoachieveyourtravel.com\/es\/wp-json\/wp\/v2\/types\/page"}],"author":[{"embeddable":true,"href":"https:\/\/moroccoachieveyourtravel.com\/es\/wp-json\/wp\/v2\/users\/1"}],"replies":[{"embeddable":true,"href":"https:\/\/moroccoachieveyourtravel.com\/es\/wp-json\/wp\/v2\/comments?post=49"}],"version-history":[{"count":6,"href":"https:\/\/moroccoachieveyourtravel.com\/es\/wp-json\/wp\/v2\/pages\/49\/revisions"}],"predecessor-version":[{"id":312,"href":"https:\/\/moroccoachieveyourtravel.com\/es\/wp-json\/wp\/v2\/pages\/49\/revisions\/312"}],"wp:attachment":[{"href":"https:\/\/moroccoachieveyourtravel.com\/es\/wp-json\/wp\/v2\/media?parent=49"}],"curies":[{"name":"wp","href":"https:\/\/api.w.org\/{rel}","templated":true}]}}