{"id":53,"date":"2018-12-27T14:12:39","date_gmt":"2018-12-27T14:12:39","guid":{"rendered":"https:\/\/moroccoachieveyourtravel.com\/wp\/?page_id=53"},"modified":"2019-01-08T15:05:30","modified_gmt":"2019-01-08T15:05:30","slug":"10-dias-desde-las-ciudades-imperiales-de-marrakech","status":"publish","type":"page","link":"https:\/\/moroccoachieveyourtravel.com\/es\/10-dias-desde-las-ciudades-imperiales-de-marrakech\/","title":{"rendered":"10 D\u00edas desde las ciudades imperiales de Marrakech"},"content":{"rendered":"<h4>D\u00eda 1: Llegada a Marrakech y check-in en el riad<\/h4>\n<p>A su llegada, le recogeremos y le llevaremos a su riad en la Medina.<\/p>\n<h4>D\u00eda 2: Explorando Marrakech<\/h4>\n<p>Despu\u00e9s del desayuno en el riad, puede empezar a explorar Marrakech &#8220;la ciudad roja de Marruecos&#8221;. Su gu\u00eda se asegurar\u00e1 de que usted vea los lugares m\u00e1s importantes de inter\u00e9s hist\u00f3rico y cultural, incluyendo las tumbas saadianas, el Palacio de Bah\u00eda y la escuela Ben Youssef Coranique. Hoy, usted tambi\u00e9n caminar\u00e1 por los zocos y disfrutar\u00e1 de los colores fascinantes y los olores maravillosos. Almuerzo en un restaurante cerca de la plaza, luego por la tarde visitaremos los Jardines Majorelle y la Torre Koutoubia.<\/p>\n<h4>D\u00eda 3: Marrakech &#8211; Essaouira &#8211; Marrakech<\/h4>\n<p>Despu\u00e9s del desayuno en su riad, comenzar\u00e1 a viajar a Essaouira, &#8220;Mogador&#8221;. Justo antes de llegar a Essaouira y como \u00e9sta es la tierra de la &#8220;cultura del arg\u00e1n&#8221;, ver\u00e1 reba\u00f1os de cabras trepando a los \u00e1rboles de arg\u00e1n en busca de mejor comida que no pueden encontrar en el suelo. Aqu\u00ed tendr\u00e1 la oportunidad de visitar la cooperativa de mujeres de aceite de arg\u00e1n donde se extrae el aceite que es famoso por sus propiedades culinarias, cosm\u00e9ticas y m\u00e9dicas. Llegaremos a Essaouira alrededor de las 11 de la ma\u00f1ana y luego comenzaremos nuestra exploraci\u00f3n de la ciudad; visitaremos la Fortaleza de Skala; veremos madera de Thuya tallada por artesanos; caminaremos por los callejones de la medina y veremos cientos de artesan\u00edas.<\/p>\n<p>Essaouira conoci\u00f3 muchas civilizaciones &#8211; incluyendo la ocupaci\u00f3n portuguesa, que afecta a gran parte de su arquitectura &#8211; sin embargo, sigue siendo un peque\u00f1o pueblo con mucha historia. Por su tama\u00f1o y sus caracter\u00edsticas puertas azules y paredes lavadas, tambi\u00e9n es considerada como la &#8220;Joya de la Atl\u00e1ntida&#8221; de Marruecos. Nuestra visita incluye el Mellah &#8211; el cuartel general jud\u00edo, y la playa. Hay un festival anual de &#8220;m\u00fasica Gnawa&#8221;, donde muchos grupos musicales vienen de diferentes partes de \u00c1frica y del mundo. Hoy almorzaremos al estilo marroqu\u00ed: pescados comprados por encargo, una experiencia muy aut\u00e9ntica. Despu\u00e9s tendr\u00e1s tiempo libre antes de que te llevemos de vuelta a Marrakech.<\/p>\n<h4>D\u00eda 4: Marrakech &#8211; Paso Tichka &#8211; Kasbah Ait Ben Haddou &#8211; Valle del Dades<\/h4>\n<p>Despu\u00e9s del desayuno en su riad, comenzar\u00e1 a viajar a Ouarzazate y al Valle del Dades a trav\u00e9s del Paso Tichka y sobre las monta\u00f1as del Alto Atlas. Hoy disfrutar\u00e1 viajando a trav\u00e9s de la dram\u00e1tica carretera del paso y las fascinantes vistas sobre los pueblos bereberes y el asombroso paisaje que cambia a medida que avanza el d\u00eda. Su primera parada ser\u00e1 en la Kasbah de Ait Ben Haddou, la m\u00e1s grande de Marruecos. Construido por el \u00faltimo cacique bereber El Glaoui Et-Hami a finales del siglo XIX, es ahora un sitio hist\u00f3rico matrimonial de la UNESCO, que todav\u00eda alberga a muchos miembros de la familia Glaoui. Almuerzo junto a la Kasbah y continuaci\u00f3n hacia Ouarzazat, &#8220;el Hollywood de \u00c1frica&#8221;.<\/p>\n<p>Despu\u00e9s del almuerzo, viaje a la garganta del Dades a trav\u00e9s de la carretera de &#8220;las Mil Kasbahs&#8221;, que ofrece muchas oportunidades de fotograf\u00eda de la naturaleza y la gente. Llegaremos a Kalaat Mgouna &#8211; famoso por las rosas y su festival anual durante la cosecha de rosas en mayo &#8211; visitaremos el zoco bereber de Kalaat Mgouna, luego continuaremos hacia Bouthaghrar a lo largo del valle de las rosas. En el valle del Dades, donde podr\u00e1 disfrutar de la asombrosa formaci\u00f3n rocosa famosa como &#8220;los dedos de los monos&#8221;.<\/p>\n<h4>D\u00eda 5: Garganta del Dades &#8211; Garganta del Todra &#8211; Merzouga<\/h4>\n<p>Despu\u00e9s del desayuno en el hotel, comenzar\u00e1 a viajar a Merzouga a trav\u00e9s de la garganta del Todra y las peque\u00f1as ciudades de Erfoud y Rissani. En el valle del Todra podr\u00e1 disfrutar de las vistas panor\u00e1micas de los antiguos pueblos bereberes de barro con vistas al valle. En Todra Gorge, tendr\u00e1 la oportunidad de caminar bajo el acantilado rojo de 300 metros de altura, muy popular entre muchos escaladores. Aqu\u00ed tendr\u00e1 tiempo para una hora de caminata dentro del valle.<\/p>\n<p>Despu\u00e9s, continuaremos nuestro viaje a Erfoud y Rissani donde almorzaremos; despu\u00e9s, saldremos hacia el pueblo de Merzouga &#8211; Despu\u00e9s de una copa de t\u00e9 de menta de bienvenida, se registrar\u00e1 en su riad.<\/p>\n<h4>D\u00eda 6: Merzouga, el desierto del Sahara<\/h4>\n<p>Despu\u00e9s del desayuno en su riad, usted comenzar\u00e1 un viaje de exploraci\u00f3n de la zona antes de caminar en camello y pasar la noche en el campamento del desierto. Hoy, usted visitar\u00e1 al pueblo Gnawa, originalmente esclavos tra\u00eddos de Sud\u00e1n, para experimentar su m\u00fasica y cultura. No muy lejos se encuentra el lago de Merzouga, con sus poblaciones de aves, dependiendo de la estaci\u00f3n del a\u00f1o. Tambi\u00e9n visitar\u00e1 el aut\u00e9ntico zoco de Rissani, aqu\u00ed podr\u00e1 pasear por los zocos, ver vegetales, d\u00e1tiles, artesan\u00edas y animales.<\/p>\n<p>Si el tiempo lo permite, tambi\u00e9n puede visitar la casa de alambre n\u00f3mada donde muchas artesan\u00edas bereberes tienen precios m\u00e1s bajos que en las grandes ciudades. Por la tarde, montar\u00e1 su camello y caminata dentro del mar de arena de Merzouga, a tiempo para disfrutar de la puesta de sol antes de cenar en el campamento donde pasar\u00e1 la noche.<\/p>\n<h4>D\u00eda 7: Merzouga &#8211; Valle del Ziz &#8211; Midelt &#8211; Azrou &#8211; Fes<\/h4>\n<p>Temprano en la ma\u00f1ana te despertaremos para ver lo que puede ser el mejor amanecer de tu vida. Regresar\u00e1 pac\u00edficamente en camello al pueblo de Merzouga. Sobre las dunas, no pod\u00eda dejar de apreciar la belleza \u00fanica de las espectaculares dunas de arena del Erg Chebbi, que cambian con la luz a medida que avanza el d\u00eda.<\/p>\n<p>Despu\u00e9s del desayuno en su riad, comenzar\u00e1 a viajar a Fez a trav\u00e9s del Valle del Ziz y Azrou. Disfrutar\u00e1 del fascinante paisaje a lo largo de las magn\u00edficas gargantas del Ziz, excavadas en la roca volc\u00e1nica, y a trav\u00e9s del paso Tizi n&#8217;Talghamt hasta Midelt. Parada en Zaida para disfrutar de una barbacoa y un refresco con un vaso de t\u00e9 de menta y luego continuar nuestro viaje a Fez. Parar\u00e1 en el Bosque de Cedros, en las monta\u00f1as Midlle Atlas, donde ver\u00e1 a los simios b\u00e1rbaros en estado salvaje. Ve a Fes al final del d\u00eda y reg\u00edstrate en tu riad.<\/p>\n<h4>D\u00eda 8: Explorando Fez<\/h4>\n<p>La mayor parte de la ma\u00f1ana se dedicar\u00e1 a visitar la medina (la ciudad vieja) y sus callejones. Comenzar\u00e1 con un recorrido a pie por las estrechas calles del laberinto, visitando las famosas curtidur\u00edas antiguas, y luego la Mezquita y la Universidad de Quaraouine, la Attarin Medersa y la Fuente de Najjarin.<\/p>\n<p>Despu\u00e9s del almuerzo en un restaurante tradicional marroqu\u00ed en la Medina, le recogeremos y conduciremos hasta el antiguo barrio jud\u00edo y el patio de la puerta del Palacio Real, donde aprender\u00e1 sobre la historia jud\u00eda en Marruecos. Su visita incluye la f\u00e1brica de azulejos y luego una maravillosa vista panor\u00e1mica sobre toda la Medina de Fez.<\/p>\n<h4>D\u00eda 9: Fez &#8211; Meknes &#8211; Rabat<\/h4>\n<p>Despu\u00e9s del desayuno en su riad, comenzar\u00e1 a viajar a Rabat v\u00eda Volubilis y Meknes. Su viaje ser\u00e1 por las monta\u00f1as del Rif y las estribaciones de Zgouta. Llegar\u00e1 a Volubilis, el bien conservado Imperio Romano en el norte de \u00c1frica, que data del a\u00f1o 25 a.C., donde podr\u00e1 ver los mosaicos m\u00e1s bellos de Marruecos que datan del siglo III a.C. Aqu\u00ed aprender\u00e1s mucho sobre la ocupaci\u00f3n y la cultura romana en Marruecos.<\/p>\n<p>Despu\u00e9s, su viaje contin\u00faa hacia Meknes, la capital ismael\u00ed de Marruecos; aqu\u00ed ver\u00e1 la fascinante puerta Bab Mansour construida por el sult\u00e1n My Ismail, el granero real y la cuenca del Sahrij Souani utilizada para el riego y la plantaci\u00f3n. Despu\u00e9s de un tiempo libre deambulando por la plaza de Lahdim, continuaremos hacia Rabat por la carretera.<\/p>\n<h4>D\u00eda 10: Rabat &#8211; Casablanca<\/h4>\n<p>Despu\u00e9s del desayuno en su riad, lo llevaremos al aeropuerto de Casablanca para su vuelo de salida.<\/p>\n","protected":false},"excerpt":{"rendered":"<p>D\u00eda 1: Llegada a Marrakech y check-in en el riad A su llegada, le recogeremos y le llevaremos a su riad en la Medina. D\u00eda 2: Explorando Marrakech Despu\u00e9s del desayuno en el riad, puede empezar a explorar Marrakech &#8220;la ciudad roja de Marruecos&#8221;. Su gu\u00eda se asegurar\u00e1 de que usted vea los lugares m\u00e1s<\/p>\n","protected":false},"author":1,"featured_media":0,"parent":0,"menu_order":0,"comment_status":"closed","ping_status":"closed","template":"","meta":{"ngg_post_thumbnail":0,"footnotes":""},"class_list":["post-53","page","type-page","status-publish","hentry"],"_links":{"self":[{"href":"https:\/\/moroccoachieveyourtravel.com\/es\/wp-json\/wp\/v2\/pages\/53","targetHints":{"allow":["GET"]}}],"collection":[{"href":"https:\/\/moroccoachieveyourtravel.com\/es\/wp-json\/wp\/v2\/pages"}],"about":[{"href":"https:\/\/moroccoachieveyourtravel.com\/es\/wp-json\/wp\/v2\/types\/page"}],"author":[{"embeddable":true,"href":"https:\/\/moroccoachieveyourtravel.com\/es\/wp-json\/wp\/v2\/users\/1"}],"replies":[{"embeddable":true,"href":"https:\/\/moroccoachieveyourtravel.com\/es\/wp-json\/wp\/v2\/comments?post=53"}],"version-history":[{"count":8,"href":"https:\/\/moroccoachieveyourtravel.com\/es\/wp-json\/wp\/v2\/pages\/53\/revisions"}],"predecessor-version":[{"id":304,"href":"https:\/\/moroccoachieveyourtravel.com\/es\/wp-json\/wp\/v2\/pages\/53\/revisions\/304"}],"wp:attachment":[{"href":"https:\/\/moroccoachieveyourtravel.com\/es\/wp-json\/wp\/v2\/media?parent=53"}],"curies":[{"name":"wp","href":"https:\/\/api.w.org\/{rel}","templated":true}]}}