{"id":55,"date":"2018-12-27T14:13:08","date_gmt":"2018-12-27T14:13:08","guid":{"rendered":"https:\/\/moroccoachieveyourtravel.com\/wp\/?page_id=55"},"modified":"2019-01-08T15:11:35","modified_gmt":"2019-01-08T15:11:35","slug":"8-dias-de-marrakech-a-merzouga","status":"publish","type":"page","link":"https:\/\/moroccoachieveyourtravel.com\/es\/8-dias-de-marrakech-a-merzouga\/","title":{"rendered":"8 D\u00edas desde Marrakech a Merzouga"},"content":{"rendered":"<h4>D\u00cdA 1: LLEGADA A MARRAKECH<\/h4>\n<p>Nuestro Marrakech Casablanca Desert Tour 8 d\u00edas comienzan con una recogida en el aeropuerto y le llevar\u00e1 al hotel donde pasar\u00e1 la noche y descansar\u00e1.<\/p>\n<h4>D\u00cdA 2: EXPLORANDO MARRAKECH<\/h4>\n<p>Empiece a explorar la ciudad despu\u00e9s de desayunar con una caminata guiada por la ciudad. En Marrakech, ver\u00e1 los Jardines -Majorelle-, el Palacio de Bah\u00eda y la Mezquita -Al Koutoubia-. Por otra parte, pasaremos la tarde en una concurrida y amplia plaza de -Jemaa El Fna-, en la que veremos a los encantadores de serpientes, a los narradores de cuentos, a varios comerciantes de comida y a actividades divertidas.<\/p>\n<h4>D\u00cdA 3: MARRAKECH &#8211; AIT BEN HADDOU &#8211; GARGANTA DEL DADES<\/h4>\n<p>Nuestro tour comienza por la ma\u00f1ana con una recogida de su Riad. Hoy ver\u00e1s Ait Ben Haddou, que es un conocido castillo que perteneci\u00f3 al Glaoui Pasha. Una Kasbah que representa un gran ejemplo de un lugar hist\u00f3rico remanente, por lo que fue uno de los m\u00faltiples sitios de la lista de Patrimonio Mundial de la UNESCO. Continuaremos por Ouarzazate y varios pueblos bereberes que son conocidos por sus grandes palmeras, sus Kasbahs y sus Ksours. Llegada a las gargantas del Dades donde pasar la noche.<\/p>\n<h4>D\u00cdA 4: BOUMALNE DADES &#8211; GARGANTAS DE TODRA &#8211; TINEJDAD &#8211; CIUDAD DE TOUROUG &#8211; ERFOUD &#8211; ERG CHEBBI (MERZOUGA)<\/h4>\n<p>Tome su desayuno, y cabalgue sobre las Gargantas del Dades antes de empezar a conducir hacia Merzouga. Nos dirigiremos a las gargantas del Todra, que son espectaculares ca\u00f1ones de piedra caliza del r\u00edo para descubrir y apreciar su belleza. Continuar por el pueblo de Tinejdad, Touroug, y Erfoud para una deliciosa pizza bereber de Medfouna. Pasaremos por el valle panor\u00e1mico -Ziz- en direcci\u00f3n a un lugar donde pasaremos la noche -Desierto de Merzouga-.<\/p>\n<h4>D\u00cdA 5: MERZOUGA &#8211; DUNAS ERG CHEBBI &#8211; EXPLORACI\u00d3N DEL DESIERTO Y PASEO EN CAMELLO<\/h4>\n<p>Comenzaremos el viaje por la ma\u00f1ana, pero hoy no saldremos de Merzouga. Visitaremos la zona junto con el pueblo &#8220;Gnaoua&#8221; -Khamlia-. Conoce a la gente de Gnaoua que es conocida por su tipo \u00fanico de m\u00fasica donde los tambores son una herramienta esencial que est\u00e1n utilizando. Experimente la escalada en la cima de los camellos para cabalgar sobre el campamento de Erg Chebbi en las altas dunas viendo la puesta de sol y prepar\u00e1ndose para pasar la noche en las yurtas del campamento.<\/p>\n<h4>D\u00cdA 6: MERZOUGA &#8211; ERFOUD &#8211; ERRACHIDIA &#8211; MIDELT &#8211; AZROU &#8211; IFRANE &#8211; FES<\/h4>\n<p>Cuando el sol sale por las altas dunas, crea un paisaje m\u00e1gico que vale la pena despertar m\u00e1s temprano para observarlo. Tome su desayuno y vaya con los camellos al hotel para tomar una ducha y luego contin\u00fae conduciendo por Erfoud, y los pueblos de Errachidia Sahara. Contin\u00fae por Midelt, con una parada en los bosques de cedros de Azrou, y en la Suiza -Ifran City-. Llegada a la ciudad de Fez, donde nuestro chofer profesional le recoger\u00e1 en su Riad.<\/p>\n<h4>D\u00cdA 7: EXPLORANDO FES<\/h4>\n<p>Excursi\u00f3n guiada de un d\u00eda a la ciudad de Fez en la antigua Medina, que tiene muchas calles estrechas y tiendas. Entraremos all\u00ed mientras observas y tomas fotos de los rincones, y de los detalles simples y peque\u00f1os que lo convirtieron en Patrimonio de la Humanidad de la UNESCO. Almuerzo y visita a construcciones hist\u00f3ricas como la Universidad -Al Quaraouine-, el Palacio Real y la Escuela Cor\u00e1nica de Bou Inania. Alojamiento en el hotel\/Riad.<\/p>\n<h4>D\u00cdA 8: FES &#8211; VOLUBILIS &#8211; MEKNES &#8211; CASABLANCA<\/h4>\n<p>Comienza el viaje por la ma\u00f1ana para dejar Fez y visitar las ruinas romanas de &#8220;Walili&#8221; -Volubilis-, grandes ruinas con un paisaje impresionante que te llamar\u00e1 la atenci\u00f3n cuando est\u00e9s a punto de explorarlas. Despu\u00e9s, iremos a Meknes. En la ciudad de Meknes, visitar\u00e1 Bab El Mansour, Moulay Idris Zerhoun y otros lugares hist\u00f3ricos por los que Meknes es famosa. Para pasar la noche nos dirigiremos a Casablanca<\/p>\n<h4>D\u00cdA 9: TRASLADO AL AEROPUERTO DE CASABLANCA<\/h4>\n<p>Hoy depende de la salida de su vuelo, visitaremos la mezquita m\u00e1s grande y lenta de \u00c1frica, la Segunda Mezquita Hassan, antes de que nuestro conductor lo deje en el aeropuerto si tenemos tiempo suficiente.<\/p>\n","protected":false},"excerpt":{"rendered":"<p>D\u00cdA 1: LLEGADA A MARRAKECH Nuestro Marrakech Casablanca Desert Tour 8 d\u00edas comienzan con una recogida en el aeropuerto y le llevar\u00e1 al hotel donde pasar\u00e1 la noche y descansar\u00e1. D\u00cdA 2: EXPLORANDO MARRAKECH Empiece a explorar la ciudad despu\u00e9s de desayunar con una caminata guiada por la ciudad. En Marrakech, ver\u00e1 los Jardines -Majorelle-,<\/p>\n","protected":false},"author":1,"featured_media":0,"parent":0,"menu_order":0,"comment_status":"closed","ping_status":"closed","template":"","meta":{"ngg_post_thumbnail":0,"footnotes":""},"class_list":["post-55","page","type-page","status-publish","hentry"],"_links":{"self":[{"href":"https:\/\/moroccoachieveyourtravel.com\/es\/wp-json\/wp\/v2\/pages\/55","targetHints":{"allow":["GET"]}}],"collection":[{"href":"https:\/\/moroccoachieveyourtravel.com\/es\/wp-json\/wp\/v2\/pages"}],"about":[{"href":"https:\/\/moroccoachieveyourtravel.com\/es\/wp-json\/wp\/v2\/types\/page"}],"author":[{"embeddable":true,"href":"https:\/\/moroccoachieveyourtravel.com\/es\/wp-json\/wp\/v2\/users\/1"}],"replies":[{"embeddable":true,"href":"https:\/\/moroccoachieveyourtravel.com\/es\/wp-json\/wp\/v2\/comments?post=55"}],"version-history":[{"count":5,"href":"https:\/\/moroccoachieveyourtravel.com\/es\/wp-json\/wp\/v2\/pages\/55\/revisions"}],"predecessor-version":[{"id":319,"href":"https:\/\/moroccoachieveyourtravel.com\/es\/wp-json\/wp\/v2\/pages\/55\/revisions\/319"}],"wp:attachment":[{"href":"https:\/\/moroccoachieveyourtravel.com\/es\/wp-json\/wp\/v2\/media?parent=55"}],"curies":[{"name":"wp","href":"https:\/\/api.w.org\/{rel}","templated":true}]}}