{"id":57,"date":"2018-12-27T14:14:36","date_gmt":"2018-12-27T14:14:36","guid":{"rendered":"https:\/\/moroccoachieveyourtravel.com\/wp\/?page_id=57"},"modified":"2019-01-08T15:10:00","modified_gmt":"2019-01-08T15:10:00","slug":"7-dias-desde-marrakech-desierto-de-merzouga","status":"publish","type":"page","link":"https:\/\/moroccoachieveyourtravel.com\/es\/7-dias-desde-marrakech-desierto-de-merzouga\/","title":{"rendered":"7 D\u00edas desde Marrakech Desierto de Merzouga"},"content":{"rendered":"<h4>D\u00cdA 1: MARRAKECH &#8211; OUARZAZATE &#8211; GARGANTAS DEL DADES<\/h4>\n<p>Por la ma\u00f1ana salida hacia el este hacia Ouarzazate a trav\u00e9s del paso Tizi n&#8217;Tichka en las monta\u00f1as del Alto Atlas. Llegada a Ouarzazate, tambi\u00e9n conocido como el Hollywood de \u00c1frica. Parada opcional en el estudio de cine y almuerzo antes de conducir a trav\u00e9s de Skoura hasta la hist\u00f3rica Kasbah Amridil. Onto Valle de las Rosas antes de llegar a su hotel en el Valle del Dades (+ cena y desayuno)<\/p>\n<h4>D\u00cdA 2: GARGANTAS DEL DADES &#8211; GARGANTAS DEL TODRA &#8211; MERZOUGA<\/h4>\n<p>Despu\u00e9s del desayuno, viaje a Todra Gorge, donde una falla de 300 metros de profundidad divide la caliza anaranjada en un barranco profundo, haga una parada para almorzar. Luego en la ciudad de Erfoud para visitar el taller de f\u00f3siles. Llegada a las impresionantes dunas de Merzouga. Alojamiento en hotel (+ cena y desayuno).<\/p>\n<h4>D\u00cdA 3 : ERG CHEBBI Y TREKKING EN CAMELLO<\/h4>\n<p>Visite al pueblo Gnawa, originalmente esclavos de Sud\u00e1n, para experimentar su m\u00fasica y estilo de vida. Cerca est\u00e1 el lago de Merzouga, con su poblaci\u00f3n de aves. Por la tarde monte su camello para explorar las doradas arenas del Sahara con gu\u00eda. Pernocte en el campamento del desierto cenando bajo las estrellas.<\/p>\n<h4>D\u00cdA 4: MERZOUGA &#8211; TAZARINE &#8211; VALLE DEL DRAA &#8211; OUARZAZATE &#8211; AIT BENHADDOU<\/h4>\n<p>Disfrute del amanecer antes de regresar al hotel para desayunar y ducharse. Dir\u00edjase a Palmerie de Tafilalet y a la ciudad de Rissani. Tomaremos el camino a Jbel Saghro Anti Atlas pasando por el pueblo bereber de Tazarine y N&#8217;kob y el valle del Draa. Alojamiento en Ouarzazate (+ cena y desayuno).<\/p>\n<h4>D\u00cdA 5: AIT BEN HADDOU A TAROUDANTE<\/h4>\n<p>Despu\u00e9s del desayuno, viaje a Taroudant v\u00eda Tazenakht, visitando Ait Benhaddo, patrimonio de la UNESCO, y luego a Taliouine, la capital de las especias de azafr\u00e1n. Opci\u00f3n de visitar la cooperativa del Azafr\u00e1n y si su visita coincide con la recolecci\u00f3n del azafr\u00e1n, conocer\u00e1 a las familias locales que recogen el azafr\u00e1n en los campos. Llegada a Taroudant por la tarde para explorar las murallas y caminar por los callejones de la Medina. Alojamiento en riad (+ cena y desayuno).<\/p>\n<h4>D\u00cdA 6 : DE TAROUDANTE A ESSAOUIRA V\u00cdA AGADIR<\/h4>\n<p>Despu\u00e9s del desayuno, salida hacia Essaouira, con parada en Agadir para el almuerzo. Continuar por la carretera de la costa (zona famosa por los \u00e1rboles de arg\u00e1n). Aqu\u00ed podr\u00e1 ver cabras trepando a los \u00e1rboles, det\u00e9ngase para tomar una foto antes de llegar a Essaouira. Alojamiento en la Medina (+ desayuno).<\/p>\n<h4>D\u00cdA 7 : MA\u00d1ANA LIBRE ESSAOUIRA &#8211; MARRAKECH<\/h4>\n<p>Despu\u00e9s del desayuno, tiempo libre para explorar Essaouira antes de partir hacia Marrakech y hacer una parada en la Cooperativa de Mujeres Argan, famosa por sus productos culinarios, cosm\u00e9ticos y medicinales. Alojamiento en Marrakech con cena y opci\u00f3n de disfrutar de un paseo hasta la plaza principal de Jemaa El Fna. Una visita obligada con artistas, magos, narradores, m\u00fasicos y encantadores de serpientes.<\/p>\n","protected":false},"excerpt":{"rendered":"<p>D\u00cdA 1: MARRAKECH &#8211; OUARZAZATE &#8211; GARGANTAS DEL DADES Por la ma\u00f1ana salida hacia el este hacia Ouarzazate a trav\u00e9s del paso Tizi n&#8217;Tichka en las monta\u00f1as del Alto Atlas. Llegada a Ouarzazate, tambi\u00e9n conocido como el Hollywood de \u00c1frica. Parada opcional en el estudio de cine y almuerzo antes de conducir a trav\u00e9s de<\/p>\n","protected":false},"author":1,"featured_media":0,"parent":0,"menu_order":0,"comment_status":"closed","ping_status":"closed","template":"","meta":{"ngg_post_thumbnail":0,"footnotes":""},"class_list":["post-57","page","type-page","status-publish","hentry"],"_links":{"self":[{"href":"https:\/\/moroccoachieveyourtravel.com\/es\/wp-json\/wp\/v2\/pages\/57","targetHints":{"allow":["GET"]}}],"collection":[{"href":"https:\/\/moroccoachieveyourtravel.com\/es\/wp-json\/wp\/v2\/pages"}],"about":[{"href":"https:\/\/moroccoachieveyourtravel.com\/es\/wp-json\/wp\/v2\/types\/page"}],"author":[{"embeddable":true,"href":"https:\/\/moroccoachieveyourtravel.com\/es\/wp-json\/wp\/v2\/users\/1"}],"replies":[{"embeddable":true,"href":"https:\/\/moroccoachieveyourtravel.com\/es\/wp-json\/wp\/v2\/comments?post=57"}],"version-history":[{"count":5,"href":"https:\/\/moroccoachieveyourtravel.com\/es\/wp-json\/wp\/v2\/pages\/57\/revisions"}],"predecessor-version":[{"id":316,"href":"https:\/\/moroccoachieveyourtravel.com\/es\/wp-json\/wp\/v2\/pages\/57\/revisions\/316"}],"wp:attachment":[{"href":"https:\/\/moroccoachieveyourtravel.com\/es\/wp-json\/wp\/v2\/media?parent=57"}],"curies":[{"name":"wp","href":"https:\/\/api.w.org\/{rel}","templated":true}]}}