{"id":65,"date":"2018-12-27T14:15:58","date_gmt":"2018-12-27T14:15:58","guid":{"rendered":"https:\/\/moroccoachieveyourtravel.com\/wp\/?page_id=65"},"modified":"2019-01-08T15:06:55","modified_gmt":"2019-01-08T15:06:55","slug":"2-dias-de-marrakech-al-desierto-de-zagora","status":"publish","type":"page","link":"https:\/\/moroccoachieveyourtravel.com\/es\/2-dias-de-marrakech-al-desierto-de-zagora\/","title":{"rendered":"2 D\u00edas desde Marrakech al desierto de Zagora"},"content":{"rendered":"<h4>D\u00eda 1: Marrakech &#8211; Ait Ben Haddou &#8211; Ouarzazate &#8211; Agdez &#8211; Zagora<\/h4>\n<p>Nuestro tour por el desierto de Zagora comienza a las 8:00 AM, nuestro conductor vendr\u00e1 a recogerlo a su Riad u hotel en Marrakech en un confortable veh\u00edculo 4&#215;4 con aire acondicionado o minivan. Dejamos atr\u00e1s la ciudad ocre y nos dirigimos hacia el sureste cruzando muchos pueblos peque\u00f1os y dispersos en nuestro camino. Despu\u00e9s de unos 100 kil\u00f3metros, empezamos a subir hasta llegar a la cadena del Atlas y al paso m\u00e1s alto de la cadena Tizi N-Tichka (2160m), el paso suele estar cubierto de nieve durante el invierno, nos detendremos en una de las terrazas de Tichka para estirar las piernas, tal vez tomar una taza de caf\u00e9 para despertarnos. Despu\u00e9s del paso, volvemos a cruzar varios pueblos bereberes, encaramados en las monta\u00f1as y colinas. El paisaje de la carretera cambia con frecuencia y no deja lugar para el aburrimiento. Llegando a Ouarzazate (~90 kil\u00f3metros del paso de Tichka), pararemos para visitar la hermosa Kasbah de Taourirt (hogar de la antigua Caid Pacha Glaoui) y el museo del cine, ya que Ouarzazate es un conocido lugar de realizaci\u00f3n de pel\u00edculas, tiene dos grandes estudios cinematogr\u00e1ficos que invitan a algunos de los grandes expertos internacionales de la industria del cine a trabajar all\u00ed. Despu\u00e9s de visitar los atractivos de Ouarzazate, conduciremos de nuevo a trav\u00e9s de los hermosos valles por otros 90 kil\u00f3metros para llegar a Agdez y apreciar la vista de su palmeral desde un punto alto. Despu\u00e9s de un par de vueltas, nos espera nuestra cafeter\u00eda, una bonita Kasbah en Tamnougalt, para llegar all\u00ed, tomamos un peque\u00f1o desv\u00edo de la carretera principal y cruzamos un r\u00edo y luego conducimos dentro de los campos. La Kasbah tiene una bonita terraza con vistas al palmeral y lo suficientemente soleada como para calentarte en los d\u00edas fr\u00edos. Despu\u00e9s del almuerzo, continuamos nuestro viaje por el desierto a la ciudad de Zagora, donde los camellos le esperan al final de la carretera asfaltada, para llevarle al bivouac en las dunas justo a tiempo para presenciar la majestuosa puesta de sol y tomar fotos inolvidables. Al llegar al bivouac del desierto de Zagora, el personal le da la bienvenida, le da sus tiendas de campa\u00f1a y se re\u00fane para una sesi\u00f3n de t\u00e9 a la menta para conocerse y romper el hielo con otros visitantes. La noche en el campamento del desierto tiene un cielo despejado y se pueden ver innumerables estrellas y easyli distinguir las constelaciones. Despu\u00e9s de una agradable cena casera, nos reunimos alrededor del fuego para disfrutar de una sesi\u00f3n de canto, baile y risa alrededor del fuego, compartir hermosos momentos y olvidar el mundo.<\/p>\n<h4>D\u00eda 2 : Zagora &#8211; Valle del Draa &#8211; Agdez &#8211; Ouarzazate &#8211; Tizi-N-Ticha &#8211; Marrakech<\/h4>\n<p>El segundo d\u00eda del viaje al desierto de Zagora comienza con un desayuno temprano, para que no se pierda la impresionante puesta de sol que Zagora tiene para ofrecer, otra oportunidad para tomar hermosas fotograf\u00edas. Luego regrese en camellos para encontrarse con el auto al final del camino pavimentado. Deje Zagora atr\u00e1s y regrese directamente al pueblo fortificado de Ait benhaddou, donde almorzar\u00e1, antes de explorar el sitio, declarado por la UNESCO como Patrimonio de la Humanidad. El pueblo es conocido como escenario de muchas obras cinematogr\u00e1ficas, las m\u00e1s famosas son&#8217;El gladiador&#8217;,&#8217;Lawrence de Arabia&#8217; e incluso algunas escenas del clasificado&#8217;Juego de tronos&#8217; fueron rodadas en este pueblo. Siete familias todav\u00eda viven en el antiguo pueblo de Ait benhaddou, el resto se han trasladado al otro lado del valle, un lado m\u00e1s moderno. Ksar Ait benhaddou era una estaci\u00f3n de pausa para las caravanas que viajaban a lo largo del valle de Ounila, los comerciantes o bien intercambian mercanc\u00edas aqu\u00ed y regresan al desierto, o bien se detienen a descansar y luego contin\u00faan hacia Marrakech, sol\u00edan comerciar con sal, plata y esclavos.<\/p>\n","protected":false},"excerpt":{"rendered":"<p>D\u00eda 1: Marrakech &#8211; Ait Ben Haddou &#8211; Ouarzazate &#8211; Agdez &#8211; Zagora Nuestro tour por el desierto de Zagora comienza a las 8:00 AM, nuestro conductor vendr\u00e1 a recogerlo a su Riad u hotel en Marrakech en un confortable veh\u00edculo 4&#215;4 con aire acondicionado o minivan. Dejamos atr\u00e1s la ciudad ocre y nos dirigimos<\/p>\n","protected":false},"author":1,"featured_media":0,"parent":0,"menu_order":0,"comment_status":"closed","ping_status":"closed","template":"","meta":{"ngg_post_thumbnail":0,"footnotes":""},"class_list":["post-65","page","type-page","status-publish","hentry"],"_links":{"self":[{"href":"https:\/\/moroccoachieveyourtravel.com\/es\/wp-json\/wp\/v2\/pages\/65","targetHints":{"allow":["GET"]}}],"collection":[{"href":"https:\/\/moroccoachieveyourtravel.com\/es\/wp-json\/wp\/v2\/pages"}],"about":[{"href":"https:\/\/moroccoachieveyourtravel.com\/es\/wp-json\/wp\/v2\/types\/page"}],"author":[{"embeddable":true,"href":"https:\/\/moroccoachieveyourtravel.com\/es\/wp-json\/wp\/v2\/users\/1"}],"replies":[{"embeddable":true,"href":"https:\/\/moroccoachieveyourtravel.com\/es\/wp-json\/wp\/v2\/comments?post=65"}],"version-history":[{"count":5,"href":"https:\/\/moroccoachieveyourtravel.com\/es\/wp-json\/wp\/v2\/pages\/65\/revisions"}],"predecessor-version":[{"id":307,"href":"https:\/\/moroccoachieveyourtravel.com\/es\/wp-json\/wp\/v2\/pages\/65\/revisions\/307"}],"wp:attachment":[{"href":"https:\/\/moroccoachieveyourtravel.com\/es\/wp-json\/wp\/v2\/media?parent=65"}],"curies":[{"name":"wp","href":"https:\/\/api.w.org\/{rel}","templated":true}]}}