{"id":68,"date":"2018-12-27T14:18:18","date_gmt":"2018-12-27T14:18:18","guid":{"rendered":"https:\/\/moroccoachieveyourtravel.com\/wp\/?page_id=68"},"modified":"2019-01-08T15:08:56","modified_gmt":"2019-01-08T15:08:56","slug":"5-dias-por-el-desierto-de-fez-descubriendo-el-atlas-y-merzouga","status":"publish","type":"page","link":"https:\/\/moroccoachieveyourtravel.com\/es\/5-dias-por-el-desierto-de-fez-descubriendo-el-atlas-y-merzouga\/","title":{"rendered":"5 D\u00edas el desierto desde Fez descubriendo el Atlas y Merzouga"},"content":{"rendered":"<h4>D\u00cdA 1: FES &#8211; IFRANE &#8211; MIDELT &#8211; ERFOUD &#8211; DUNAS DE MERZOUGA<\/h4>\n<p>Tour de 5 d\u00edas en el desierto de Fes , Nuestro tour comienza por la ma\u00f1ana con una recogida en su lugar de estancia o en el aeropuerto. El d\u00eda 1 de nuestros 5 d\u00edas de excursi\u00f3n, ser\u00e1 a punto de salir de Fez para un paseo a trav\u00e9s de tres de los pueblos del centro -Atlas-, el valle de Ziz, y Merzouga. Una parada en Suiza -Ifran City-, otra en Azrou, en particular en los bosques de cedros que son famosos por los monos de Berber\u00eda para alimentarlos, y para almorzar en Midelt. Pasaremos por el valle panor\u00e1mico -Ziz- en direcci\u00f3n a un lugar donde pasaremos la noche -Desierto de Merzouga-.<\/p>\n<h4>D\u00cdA 2: MERZOUGA &#8211; ERG CHEBBI &#8211; MERZOUGA<\/h4>\n<p>Comenzaremos el viaje por la ma\u00f1ana, pero hoy no saldremos de Merzouga. Visitaremos la zona junto con el pueblo &#8220;Gnaoua&#8221; -Khamlia-. Conoce a la gente de Gnaoua que es conocida por su tipo \u00fanico de m\u00fasica donde los tambores son una herramienta esencial que est\u00e1n utilizando. Experimente la escalada en la cima de los camellos para cabalgar sobre el campamento de Erg Chebbi en las altas dunas viendo la puesta de sol y prepar\u00e1ndose para pasar la noche en las yurtas del campamento.<\/p>\n<h4>D\u00cdA 3: ERG CHEBBI &#8211; RISSANI &#8211; GARGANTAS DEL TODRA &#8211; VALLE DEL DADES<\/h4>\n<p>Cuando el sol sale por las altas dunas, crea un paisaje m\u00e1gico que vale la pena despertar m\u00e1s temprano para observarlo. Tome su desayuno y vaya con los camellos al hotel para tomar una ducha y luego contin\u00fae hasta las gargantas del Todra. Son espectaculares ca\u00f1ones fluviales de piedra caliza para descubrir y apreciar su belleza. Alojamiento en el Valle del Dades.<\/p>\n<h4>D\u00cdA 4: VALLE DEL DADES &#8211; SKOURA &#8211; OUARZAZATE<\/h4>\n<p>Tome su desayuno, y cabalgue sobre las Gargantas del Dades antes de empezar a conducir hacia Ouarzazate. Conduciremos a trav\u00e9s de la ruta de las mil Kasbahs hacia Ouarzazate. Durante el viaje, usted ser\u00e1 a visitar el oasis Skoura que es famoso por Palmerie y Ksours hermoso. Llegue a Ouarzazate, la ciudad de Hollywood de Marruecos donde pasar la noche.<\/p>\n<h4>D\u00cdA 5: OUARZAZATE &#8211; AIT BENHADDOU &#8211; ALTO ATLAS &#8211; MARRAKECH<\/h4>\n<p>Comience con un desayuno por la ma\u00f1ana, y luego siga viendo el valle de las rosas situado en Kelaat M&#8217;gouna en el que los productos cosm\u00e9ticos puros, como el agua de rosas, se producen a partir de las rosas. El almuerzo ser\u00e1 en Ait Ben Haddou, que es un conocido castillo que perteneci\u00f3 al Glaoui Pasha. Una visita de descubrimiento a la Kasbah seguida de un viaje hacia el paso Tichka y las monta\u00f1as del Atlas para llegar a Marrakech, donde nuestro chofer profesional le recoger\u00e1 donde quiera que usted quiera para finalizar el tour.<\/p>\n","protected":false},"excerpt":{"rendered":"<p>D\u00cdA 1: FES &#8211; IFRANE &#8211; MIDELT &#8211; ERFOUD &#8211; DUNAS DE MERZOUGA Tour de 5 d\u00edas en el desierto de Fes , Nuestro tour comienza por la ma\u00f1ana con una recogida en su lugar de estancia o en el aeropuerto. El d\u00eda 1 de nuestros 5 d\u00edas de excursi\u00f3n, ser\u00e1 a punto de salir<\/p>\n","protected":false},"author":1,"featured_media":0,"parent":0,"menu_order":0,"comment_status":"closed","ping_status":"closed","template":"","meta":{"ngg_post_thumbnail":0,"footnotes":""},"class_list":["post-68","page","type-page","status-publish","hentry"],"_links":{"self":[{"href":"https:\/\/moroccoachieveyourtravel.com\/es\/wp-json\/wp\/v2\/pages\/68","targetHints":{"allow":["GET"]}}],"collection":[{"href":"https:\/\/moroccoachieveyourtravel.com\/es\/wp-json\/wp\/v2\/pages"}],"about":[{"href":"https:\/\/moroccoachieveyourtravel.com\/es\/wp-json\/wp\/v2\/types\/page"}],"author":[{"embeddable":true,"href":"https:\/\/moroccoachieveyourtravel.com\/es\/wp-json\/wp\/v2\/users\/1"}],"replies":[{"embeddable":true,"href":"https:\/\/moroccoachieveyourtravel.com\/es\/wp-json\/wp\/v2\/comments?post=68"}],"version-history":[{"count":5,"href":"https:\/\/moroccoachieveyourtravel.com\/es\/wp-json\/wp\/v2\/pages\/68\/revisions"}],"predecessor-version":[{"id":314,"href":"https:\/\/moroccoachieveyourtravel.com\/es\/wp-json\/wp\/v2\/pages\/68\/revisions\/314"}],"wp:attachment":[{"href":"https:\/\/moroccoachieveyourtravel.com\/es\/wp-json\/wp\/v2\/media?parent=68"}],"curies":[{"name":"wp","href":"https:\/\/api.w.org\/{rel}","templated":true}]}}