{"id":70,"date":"2018-12-27T14:18:49","date_gmt":"2018-12-27T14:18:49","guid":{"rendered":"https:\/\/moroccoachieveyourtravel.com\/wp\/?page_id=70"},"modified":"2019-01-08T15:13:35","modified_gmt":"2019-01-08T15:13:35","slug":"9-dias-de-fez-a-marrakech","status":"publish","type":"page","link":"https:\/\/moroccoachieveyourtravel.com\/es\/9-dias-de-fez-a-marrakech\/","title":{"rendered":"9 D\u00edas desde Fez a Marrakech"},"content":{"rendered":"<h4>D\u00cdA 1 : VISITA DE FEZ:<\/h4>\n<p>Despu\u00e9s del desayuno en su riad, comenzar\u00e1 a explorar Fez, la &#8220;Ciudad Sprititual de Marruecos&#8221;. Pasar\u00e1 toda la ma\u00f1ana explorando la Medina, visitando la mayor\u00eda de los lugares de inter\u00e9s cultural e hist\u00f3rico &#8211; incluyendo la famosa Mezquita y Universidad de Al Karaouine (la m\u00e1s antigua del mundo), las curtidur\u00edas y la fuente de Najjarine. Despu\u00e9s del almuerzo, saldremos de la Medina para ver la puerta del Palacio Real, pasear por el barrio jud\u00edo &#8220;La Mellah&#8221;, y luego visitar la cooperativa de cer\u00e1mica. Por la tarde, nos dirigiremos a una de las fortalezas para experimentar una impresionante vista panor\u00e1mica de toda la Medina de Fez. El alojamiento ser\u00e1 en un aut\u00e9ntico riad en el coraz\u00f3n de la antigua Medina.<\/p>\n<h4>D\u00cdA 2: FEZ &#8211; BOSQUE DE CEDER &#8211; MIDELT<\/h4>\n<p>Despu\u00e9s del desayuno, salimos de Fez y nos dirigimos hacia las m\u00e1gicas monta\u00f1as del Medio Atlas. Nos detendremos en la encantadora ciudad de Ifrane, conocida como la &#8220;Suiza de Marruecos&#8221;, debido al clima, la arquitectura y los acontecimientos hist\u00f3ricos. Haremos una breve pausa para caminar antes de continuar hacia el bosque de cedros m\u00e1s grande de Marruecos, junto a una hermosa ciudad de Azrou, donde tendr\u00e1 la oportunidad de ver a los Monos Berberiscos que viven en una zona salvaje. Despu\u00e9s de eso, seguimos conduciendo entre las monta\u00f1as pasando por muchos pueblos bereberes como Timhdit donde almorzaremos y zaida hasta llegar a Midelt donde pasaremos la noche en un hotel con cena y desayuno.<\/p>\n<h4>D\u00cdA 3: MIDELT &#8211; VALLE DEL ZIZ &#8211; DESIERTO DEL SAHARA:<\/h4>\n<p>Hoy nos dirigimos hacia el sur cruzando las monta\u00f1as del Alto Atlas hasta llegar a Errachidia donde aparece el Valle de las Palmeras, que crean un Oasis de verdor ideal para el cultivo de todo tipo de \u00e1rboles frutales y hortalizas de microclima. Despu\u00e9s de un rato llegamos a Erfoud, la capital de los f\u00f3siles, que abundan testimoniando un pasado cubierto por el mar. Desde aqu\u00ed el asfalto desaparece, el saharaui sigue el adobe hasta llegar al pueblo de Merzouga, la principal ciudad del desierto del Sahara. Pernocte en el hotel cerrado a las dunas con cena y desayuno.<\/p>\n<h4>D\u00cdA 4 &#8211; 5 : VISITA AL SAHARA:<\/h4>\n<p>En estos interesantes d\u00edas exploraremos m\u00e1s a fondo a Erg Chebbi. Visitaremos la ciudad de Khamlia, descubriremos peque\u00f1os pueblos y casas habitadas en lugares inesperados lejos de la civilizaci\u00f3n. Adem\u00e1s, visitaremos a los n\u00f3madas que se sienten tan felices de compartir su estilo de vida con sus visitantes. Nuestro viaje contin\u00faa descubriendo una antigua mina cerrada a las fronteras entre Marruecos y Argelia, encontrada por los franceses desde hace a\u00f1os. Luego regresamos a la ciudad donde tendremos un almuerzo t\u00edpico especialmente de la zona llamada &#8220;Pizza Bereber&#8221;. Por la tarde tendr\u00e1 una experiencia de vida que comienza con un trekking en camello; amigables camellos guiados por un hombre con experiencia de muchos a\u00f1os subiendo y bajando sobre la arena con diferentes paradas para tomar fotos de paisajes y atardeceres incre\u00edbles, alrededor de 1H30 caminando llegaremos al campamento ubicado en el coraz\u00f3n del desierto donde tendr\u00e1 su cena y disfrutar\u00e1 de la m\u00fasica bereber interpretada por los lugare\u00f1os bajo un cielo estrellado. Por la ma\u00f1ana se levantar\u00e1 temprano para admirar la fascinante vista del amanecer, antes de regresar al hotel en camello hasta el hotel donde desayunar\u00e1 y se dar\u00e1 una ducha.<\/p>\n<p>Despu\u00e9s de eso, tendr\u00e1s tiempo libre en el que podr\u00e1s realizar otras actividades como Quad biking o visitar otros pueblos de la zona, tambi\u00e9n podr\u00e1s relajarte, disfrutar del sol y caminar entre las dunas. Pernocte en un hotel.<\/p>\n<h4>D\u00cdA 6: MERZOUGA &#8211; GARGANTAS DEL TODRA &#8211; VALLE DEL DADES &#8211; OUARZAZATE :<\/h4>\n<p>Despu\u00e9s del desayuno salimos hacia Rissani; antiguo centro Sijilmassa de antiguas caravanas de Toumboukto a Marrakech como centro del mercado de la sal. Despu\u00e9s de caminar por el mercado m\u00e1s grande de la regi\u00f3n, continuamos nuestro viaje a trav\u00e9s de un paisaje semides\u00e9rtico hasta llegar al oasis de Tinghir, uno de los lugares m\u00e1s maravillosos de Marruecos, para luego llegar a las gargantas m\u00e1s altas y estrechas de Todra, con 300 metros de altura, consideradas un lugar atractivo para los escaladores. Despu\u00e9s de almorzar, continuamos el camino hasta otro impresionante valle de Dades y a la ciudad de Roses; la zona donde crece la verdadera flor llamada Damskina, breve descanso si est\u00e1 interesado en ver c\u00f3mo se extraen diferentes productos de Roses en una de las cooperativas de all\u00ed. Luego, conduciremos a trav\u00e9s de una famosa carretera conocida como &#8220;carretera de las mil Kasbahs&#8221;, para llegar a una de las ciudades m\u00e1s importantes del sur de Marruecos, Ouarzazate, conocida por su intensa y cinematogr\u00e1fica actividad, teniendo a su cr\u00e9dito pel\u00edculas como Gladiador, Troya, la Momia, etc. realizadas en un gran estudio llamado Atlas Corporation Studios, usted puede tener una visita antes de llegar al hotel donde pasaremos la noche con cena y desayuno.<\/p>\n<h4>D\u00cdA 7 : OUARZAZATE &#8211; AIT BENHADDOU &#8211; MARRAKECH<\/h4>\n<p>Despu\u00e9s del desayuno tomamos el camino hacia Ait Ben Haddou, la reina de las kasbahs (Patrimonio de la Humanidad de la UNESCO) y caminamos alrededor. M\u00e1s tarde visitaremos una de las pistas m\u00e1s maravillosas de Marruecos &#8220;Kasbah de Telouet&#8221;, antiguo palacio de Glagui Pacha de Marrakech. Continuaremos nuestro camino a trav\u00e9s del puerto de paso m\u00e1s alto de Marruecos &#8211; Tzin Tichca (2.260 m), donde tendremos descansos para disfrutar de vistas panor\u00e1micas y almorzar antes de llegar a la ciudad imperial de Marrakech. Pernocte en el Riad.<\/p>\n<h4>D\u00cdA 8 : CITY TOUR POR LA CIUDAD DE MARRAKECH:<\/h4>\n<p>Despu\u00e9s del desayuno, haremos una excursi\u00f3n de d\u00eda completo para descubrir Marrakech con un gu\u00eda local. Llamada &#8220;la ciudad roja&#8221; por el color de sus paredes y llena de jardines, regada por pozos subterr\u00e1neos (khettaras), que fueron construidos por los n\u00f3madas almor\u00e1vides y saharauis en el siglo XI. En este d\u00eda visitaremos Menara, las Tumbas Saadianas, el Palacio de Bahia, la Koutoubia, los Jardines Majorelle y los zocos, estas son algunas de las visitas ineludibles. Una experiencia \u00fanica ser\u00e1 descubrir la plaza de &#8220;Djemaa El Fna&#8221; donde se concentra la vida y la actividad de la ciudad: bailarines, narradores, malabaristas, artesanos, comerciantes y encantadores de serpientes. Mientras descubres estos importantes lugares tendr\u00e1s tiempo libre para caminar por tu cuenta. Pernocte en el mismo riad.<\/p>\n<h4>D\u00cdA 9 : MARRAKECH &#8211; AEROPUERTO:<\/h4>\n<p>Traslado al aeropuerto antes de la salida de su vuelo y este ser\u00e1 el final del tour de 9 d\u00edas de Fez a Marrakech.<\/p>\n","protected":false},"excerpt":{"rendered":"<p>D\u00cdA 1 : VISITA DE FEZ: Despu\u00e9s del desayuno en su riad, comenzar\u00e1 a explorar Fez, la &#8220;Ciudad Sprititual de Marruecos&#8221;. Pasar\u00e1 toda la ma\u00f1ana explorando la Medina, visitando la mayor\u00eda de los lugares de inter\u00e9s cultural e hist\u00f3rico &#8211; incluyendo la famosa Mezquita y Universidad de Al Karaouine (la m\u00e1s antigua del mundo), las<\/p>\n","protected":false},"author":1,"featured_media":0,"parent":0,"menu_order":0,"comment_status":"closed","ping_status":"closed","template":"","meta":{"ngg_post_thumbnail":0,"footnotes":""},"class_list":["post-70","page","type-page","status-publish","hentry"],"_links":{"self":[{"href":"https:\/\/moroccoachieveyourtravel.com\/es\/wp-json\/wp\/v2\/pages\/70","targetHints":{"allow":["GET"]}}],"collection":[{"href":"https:\/\/moroccoachieveyourtravel.com\/es\/wp-json\/wp\/v2\/pages"}],"about":[{"href":"https:\/\/moroccoachieveyourtravel.com\/es\/wp-json\/wp\/v2\/types\/page"}],"author":[{"embeddable":true,"href":"https:\/\/moroccoachieveyourtravel.com\/es\/wp-json\/wp\/v2\/users\/1"}],"replies":[{"embeddable":true,"href":"https:\/\/moroccoachieveyourtravel.com\/es\/wp-json\/wp\/v2\/comments?post=70"}],"version-history":[{"count":6,"href":"https:\/\/moroccoachieveyourtravel.com\/es\/wp-json\/wp\/v2\/pages\/70\/revisions"}],"predecessor-version":[{"id":322,"href":"https:\/\/moroccoachieveyourtravel.com\/es\/wp-json\/wp\/v2\/pages\/70\/revisions\/322"}],"wp:attachment":[{"href":"https:\/\/moroccoachieveyourtravel.com\/es\/wp-json\/wp\/v2\/media?parent=70"}],"curies":[{"name":"wp","href":"https:\/\/api.w.org\/{rel}","templated":true}]}}