{"id":72,"date":"2018-12-27T14:19:18","date_gmt":"2018-12-27T14:19:18","guid":{"rendered":"https:\/\/moroccoachieveyourtravel.com\/wp\/?page_id=72"},"modified":"2019-01-08T15:07:06","modified_gmt":"2019-01-08T15:07:06","slug":"2-dias-de-fez-al-desierto-de-merzouga","status":"publish","type":"page","link":"https:\/\/moroccoachieveyourtravel.com\/es\/2-dias-de-fez-al-desierto-de-merzouga\/","title":{"rendered":"2 D\u00edas desde Fez al desierto de Merzouga"},"content":{"rendered":"<h4>D\u00eda 1: Fez &#8211; Ifrane &#8211; Midelt &#8211; Valle del Ziz &#8211; Merzouga<\/h4>\n<p>Por la ma\u00f1ana salida a las 08:00 am desde su hotel\/ riad saldremos de Fez en direcci\u00f3n a Ifrane, un hermoso pueblo de monta\u00f1a, conocido como &#8220;la Suiza de Marruecos&#8221; y luego a Midelt. Durante este viaje usted experimentar\u00e1 vislumbres del Medio Atlas y del Alto Atlas. Parada en Azrou, un pueblo bereber en medio del famoso bosque de cedros &#8211; el m\u00e1s grande de Marruecos &#8211; donde se pueden ver simios de Berber\u00eda. Despu\u00e9s de un tiempo en el bosque, su viaje contin\u00faa a Midelt a lo largo de las magn\u00edficas colinas y monta\u00f1as del Atlas, despu\u00e9s de la ciudad de Midelt usted estar\u00e1 viajando a trav\u00e9s del fascinante paso de Tizi Ntalghamt y el desfiladero de Ziz, teniendo en cuenta las vistas de la meseta del Alto Atlas, se dar\u00e1 cuenta de c\u00f3mo el paisaje cambia para revelar pistas del desierto a medida que se acerca a la ciudad de Errachidia, aqu\u00ed usted almorzar\u00e1 y disfrutar\u00e1 de la hospitalidad bereber. Despu\u00e9s, usted viajar\u00e1 a lo largo del exuberante Valle de Ziz, deteni\u00e9ndose para disfrutar de vistas panor\u00e1micas a lo largo del camino hacia Erfoud y Rissani.<\/p>\n<p>Llegada a Merzouga por la tarde. Ser\u00e1 recibido con una taza de t\u00e9 a la menta antes de dar un paseo en camello, guiado por un experimentado hombre camellero para explorar el mar de arena dorada de Merzouga. Cena y alojamiento en campamento n\u00f3mada bajo las estrellas,<\/p>\n<h4>D\u00eda 2 : Merzouga &#8211; Senderismo en camello &#8211; Fez<\/h4>\n<p>Despu\u00e9s de ver la salida del sol en las dunas de Erg Chebbi, usted montar\u00e1 los camellos de vuelta al hotel Despu\u00e9s de una ducha y el desayuno, vamos a dejar Merzouga a Fez. De camino a Midelt, pasaremos por Rissani, Erfoud, Errachidia y Medilt donde pararemos para almorzar y ver fotos de monos salvajes en los bosques de cedros de Azrou antes de llegar a Fez, dejarlos en su Riad u hotel en Fez.<\/p>\n","protected":false},"excerpt":{"rendered":"<p>D\u00eda 1: Fez &#8211; Ifrane &#8211; Midelt &#8211; Valle del Ziz &#8211; Merzouga Por la ma\u00f1ana salida a las 08:00 am desde su hotel\/ riad saldremos de Fez en direcci\u00f3n a Ifrane, un hermoso pueblo de monta\u00f1a, conocido como &#8220;la Suiza de Marruecos&#8221; y luego a Midelt. Durante este viaje usted experimentar\u00e1 vislumbres del Medio<\/p>\n","protected":false},"author":1,"featured_media":0,"parent":0,"menu_order":0,"comment_status":"closed","ping_status":"closed","template":"","meta":{"ngg_post_thumbnail":0,"footnotes":""},"class_list":["post-72","page","type-page","status-publish","hentry"],"_links":{"self":[{"href":"https:\/\/moroccoachieveyourtravel.com\/es\/wp-json\/wp\/v2\/pages\/72","targetHints":{"allow":["GET"]}}],"collection":[{"href":"https:\/\/moroccoachieveyourtravel.com\/es\/wp-json\/wp\/v2\/pages"}],"about":[{"href":"https:\/\/moroccoachieveyourtravel.com\/es\/wp-json\/wp\/v2\/types\/page"}],"author":[{"embeddable":true,"href":"https:\/\/moroccoachieveyourtravel.com\/es\/wp-json\/wp\/v2\/users\/1"}],"replies":[{"embeddable":true,"href":"https:\/\/moroccoachieveyourtravel.com\/es\/wp-json\/wp\/v2\/comments?post=72"}],"version-history":[{"count":6,"href":"https:\/\/moroccoachieveyourtravel.com\/es\/wp-json\/wp\/v2\/pages\/72\/revisions"}],"predecessor-version":[{"id":309,"href":"https:\/\/moroccoachieveyourtravel.com\/es\/wp-json\/wp\/v2\/pages\/72\/revisions\/309"}],"wp:attachment":[{"href":"https:\/\/moroccoachieveyourtravel.com\/es\/wp-json\/wp\/v2\/media?parent=72"}],"curies":[{"name":"wp","href":"https:\/\/api.w.org\/{rel}","templated":true}]}}