{"id":74,"date":"2018-12-27T14:19:48","date_gmt":"2018-12-27T14:19:48","guid":{"rendered":"https:\/\/moroccoachieveyourtravel.com\/wp\/?page_id=74"},"modified":"2019-01-08T15:06:41","modified_gmt":"2019-01-08T15:06:41","slug":"3-dias-de-excursiones-por-el-desierto-de-fez-a-marrakech","status":"publish","type":"page","link":"https:\/\/moroccoachieveyourtravel.com\/es\/3-dias-de-excursiones-por-el-desierto-de-fez-a-marrakech\/","title":{"rendered":"3 D\u00edas desde Fez a Marrakech"},"content":{"rendered":"<h4>D\u00eda 1: Fes &#8211; Ifrane &#8211; Azrou &#8211; Midelt &#8211; Errachidia &#8211; Erfoud &#8211; Merzouga<\/h4>\n<p>Recogida en su hotel de Fez a las 08:0 am y salida hacia el sur de Marruecos. Tendr\u00e1 una parada en Ifrane, conocida como la Suiza de Marruecos para disfrutar de su belleza y tener unas fotos memorables. Despu\u00e9s se dirigir\u00e1n hacia Azrou para ver los monos en el bosque de cedros. Continuaci\u00f3n hacia Midelt para almorzar en un restaurante. Por la tarde, cruzaremos el puerto de Tizi n Tlghamt para llegar a Errachidia mientras admiramos las vistas de las gargantas del Ziz. M\u00e1s tarde, haremos una parada para disfrutar de una vista panor\u00e1mica del valle del Ziz. El viaje contin\u00faa hacia las dunas de Erg Chebbi pasando por Aoufous y Erfoud (el \u00faltimo es famoso por sus f\u00f3siles y fechas) donde se puede visitar un taller local de artesan\u00eda de f\u00f3siles. Despu\u00e9s continuaremos hacia las cautivadoras dunas de Erg Chebbi, tambi\u00e9n llamadas dunas de Merzouga. Llegada al hotel y preparaci\u00f3n para una caminata en camello de una hora y media para disfrutar de la puesta de sol. Mientras se encuentra en la parte posterior de su dromedario, continuar\u00e1 hacia el campamento para pasar la noche en una tienda n\u00f3mada tradicional. Cena y pernocte en un bivouac en medio de las dunas.<\/p>\n<h4>D\u00eda 2: Merzouga &#8211; Errisani &#8211; Garganta del Todra &#8211; Garganta del Dades<\/h4>\n<p>Despu\u00e9s del desayuno y la ducha para quitar el polvo, conduciremos desde Merzouga a Rissani, Erfoud y Tinghir, donde pararemos para almorzar y dar un peque\u00f1o paseo por las gargantas del Todra y sus magn\u00edficas palmeras y viejas ruinas que cegar\u00e1n perfectamente con el paisaje. Por la tarde, continuaremos hacia Boumalen dades y tomaremos el desv\u00edo hacia el norte a trav\u00e9s de la curvil\u00ednea carretera de las gargantas del Dades, pararemos para tomar un par de fotos a los pies de los monos, una formaci\u00f3n rocosa que parece dedos (probablemente formada por lava hace miles de a\u00f1os), luego continuaremos viendo las infames gargantas de la cima retratadas en muchos volantes de viaje como una de las m\u00e1s bellas piezas de caminos antes de regresar a nuestro hotel al pie de las gargantas, donde disfrutaremos de una agradable cena y ocasionalmente de un juego musical con el personal y otros clientes antes de ir a la cama.<\/p>\n<h4>D\u00eda 3: Gargantas del Dades &#8211; Skoura &#8211; Ouarzazate &#8211; Ait Ben Haddou &#8211; Marrakech<\/h4>\n<p>Esta ma\u00f1ana despu\u00e9s del desayuno en el hotel, salimos hacia Ouarzazate v\u00eda Skoura. Parada para una vista panor\u00e1mica de la kasbah de Taourirt y luego otra parada fotogr\u00e1fica cerca de los estudios de cine atlas. Despu\u00e9s, visitaremos la Kasbah de Ait Benhaddou y almorzaremos en un restaurante local del pueblo. Por la tarde nos dirigiremos a Marrakech sobre las monta\u00f1as del Alto Atlas pasando por el paso Tizi N&#8217;tichka (2260 m de altitud). Desembarque en Marrakech.<\/p>\n","protected":false},"excerpt":{"rendered":"<p>D\u00eda 1: Fes &#8211; Ifrane &#8211; Azrou &#8211; Midelt &#8211; Errachidia &#8211; Erfoud &#8211; Merzouga Recogida en su hotel de Fez a las 08:0 am y salida hacia el sur de Marruecos. Tendr\u00e1 una parada en Ifrane, conocida como la Suiza de Marruecos para disfrutar de su belleza y tener unas fotos memorables. Despu\u00e9s se<\/p>\n","protected":false},"author":1,"featured_media":0,"parent":0,"menu_order":0,"comment_status":"closed","ping_status":"closed","template":"","meta":{"ngg_post_thumbnail":0,"footnotes":""},"class_list":["post-74","page","type-page","status-publish","hentry"],"_links":{"self":[{"href":"https:\/\/moroccoachieveyourtravel.com\/es\/wp-json\/wp\/v2\/pages\/74","targetHints":{"allow":["GET"]}}],"collection":[{"href":"https:\/\/moroccoachieveyourtravel.com\/es\/wp-json\/wp\/v2\/pages"}],"about":[{"href":"https:\/\/moroccoachieveyourtravel.com\/es\/wp-json\/wp\/v2\/types\/page"}],"author":[{"embeddable":true,"href":"https:\/\/moroccoachieveyourtravel.com\/es\/wp-json\/wp\/v2\/users\/1"}],"replies":[{"embeddable":true,"href":"https:\/\/moroccoachieveyourtravel.com\/es\/wp-json\/wp\/v2\/comments?post=74"}],"version-history":[{"count":7,"href":"https:\/\/moroccoachieveyourtravel.com\/es\/wp-json\/wp\/v2\/pages\/74\/revisions"}],"predecessor-version":[{"id":306,"href":"https:\/\/moroccoachieveyourtravel.com\/es\/wp-json\/wp\/v2\/pages\/74\/revisions\/306"}],"wp:attachment":[{"href":"https:\/\/moroccoachieveyourtravel.com\/es\/wp-json\/wp\/v2\/media?parent=74"}],"curies":[{"name":"wp","href":"https:\/\/api.w.org\/{rel}","templated":true}]}}