{"id":76,"date":"2018-12-27T14:20:26","date_gmt":"2018-12-27T14:20:26","guid":{"rendered":"https:\/\/moroccoachieveyourtravel.com\/wp\/?page_id=76"},"modified":"2019-01-08T15:07:37","modified_gmt":"2019-01-08T15:07:37","slug":"4-dias-desde-fez-merzouga-marrakech","status":"publish","type":"page","link":"https:\/\/moroccoachieveyourtravel.com\/es\/4-dias-desde-fez-merzouga-marrakech\/","title":{"rendered":"4 D\u00edas desde Fez Merzouga Marrakech"},"content":{"rendered":"<h4>D\u00cdA 1: Fez Ifrane Midelt Erfoud Merzouga Dunes<\/h4>\n<p>La salida del Riad\/Hotel ser\u00e1 a las 8 de la ma\u00f1ana. El viaje a las dunas de Erg Chebbi durar\u00e1 8 horas en las que veremos las monta\u00f1as del Atlas y algunos pueblos (Tafilalet, Erfoud y Rissani). Nos detendremos en algunas ciudades como Ifrane y Azrou para disfrutar de la vista de los bosques de cedros y monos que viven all\u00ed. El almuerzo se servir\u00e1 en Midelt y luego seguiremos pasando por el valle de Ziz con una hermosa vista de las palmeras hasta llegar a Erg Chebbi donde haremos una caminata en camello para llegar al campamento del desierto y pasar la noche en una tienda de campa\u00f1a bereber.<\/p>\n<h4>D\u00eda 2: Gargantas del Erg Chebbi Rissani Todra<\/h4>\n<p>Despu\u00e9s del desayuno, caminata en camello una vez m\u00e1s al hotel para tomar una ducha. Dejamos el desierto del Sahara de Erg Chebbi, un camino de tierra sobre la hamada (desierto negro) para llegar a la ciudad saharaui de Rissani. Posteriormente, nos dirigiremos hacia el norte a Erfoud que es conocido por sus f\u00f3siles; aqu\u00ed podemos detenernos a visitar un taller de f\u00f3siles antes de continuar hacia el asombroso valle de Todra, conocido por su escalada en roca, donde se puede caminar antes de llegar al hotel, cenar y pernoctar.<\/p>\n<h4>D\u00eda 3: Gargantas del Todra Valle del Dades Skoura Ouarzazate<\/h4>\n<p>Desayuno en el hotel, comenzamos nuestro viaje por el camino de las Mil Kasbahs, ya que hay kasbahs colosales a ambos lados de la calle. Algunas de las antiguas casas reforzadas ya mencionadas est\u00e1n restauradas, aunque, lamentablemente, una parte considerable de ellas son vestigios. Pasamos por el valle del Dades y continuamos fuera de la carretera hacia la regi\u00f3n rocosa, donde numerosos pueblos bereberes y muchos n\u00f3madas viven en cavernas, aqu\u00ed tendremos la oportunidad de visitar a una de estas familias e investigar su vida cotidiana y su movimiento fundamental &#8220;Cuidando grupos de cabras y chirridos&#8221;. Nos sorprender\u00e1n las escenas del brillante valle de las rosas antes de llegar a los palmerales de Skoura. 45km m\u00e1s lejos, llegamos a Ouarzazate para pasar la noche en un hotel local.<\/p>\n<h4>D\u00eda 4: Ouarzazate Ait Benhaddou Alto Atlas Marrakech<\/h4>\n<p>Despu\u00e9s del desayuno, comenzaremos nuestro viaje con una visita a los estudios de cine que se encuentran en Ouarzazate, considerado como Hollywood de \u00c1frica. Posteriormente visitaremos la Kasbah de Ait Benhaddou, Patrimonio de la Humanidad, tal y como fue nombrada por la Unesco en 1987. Ait Benhaddou es el sitio del Patrimonio Mundial que ha sido utilizado como escenario para m\u00e1s de 20 pel\u00edculas que incorporan &#8220;Gladiator&#8221; &#8220;Indiana Jones&#8221; y &#8220;Lawrence of Arabia&#8221;. Disfrute de un paseo para investigar el estilo universal marroqu\u00ed de modelado de construcci\u00f3n en el que se construyen las Kasbahs. Continuamos nuestro acercamiento a Marrakech a trav\u00e9s de las monta\u00f1as del Alto Atlas y el paso de Tizi n&#8217;tichka. Parada para almorzar en el centro de la cordillera del Atlas. Traslado a su riad u hotel en Marrakech.<\/p>\n","protected":false},"excerpt":{"rendered":"<p>D\u00cdA 1: Fez Ifrane Midelt Erfoud Merzouga Dunes La salida del Riad\/Hotel ser\u00e1 a las 8 de la ma\u00f1ana. El viaje a las dunas de Erg Chebbi durar\u00e1 8 horas en las que veremos las monta\u00f1as del Atlas y algunos pueblos (Tafilalet, Erfoud y Rissani). Nos detendremos en algunas ciudades como Ifrane y Azrou para<\/p>\n","protected":false},"author":1,"featured_media":0,"parent":0,"menu_order":0,"comment_status":"closed","ping_status":"closed","template":"","meta":{"ngg_post_thumbnail":0,"footnotes":""},"class_list":["post-76","page","type-page","status-publish","hentry"],"_links":{"self":[{"href":"https:\/\/moroccoachieveyourtravel.com\/es\/wp-json\/wp\/v2\/pages\/76","targetHints":{"allow":["GET"]}}],"collection":[{"href":"https:\/\/moroccoachieveyourtravel.com\/es\/wp-json\/wp\/v2\/pages"}],"about":[{"href":"https:\/\/moroccoachieveyourtravel.com\/es\/wp-json\/wp\/v2\/types\/page"}],"author":[{"embeddable":true,"href":"https:\/\/moroccoachieveyourtravel.com\/es\/wp-json\/wp\/v2\/users\/1"}],"replies":[{"embeddable":true,"href":"https:\/\/moroccoachieveyourtravel.com\/es\/wp-json\/wp\/v2\/comments?post=76"}],"version-history":[{"count":5,"href":"https:\/\/moroccoachieveyourtravel.com\/es\/wp-json\/wp\/v2\/pages\/76\/revisions"}],"predecessor-version":[{"id":310,"href":"https:\/\/moroccoachieveyourtravel.com\/es\/wp-json\/wp\/v2\/pages\/76\/revisions\/310"}],"wp:attachment":[{"href":"https:\/\/moroccoachieveyourtravel.com\/es\/wp-json\/wp\/v2\/media?parent=76"}],"curies":[{"name":"wp","href":"https:\/\/api.w.org\/{rel}","templated":true}]}}