{"id":8,"date":"2018-12-21T15:09:38","date_gmt":"2018-12-21T15:09:38","guid":{"rendered":"https:\/\/moroccoachieveyourtravel.com\/wp\/?page_id=8"},"modified":"2018-12-30T15:42:39","modified_gmt":"2018-12-30T15:42:39","slug":"home","status":"publish","type":"page","link":"https:\/\/moroccoachieveyourtravel.com\/es\/","title":{"rendered":"Morocco Achieve Your Travel"},"content":{"rendered":"<h2 style=\"text-align: center;\"><span style=\"color: #993300;\"><strong>Bienvenido a Marruecos Realice su viaje:<\/strong><\/span><\/h2>\n<p>Morocco Achieve Your Travel es una empresa de viajes profesional y apasionada que se especializa en viajes a medida adaptados especialmente a sus aspiraciones de viaje. Los tours se organizan a cualquier destino de su elecci\u00f3n, en todo Marruecos.<\/p>\n<p>Nombra el lugar y te llevaremos all\u00ed! Marruecos es un tesoro a descubrir! Con una cultura viva y vibrante y los paisajes panor\u00e1micos siempre cambiantes que conducen a la puerta del Sahara. Para experimentar todas las maravillas que tenemos para ofrecer, organizamos excursiones de varios d\u00edas. Un viaje a Marruecos no estar\u00eda completo sin visitar el m\u00e1gico desierto del Sahara. Organizamos excursiones que incluyen una visita al desierto, venga y descubra la belleza y tranquilidad de las dunas. Disfrute de la novedosa aventura de un paseo en camello por el desierto. Contemple una puesta de sol sahariana, entret\u00e9ngase con tambores de desierto bajo un cielo lleno de estrellas y sum\u00e9rjase en la cultura vibrante, acogedora y amistosa de Marruecos! Ofrecemos transporte en minib\u00fas y 4&#215;4 con conductores profesionales, seguros y gu\u00edas con amplia experiencia. Nos enorgullecemos de ser una empresa multiling\u00fce, capaz de conversar con muchas nacionalidades y disfrutamos conociendo gente de todo el mundo. Tambi\u00e9n organizamos excursiones de varios d\u00edas, incluyendo visitas culturales y fotogr\u00e1ficas. Organizaremos una experiencia inolvidable, espec\u00edfica para sus ambiciones de viaje; desde intr\u00e9pidos exploradores, en busca de la aventura, hasta las experiencias m\u00e1s relajadas, relajadas y lujosas.<\/p>\n<p>Atendemos a todo el espectro de viajeros. Venga a descubrir la m\u00edstica de Marruecos con nosotros! La aventura espera!<\/p>\n<!-- default-view.php -->\n<div\n\tclass=\"ngg-galleryoverview default-view \"\n\tid=\"ngg-gallery-654d80774840475713fd3eca98ed4abf-1\">\n\n\t\t<!-- Thumbnails -->\n\t\t\t\t<div id=\"ngg-image-0\" class=\"ngg-gallery-thumbnail-box \" >\n\t\t\t\t        <div class=\"ngg-gallery-thumbnail\">\n            <a href=\"https:\/\/moroccoachieveyourtravel.com\/es\/wp-content\/gallery\/home-1\/j-1.jpg\"\n               title=\"\"\n               data-src=\"https:\/\/moroccoachieveyourtravel.com\/es\/wp-content\/gallery\/home-1\/j-1.jpg\"\n               data-thumbnail=\"https:\/\/moroccoachieveyourtravel.com\/es\/wp-content\/gallery\/home-1\/thumbs\/thumbs_j-1.jpg\"\n               data-image-id=\"1\"\n               data-title=\"j-1\"\n               data-description=\"\"\n               data-image-slug=\"j-1\"\n               class=\"ngg-simplelightbox\" rel=\"654d80774840475713fd3eca98ed4abf\">\n                <img\n                    title=\"j-1\"\n                    alt=\"j-1\"\n                    src=\"https:\/\/moroccoachieveyourtravel.com\/es\/wp-content\/gallery\/home-1\/cache\/j-1.jpg-nggid011-ngg0dyn-140x100x100-00f0w010c011r110f110r010t010.jpg\"\n                    width=\"140\"\n                    height=\"100\"\n                    style=\"max-width:100%;\"\n                \/>\n            <\/a>\n        <\/div>\n\t\t\t\t\t\t\t<\/div> \n\t\t\t\n\t\t\t\t<div id=\"ngg-image-1\" class=\"ngg-gallery-thumbnail-box \" >\n\t\t\t\t        <div class=\"ngg-gallery-thumbnail\">\n            <a href=\"https:\/\/moroccoachieveyourtravel.com\/es\/wp-content\/gallery\/home-1\/j-2.jpg\"\n               title=\"\"\n               data-src=\"https:\/\/moroccoachieveyourtravel.com\/es\/wp-content\/gallery\/home-1\/j-2.jpg\"\n               data-thumbnail=\"https:\/\/moroccoachieveyourtravel.com\/es\/wp-content\/gallery\/home-1\/thumbs\/thumbs_j-2.jpg\"\n               data-image-id=\"2\"\n               data-title=\"j-2\"\n               data-description=\"\"\n               data-image-slug=\"j-2\"\n               class=\"ngg-simplelightbox\" rel=\"654d80774840475713fd3eca98ed4abf\">\n                <img\n                    title=\"j-2\"\n                    alt=\"j-2\"\n                    src=\"https:\/\/moroccoachieveyourtravel.com\/es\/wp-content\/gallery\/home-1\/cache\/j-2.jpg-nggid012-ngg0dyn-140x100x100-00f0w010c011r110f110r010t010.jpg\"\n                    width=\"140\"\n                    height=\"100\"\n                    style=\"max-width:100%;\"\n                \/>\n            <\/a>\n        <\/div>\n\t\t\t\t\t\t\t<\/div> \n\t\t\t\n\t\t\t\t<div id=\"ngg-image-2\" class=\"ngg-gallery-thumbnail-box \" >\n\t\t\t\t        <div class=\"ngg-gallery-thumbnail\">\n            <a href=\"https:\/\/moroccoachieveyourtravel.com\/es\/wp-content\/gallery\/home-1\/j-3.jpg\"\n               title=\"\"\n               data-src=\"https:\/\/moroccoachieveyourtravel.com\/es\/wp-content\/gallery\/home-1\/j-3.jpg\"\n               data-thumbnail=\"https:\/\/moroccoachieveyourtravel.com\/es\/wp-content\/gallery\/home-1\/thumbs\/thumbs_j-3.jpg\"\n               data-image-id=\"3\"\n               data-title=\"j-3\"\n               data-description=\"\"\n               data-image-slug=\"j-3\"\n               class=\"ngg-simplelightbox\" rel=\"654d80774840475713fd3eca98ed4abf\">\n                <img\n                    title=\"j-3\"\n                    alt=\"j-3\"\n                    src=\"https:\/\/moroccoachieveyourtravel.com\/es\/wp-content\/gallery\/home-1\/cache\/j-3.jpg-nggid013-ngg0dyn-140x100x100-00f0w010c011r110f110r010t010.jpg\"\n                    width=\"140\"\n                    height=\"100\"\n                    style=\"max-width:100%;\"\n                \/>\n            <\/a>\n        <\/div>\n\t\t\t\t\t\t\t<\/div> \n\t\t\t\n\t\t\t\t<div id=\"ngg-image-3\" class=\"ngg-gallery-thumbnail-box \" >\n\t\t\t\t        <div class=\"ngg-gallery-thumbnail\">\n            <a href=\"https:\/\/moroccoachieveyourtravel.com\/es\/wp-content\/gallery\/home-1\/j-4.jpg\"\n               title=\"\"\n               data-src=\"https:\/\/moroccoachieveyourtravel.com\/es\/wp-content\/gallery\/home-1\/j-4.jpg\"\n               data-thumbnail=\"https:\/\/moroccoachieveyourtravel.com\/es\/wp-content\/gallery\/home-1\/thumbs\/thumbs_j-4.jpg\"\n               data-image-id=\"4\"\n               data-title=\"j-4\"\n               data-description=\"\"\n               data-image-slug=\"j-4\"\n               class=\"ngg-simplelightbox\" rel=\"654d80774840475713fd3eca98ed4abf\">\n                <img\n                    title=\"j-4\"\n                    alt=\"j-4\"\n                    src=\"https:\/\/moroccoachieveyourtravel.com\/es\/wp-content\/gallery\/home-1\/cache\/j-4.jpg-nggid014-ngg0dyn-140x100x100-00f0w010c011r110f110r010t010.jpg\"\n                    width=\"140\"\n                    height=\"100\"\n                    style=\"max-width:100%;\"\n                \/>\n            <\/a>\n        <\/div>\n\t\t\t\t\t\t\t<\/div> \n\t\t\t\n\t\t\t\t<div id=\"ngg-image-4\" class=\"ngg-gallery-thumbnail-box \" >\n\t\t\t\t        <div class=\"ngg-gallery-thumbnail\">\n            <a href=\"https:\/\/moroccoachieveyourtravel.com\/es\/wp-content\/gallery\/home-1\/j-5.jpg\"\n               title=\"\"\n               data-src=\"https:\/\/moroccoachieveyourtravel.com\/es\/wp-content\/gallery\/home-1\/j-5.jpg\"\n               data-thumbnail=\"https:\/\/moroccoachieveyourtravel.com\/es\/wp-content\/gallery\/home-1\/thumbs\/thumbs_j-5.jpg\"\n               data-image-id=\"5\"\n               data-title=\"j-5\"\n               data-description=\"\"\n               data-image-slug=\"j-5\"\n               class=\"ngg-simplelightbox\" rel=\"654d80774840475713fd3eca98ed4abf\">\n                <img\n                    title=\"j-5\"\n                    alt=\"j-5\"\n                    src=\"https:\/\/moroccoachieveyourtravel.com\/es\/wp-content\/gallery\/home-1\/cache\/j-5.jpg-nggid015-ngg0dyn-140x100x100-00f0w010c011r110f110r010t010.jpg\"\n                    width=\"140\"\n                    height=\"100\"\n                    style=\"max-width:100%;\"\n                \/>\n            <\/a>\n        <\/div>\n\t\t\t\t\t\t\t<\/div> \n\t\t\t\n\t\t\t\t<div id=\"ngg-image-5\" class=\"ngg-gallery-thumbnail-box \" >\n\t\t\t\t        <div class=\"ngg-gallery-thumbnail\">\n            <a href=\"https:\/\/moroccoachieveyourtravel.com\/es\/wp-content\/gallery\/home-1\/j-6.jpg\"\n               title=\"\"\n               data-src=\"https:\/\/moroccoachieveyourtravel.com\/es\/wp-content\/gallery\/home-1\/j-6.jpg\"\n               data-thumbnail=\"https:\/\/moroccoachieveyourtravel.com\/es\/wp-content\/gallery\/home-1\/thumbs\/thumbs_j-6.jpg\"\n               data-image-id=\"6\"\n               data-title=\"j-6\"\n               data-description=\"\"\n               data-image-slug=\"j-6\"\n               class=\"ngg-simplelightbox\" rel=\"654d80774840475713fd3eca98ed4abf\">\n                <img\n                    title=\"j-6\"\n                    alt=\"j-6\"\n                    src=\"https:\/\/moroccoachieveyourtravel.com\/es\/wp-content\/gallery\/home-1\/cache\/j-6.jpg-nggid016-ngg0dyn-140x100x100-00f0w010c011r110f110r010t010.jpg\"\n                    width=\"140\"\n                    height=\"100\"\n                    style=\"max-width:100%;\"\n                \/>\n            <\/a>\n        <\/div>\n\t\t\t\t\t\t\t<\/div> \n\t\t\t\n\t\t\t\t<div id=\"ngg-image-6\" class=\"ngg-gallery-thumbnail-box \" >\n\t\t\t\t        <div class=\"ngg-gallery-thumbnail\">\n            <a href=\"https:\/\/moroccoachieveyourtravel.com\/es\/wp-content\/gallery\/home-1\/j-7.jpg\"\n               title=\"\"\n               data-src=\"https:\/\/moroccoachieveyourtravel.com\/es\/wp-content\/gallery\/home-1\/j-7.jpg\"\n               data-thumbnail=\"https:\/\/moroccoachieveyourtravel.com\/es\/wp-content\/gallery\/home-1\/thumbs\/thumbs_j-7.jpg\"\n               data-image-id=\"7\"\n               data-title=\"j-7\"\n               data-description=\"\"\n               data-image-slug=\"j-7\"\n               class=\"ngg-simplelightbox\" rel=\"654d80774840475713fd3eca98ed4abf\">\n                <img\n                    title=\"j-7\"\n                    alt=\"j-7\"\n                    src=\"https:\/\/moroccoachieveyourtravel.com\/es\/wp-content\/gallery\/home-1\/cache\/j-7.jpg-nggid017-ngg0dyn-140x100x100-00f0w010c011r110f110r010t010.jpg\"\n                    width=\"140\"\n                    height=\"100\"\n                    style=\"max-width:100%;\"\n                \/>\n            <\/a>\n        <\/div>\n\t\t\t\t\t\t\t<\/div> \n\t\t\t\n\t\t\t\t<div id=\"ngg-image-7\" class=\"ngg-gallery-thumbnail-box \" >\n\t\t\t\t        <div class=\"ngg-gallery-thumbnail\">\n            <a href=\"https:\/\/moroccoachieveyourtravel.com\/es\/wp-content\/gallery\/home-1\/j-8.jpg\"\n               title=\"\"\n               data-src=\"https:\/\/moroccoachieveyourtravel.com\/es\/wp-content\/gallery\/home-1\/j-8.jpg\"\n               data-thumbnail=\"https:\/\/moroccoachieveyourtravel.com\/es\/wp-content\/gallery\/home-1\/thumbs\/thumbs_j-8.jpg\"\n               data-image-id=\"8\"\n               data-title=\"j-8\"\n               data-description=\"\"\n               data-image-slug=\"j-8\"\n               class=\"ngg-simplelightbox\" rel=\"654d80774840475713fd3eca98ed4abf\">\n                <img\n                    title=\"j-8\"\n                    alt=\"j-8\"\n                    src=\"https:\/\/moroccoachieveyourtravel.com\/es\/wp-content\/gallery\/home-1\/cache\/j-8.jpg-nggid018-ngg0dyn-140x100x100-00f0w010c011r110f110r010t010.jpg\"\n                    width=\"140\"\n                    height=\"100\"\n                    style=\"max-width:100%;\"\n                \/>\n            <\/a>\n        <\/div>\n\t\t\t\t\t\t\t<\/div> \n\t\t\t\n\t\n\t<br style=\"clear: both\" \/>\n\n\t\n\t\t<!-- Pagination -->\n\t<div class='ngg-clear'><\/div>\t<\/div>\n\n","protected":false},"excerpt":{"rendered":"<p>Bienvenido a Marruecos Realice su viaje: Morocco Achieve Your Travel es una empresa de viajes profesional y apasionada que se especializa en viajes a medida adaptados especialmente a sus aspiraciones de viaje. Los tours se organizan a cualquier destino de su elecci\u00f3n, en todo Marruecos. Nombra el lugar y te llevaremos all\u00ed! Marruecos es un<\/p>\n","protected":false},"author":1,"featured_media":0,"parent":0,"menu_order":0,"comment_status":"closed","ping_status":"closed","template":"","meta":{"ngg_post_thumbnail":0,"footnotes":""},"class_list":["post-8","page","type-page","status-publish","hentry"],"_links":{"self":[{"href":"https:\/\/moroccoachieveyourtravel.com\/es\/wp-json\/wp\/v2\/pages\/8","targetHints":{"allow":["GET"]}}],"collection":[{"href":"https:\/\/moroccoachieveyourtravel.com\/es\/wp-json\/wp\/v2\/pages"}],"about":[{"href":"https:\/\/moroccoachieveyourtravel.com\/es\/wp-json\/wp\/v2\/types\/page"}],"author":[{"embeddable":true,"href":"https:\/\/moroccoachieveyourtravel.com\/es\/wp-json\/wp\/v2\/users\/1"}],"replies":[{"embeddable":true,"href":"https:\/\/moroccoachieveyourtravel.com\/es\/wp-json\/wp\/v2\/comments?post=8"}],"version-history":[{"count":13,"href":"https:\/\/moroccoachieveyourtravel.com\/es\/wp-json\/wp\/v2\/pages\/8\/revisions"}],"predecessor-version":[{"id":269,"href":"https:\/\/moroccoachieveyourtravel.com\/es\/wp-json\/wp\/v2\/pages\/8\/revisions\/269"}],"wp:attachment":[{"href":"https:\/\/moroccoachieveyourtravel.com\/es\/wp-json\/wp\/v2\/media?parent=8"}],"curies":[{"name":"wp","href":"https:\/\/api.w.org\/{rel}","templated":true}]}}