{"id":83,"date":"2018-12-27T14:26:02","date_gmt":"2018-12-27T14:26:02","guid":{"rendered":"https:\/\/moroccoachieveyourtravel.com\/wp\/?page_id=83"},"modified":"2019-01-08T15:15:41","modified_gmt":"2019-01-08T15:15:41","slug":"9-dias-de-casablanca-a-merzouga-desierto-del-sahara","status":"publish","type":"page","link":"https:\/\/moroccoachieveyourtravel.com\/es\/9-dias-de-casablanca-a-merzouga-desierto-del-sahara\/","title":{"rendered":"9 D\u00edas desde Casablanca a Merzouga Desierto del Sahara"},"content":{"rendered":"<h4>D\u00eda 1 Nos vemos en el aeropuerto de Casablanca y nos dirigimos a Fez.<\/h4>\n<p>El comienzo de nuestro viaje comenzar\u00e1 en el aeropuerto de Casablanca, donde nos reuniremos con usted y le recogeremos para ir a Fez. Pasaremos por las ciudades de Rabat y Meknes antes de llegar a Fez, donde pasaremos la noche.<\/p>\n<h4>D\u00eda 2 Visita tur\u00edstica de Fez.<\/h4>\n<p>Despu\u00e9s del desayuno en su riad, comenzamos el tour alrededor de Fez y visitaremos la Mellah, que es una de las m\u00e1s antiguas de Marruecos que fue construida en el siglo XV. Visitaremos la Puerta del Palacio Real, la sede jud\u00eda, el Museo Nejjarine de Artes y Oficios de la Madera, la Mezquita y la Universidad de Kairaouine, y otras cosas. M\u00e1s tarde podr\u00e1 disfrutar de su tiempo libre caminando por los zocos.<\/p>\n<h4>D\u00eda 3 Medio d\u00eda libre por la ma\u00f1ana en Fez y traslado a Midelt por la tarde.<\/h4>\n<p>Despu\u00e9s de descubrir Fez y disfrutar de sus monumentos, a las 11 de la ma\u00f1ana viajaremos a Midelt y pasaremos por la ciudad de Ifran, apodada la &#8220;Suiza marroqu\u00ed&#8221; y que est\u00e1 en camino de convertirse en la estaci\u00f3n de deportes de invierno preferida de la \u00e9lite marroqu\u00ed. La ciudad tambi\u00e9n cuenta con la \u00fanica universidad angl\u00f3fona de Marruecos, Al Akhawayne, y es una excelente base para excursionistas y pescadores de truchas, tanto en verano como en invierno. Tambi\u00e9n visitaremos los p\u00e1jaros negros en Ifran. A continuaci\u00f3n, nos dirigiremos a Azrou y haremos una parada para ver el arom\u00e1tico Bosque de Cedros y donde viven los monos macacos de Berber\u00eda conocidos como &#8220;Magots&#8221;. Luego seguiremos la ruta a lo largo de las colinas y monta\u00f1as del Atlas. Alojamiento en Midelt.<\/p>\n<h4>D\u00eda 4 Midelt &#8211; Valle del Ziz &#8211; Merzouga &#8211; Excursi\u00f3n en camello y noche en un campamento.<\/h4>\n<p>Despu\u00e9s del desayuno en la ma\u00f1ana viajaremos a Merzouga v\u00eda Errachidia, Valle del Ziz, Erfoud y Rissani. Pasaremos por el paso de Tizi N&#8217;talghomt donde pararemos para ver las fant\u00e1sticas vistas de las monta\u00f1as, colinas, el desfiladero de Ziz, las palmeras a lo largo del r\u00edo Ziz y el tanque de oasis. A continuaci\u00f3n, pasaremos por la ciudad de Errachidia y haremos una parada para apreciar las vistas panor\u00e1micas del valle de Ziz y las majestuosas palmeras. Nuestro viaje terminar\u00e1 en Merzouga, donde tomaremos una taza de t\u00e9 a la menta antes de su viaje en camello a las dunas de arena para disfrutar de la noche bajo la luna y las estrellas en las tradicionales tiendas de campa\u00f1a bereberes y escuchar el sonido de la m\u00fasica de los tambores.<\/p>\n<h4>D\u00eda 5 Merzouga &#8211; Rissani &#8211; Gargantas de Erfoud-Toudgha &#8211; Boumalane Dades &#8211; Gargantas de Dades.<\/h4>\n<p>Despu\u00e9s de ver el amanecer, el hombre camello te llevar\u00e1 de vuelta al hotel donde podr\u00e1s ducharte y desayunar. Despu\u00e9s, regresaremos a Rissani donde visitaremos un antiguo mercado que vende artesan\u00edas, ropa y d\u00e1tiles \u00fanicos. Despu\u00e9s, saldremos y visitaremos el desfiladero estrecho m\u00e1s alto de Marruecos (GORGE TODGHA). Despu\u00e9s del desfiladero de Todgha nos dirigiremos a Bomalane Dades y descubriremos el valle de Dades y su majestuosa estructura rocosa llamada los &#8220;Monkeys Toes&#8221;. Alojamiento en Gorde Dades.<\/p>\n<h4>D\u00eda 6 Barranco del Dades &#8211; Valle de Roses &#8211; Skoura &#8211; Ouarzazate &#8211; Kasbah de Ait Ben Haddou &#8211; Marrakech.<\/h4>\n<p>Despu\u00e9s del desayuno en el hotel en Gorge Dades nos dirigiremos a Ouarzazate y pasaremos por el oasis de Skoura con sus aut\u00e9nticas Kasbahs, y luego Ouarzazate que es conocido como el &#8220;Hollywood del Desierto&#8221; y de Marruecos en general. Durante su visita a Ouarzazate, ver\u00e1 una kasbah de Taourirt, que fue la kasbah del antiguo Caid Thami El Glaoui, donde se han rodado muchas pel\u00edculas aqu\u00ed en los estudios Atlas. Despu\u00e9s de Ouarzazate nos dirigiremos a la aldea fortificada, Kasbah de Ait Ben Haddou, que est\u00e1 bajo la categor\u00eda de Patrimonio de la Humanidad de la UNESCO. Despu\u00e9s de Ait Ben Haddou viajaremos directamente a Marrakech cruzando las curvas de Tizi Ntichka en las monta\u00f1as del Alto Atlas. Despu\u00e9s de las curvas de Tizi Ntichka entraremos en la ciudad de Marrakech donde terminar\u00e1 nuestro tour.<\/p>\n<h4>D\u00eda 7<\/h4>\n<p>El d\u00eda completo se pasar\u00e1 en la ciudad de Marrakech con un gu\u00eda local, comenzando por la famosa plaza de Jamaa el Fna, que alberga una gran variedad de comida, m\u00fasicos locales y adivinos. Luego visitaremos el Palacio de Bah\u00eda, las Tumbas Saadianas y el alminar de Koutoubia. M\u00e1s tarde podr\u00e1 disfrutar de su tiempo libre caminando por los zocos. La pernoctaci\u00f3n ser\u00e1 en un riad\/hotel.<\/p>\n<h4>D\u00eda 8 D\u00eda libre en Marrakech.<\/h4>\n<p>El octavo d\u00eda ser\u00e1 su d\u00eda libre en Marrakech para que pueda descubrir las tiendas y los zocos o simplemente relajarse en la atm\u00f3sfera de Marrakech.<\/p>\n<h4>D\u00eda 9 Marrakech al aeropuerto<\/h4>\n<p>Durante el d\u00eda lo trasladaremos al aeropuerto para su vuelo de regreso a casa.<\/p>\n","protected":false},"excerpt":{"rendered":"<p>D\u00eda 1 Nos vemos en el aeropuerto de Casablanca y nos dirigimos a Fez. El comienzo de nuestro viaje comenzar\u00e1 en el aeropuerto de Casablanca, donde nos reuniremos con usted y le recogeremos para ir a Fez. Pasaremos por las ciudades de Rabat y Meknes antes de llegar a Fez, donde pasaremos la noche. D\u00eda<\/p>\n","protected":false},"author":1,"featured_media":0,"parent":0,"menu_order":0,"comment_status":"closed","ping_status":"closed","template":"","meta":{"ngg_post_thumbnail":0,"footnotes":""},"class_list":["post-83","page","type-page","status-publish","hentry"],"_links":{"self":[{"href":"https:\/\/moroccoachieveyourtravel.com\/es\/wp-json\/wp\/v2\/pages\/83","targetHints":{"allow":["GET"]}}],"collection":[{"href":"https:\/\/moroccoachieveyourtravel.com\/es\/wp-json\/wp\/v2\/pages"}],"about":[{"href":"https:\/\/moroccoachieveyourtravel.com\/es\/wp-json\/wp\/v2\/types\/page"}],"author":[{"embeddable":true,"href":"https:\/\/moroccoachieveyourtravel.com\/es\/wp-json\/wp\/v2\/users\/1"}],"replies":[{"embeddable":true,"href":"https:\/\/moroccoachieveyourtravel.com\/es\/wp-json\/wp\/v2\/comments?post=83"}],"version-history":[{"count":6,"href":"https:\/\/moroccoachieveyourtravel.com\/es\/wp-json\/wp\/v2\/pages\/83\/revisions"}],"predecessor-version":[{"id":323,"href":"https:\/\/moroccoachieveyourtravel.com\/es\/wp-json\/wp\/v2\/pages\/83\/revisions\/323"}],"wp:attachment":[{"href":"https:\/\/moroccoachieveyourtravel.com\/es\/wp-json\/wp\/v2\/media?parent=83"}],"curies":[{"name":"wp","href":"https:\/\/api.w.org\/{rel}","templated":true}]}}