{"id":85,"date":"2018-12-27T14:26:43","date_gmt":"2018-12-27T14:26:43","guid":{"rendered":"https:\/\/moroccoachieveyourtravel.com\/wp\/?page_id=85"},"modified":"2019-01-08T15:03:27","modified_gmt":"2019-01-08T15:03:27","slug":"11-dias-de-casablanca-al-desierto-de-merzouga","status":"publish","type":"page","link":"https:\/\/moroccoachieveyourtravel.com\/es\/11-dias-de-casablanca-al-desierto-de-merzouga\/","title":{"rendered":"11 D\u00edas de Casablanca al desierto de Merzouga"},"content":{"rendered":"<h4>D\u00eda 1: Casablanca &#8211; Rabat &#8211; Chefchaouen<\/h4>\n<p>A su llegada, le recibiremos en el aeropuerto y nos dirigiremos a Casablanca y luego a Rabat. En Casablanca ver\u00e1 la Mezquita de Hassan II, la m\u00e1s grande fuera de La Meca, y experimentar\u00e1 la costa de Cornualles. Despu\u00e9s, nos dirigiremos a Rabat, la capital de Marruecos. Aqu\u00ed, podr\u00e1 ver la Torre Hassan, la Kasbah de Oudaya, el viaje a Chefchaouen a trav\u00e9s de la ciudad de Knitra y la monta\u00f1a del Rif, cruzando a trav\u00e9s de Wazzan y otros pueblos del Rif. Estaremos en la tarde de Chefchaouen.<\/p>\n<h4>D\u00eda 2: Chefchaouen &#8211; Meknes &#8211; Volubis &#8211; Fes<\/h4>\n<p>Hoy visitaremos Chefchaoune ,Wazan y otros pueblos del Rif. En Volubilis descubriremos las ruinas romanas y aprenderemos sobre el sitio arqueol\u00f3gico de la historia marroqu\u00ed ,despu\u00e9s de la visita de las ruinas nos trasladaremos a la ciudad de Meknes, el patrimonio del siglo XVII, donde nos detendremos para almorzar y colgaremos alrededor de las hist\u00f3ricas murallas de la medina, Bab El Mansour, y disfrutaremos de una visita del santuario de Moulay ismail&#8230; Luego nos dirigiremos directamente a la ciudad de Fez donde pasaremos la noche.<\/p>\n<h4>D\u00eda 3 : Fez &#8211; Excursiones<\/h4>\n<p>Hoy empezar\u00e1s a explorar la ciudad m\u00e1s antigua de Marruecos, caminando por sus callejones y peque\u00f1as calles. Nuestra visita comienza visitando la puerta del Palacio Real, la sede jud\u00eda, la primera Mellah construida en Marruecos en el siglo XVI. Nos aseguraremos de que usted visite todos los sitios de inter\u00e9s cultural e hist\u00f3rico, incluyendo la famosa Universidad de Al Qaraouine, la m\u00e1s antigua de la regi\u00f3n, las curtidur\u00edas, el museo Attarine y el mausoleo de Mulay Idriss. Despu\u00e9s del almuerzo, visitaremos la cooperativa de azulejos y disfrutaremos de una maravillosa vista panor\u00e1mica de toda la Medina de Fez.<\/p>\n<h4>D\u00eda 4: Fez &#8211; Ifrane &#8211; Midelt &#8211; Valle del Ziz &#8211; Merzouga<\/h4>\n<p>Le recogeremos de su hotel o riad en Fez y luego conduciremos hacia el sur a Ifrane y Azrou por las monta\u00f1as del Medio Atlas. En el camino nos detendremos en el bosque de cedros para ver al mono b\u00e1rbaro en su h\u00e1bitat natural. Viajando a trav\u00e9s del paso de Tizi Ntalghamt a Midelt y a lo largo de las magn\u00edficas gargantas del Ziz talladas a trav\u00e9s de la roca volc\u00e1nica, ver\u00e1s vistas de la meseta del Atlas Medio, notando c\u00f3mo el paisaje cambia para revelar indicios del desierto a medida que te acercas a la ciudad de Errachidia. Despu\u00e9s del almuerzo, continuaremos nuestro viaje a trav\u00e9s del valle del Ziz Erfoud, Rissani y Merzouga. Despu\u00e9s de un vaso de t\u00e9 de menta, dejaremos nuestro equipaje en una habitaci\u00f3n y luego llevaremos los camellos a un campamento bereber en medio de las Dunas Erg Chebbi Sad. Con 20 km de largo y 5 km de ancho, tambi\u00e9n tiene fama de ser la duna de arena m\u00e1s alta del norte de \u00c1frica. Es un entorno \u00fanico y diverso. La caminata en camello dura aproximadamente 1 hora y 30 minutos desde el hotel hasta el campamento, donde continuamos con el esp\u00edritu del estilo de vida n\u00f3mada bereber. All\u00ed instalamos 3 tiendas de campa\u00f1a bereberes con restaurante y cocina adicionales, con las dunas como equipamiento b\u00e1sico. Las carpas est\u00e1n bien equipadas y proveemos colchones, mantas y cojines. Despu\u00e9s de la cena nos reunimos alrededor de la chimenea y disfrutamos de la noche en el desierto, quiz\u00e1s con tambores bereberes tradicionales.<\/p>\n<h4>D\u00eda 5: Erg Chebbi Tour<\/h4>\n<p>Despu\u00e9s del desayuno se aventurar\u00e1 en la regi\u00f3n carism\u00e1tica. Tendr\u00e1 la oportunidad de compartir un t\u00e9 con la familia n\u00f3mada, visitar el desierto negro y sus f\u00f3siles, y escuchar m\u00fasica t\u00edpica de Khamlia mientras degusta una deliciosa pizza bereber.<\/p>\n<h4>D\u00eda 6: Merzouga &#8211; Gargantas del Toudgha &#8211; Valle del Dades<\/h4>\n<p>El hombre camello te despertar\u00e1 temprano en la ma\u00f1ana para ver lo que puede ser el mejor amanecer de tu vida. Despu\u00e9s, regresar\u00e1 tranquilamente en camello a su hotel y apreciar\u00e1 la belleza \u00fanica de las espectaculares dunas de Erg Chebbi, que cambian con la luz a medida que avanza el d\u00eda. Despu\u00e9s del desayuno y la ducha, saldr\u00e1 hacia los desfiladeros de Tinghir y Todra, los m\u00e1s altos y estrechos de Marruecos, antes de llegar al valle del Dades para cenar y alojarse.<\/p>\n<h4>D\u00eda 7: Valle del Dades &#8211; Cuevas n\u00f3madas &#8211; Ouarzazette<\/h4>\n<p>Despu\u00e9s del desayuno en el hotel, usted viajar\u00e1 a trav\u00e9s del Valle del Dades hacia Kalaa M&#8217;gouna y Ouarzazate. La ruta a trav\u00e9s del Valle del Dades es el camino de las mil Kasbahs, lo que ofrece numerosas oportunidades para tomar algunas de las mejores fotograf\u00edas del viaje. Hoy tendr\u00e1s la oportunidad de conocer a los N\u00f3madas Berberiscos en sus cuevas y luego disfrutar\u00e1s del f\u00e9rtil valle de las Rosas y de las formaciones rocosas a lo largo del camino. Nos detendremos en Kalaat M&#8217;gouna, &#8220;la ciudad de las rosas&#8221;, para comprar el agua de rosas, que har\u00e1 que su ropa huele bien mucho tiempo despu\u00e9s de su viaje. Continuando hacia Skoura y el valle de los p\u00e1jaros, visitaremos la Kasbah Ameridil, una kasbah bien conservada en esta zona, seguida de una ligera caminata por el valle y una parada para almorzar en un restaurante con vistas a todo el valle. Despu\u00e9s del almuerzo se llega a Ouarzazate, &#8220;el Hollywood de \u00c1frica&#8221;, cuya geograf\u00eda y hermosos paisajes han atra\u00eddo a muchos productores cinematogr\u00e1ficos de clase mundial. Aqu\u00ed usted puede elegir visitar los estudios, que contienen accesorios utilizados en las pel\u00edculas, que ya ha visto, como La momia, Gladiador y la \u00faltima tentaci\u00f3n de Cristo.<\/p>\n<h4>D\u00eda 8 Ouarzazette &#8211; Kasbah de Ait Benhaddou &#8211; Marrakech<\/h4>\n<p>Despu\u00e9s del desayuno en el Hotel (Ksar), viajar\u00e1 a Asni e Imlil a trav\u00e9s del dram\u00e1tico paso Tizi Ntichka. Hoy se detendr\u00e1 en la famosa Kasbah de Ait Benhaddou. La Kasbah m\u00e1s grande de Marruecos, fue construida por T-hami El Glaoui, uno de los \u00faltimos caciques bereberes, a finales del siglo XIX para ser una de sus paradas durante sus largas rutas comerciales a Timbuctu en Mal\u00ed. Ahora la Kasbah alberga a muchos de los miembros de la familia Glaoui. Despu\u00e9s de una breve visita a la Kasbah, su viaje continuar\u00e1 a trav\u00e9s del majestuoso Tizi n&#8217;tichka en el alto Atlas antes de llegar a Marrakech. Noche en un Riad<\/p>\n<h4>D\u00eda 9 : De Marrakech a Agadir<\/h4>\n<p>Despu\u00e9s del desayuno en coche agdir u descubrir\u00e1 lo mejor de Agadir en esta visita guiada de la ciudad. Contemple el puerto deportivo, disfrute de las impresionantes vistas panor\u00e1micas desde la fortaleza de la Kasbah y pruebe sus habilidades de negociaci\u00f3n mientras visita un zoco local (mercado).<\/p>\n<h4>D\u00eda 10: De Agadir a Essaouira<\/h4>\n<p>El conductor le recoger\u00e1 de su hotel en Agadir y le trasladar\u00e1 para visitar Essaouira (aproximadamente 02 horas y media en coche) incluyendo el puerto y sus murallas, la antigua Medina y &#8220;Scala&#8221;. En el Puerto usted tendr\u00e1 el ambiente de esta antigua ciudad es fascinante, ya que caminar\u00e1 por las antiguas calles portuguesas de la antigua Medina.<\/p>\n<h4>D\u00eda 11 : Ferry de Essaouira a Casablanca<\/h4>\n<p>Por la ma\u00f1ana tendr\u00e1 que montar a caballo despu\u00e9s de conducir al aeropuerto de Casablanca.<\/p>\n","protected":false},"excerpt":{"rendered":"<p>D\u00eda 1: Casablanca &#8211; Rabat &#8211; Chefchaouen A su llegada, le recibiremos en el aeropuerto y nos dirigiremos a Casablanca y luego a Rabat. En Casablanca ver\u00e1 la Mezquita de Hassan II, la m\u00e1s grande fuera de La Meca, y experimentar\u00e1 la costa de Cornualles. Despu\u00e9s, nos dirigiremos a Rabat, la capital de Marruecos. Aqu\u00ed,<\/p>\n","protected":false},"author":1,"featured_media":0,"parent":0,"menu_order":0,"comment_status":"closed","ping_status":"closed","template":"","meta":{"ngg_post_thumbnail":0,"footnotes":""},"class_list":["post-85","page","type-page","status-publish","hentry"],"_links":{"self":[{"href":"https:\/\/moroccoachieveyourtravel.com\/es\/wp-json\/wp\/v2\/pages\/85","targetHints":{"allow":["GET"]}}],"collection":[{"href":"https:\/\/moroccoachieveyourtravel.com\/es\/wp-json\/wp\/v2\/pages"}],"about":[{"href":"https:\/\/moroccoachieveyourtravel.com\/es\/wp-json\/wp\/v2\/types\/page"}],"author":[{"embeddable":true,"href":"https:\/\/moroccoachieveyourtravel.com\/es\/wp-json\/wp\/v2\/users\/1"}],"replies":[{"embeddable":true,"href":"https:\/\/moroccoachieveyourtravel.com\/es\/wp-json\/wp\/v2\/comments?post=85"}],"version-history":[{"count":6,"href":"https:\/\/moroccoachieveyourtravel.com\/es\/wp-json\/wp\/v2\/pages\/85\/revisions"}],"predecessor-version":[{"id":302,"href":"https:\/\/moroccoachieveyourtravel.com\/es\/wp-json\/wp\/v2\/pages\/85\/revisions\/302"}],"wp:attachment":[{"href":"https:\/\/moroccoachieveyourtravel.com\/es\/wp-json\/wp\/v2\/media?parent=85"}],"curies":[{"name":"wp","href":"https:\/\/api.w.org\/{rel}","templated":true}]}}