{"id":87,"date":"2018-12-27T14:27:10","date_gmt":"2018-12-27T14:27:10","guid":{"rendered":"https:\/\/moroccoachieveyourtravel.com\/wp\/?page_id=87"},"modified":"2019-01-08T15:11:03","modified_gmt":"2019-01-08T15:11:03","slug":"8-dias-desde-casablanca-al-desierto","status":"publish","type":"page","link":"https:\/\/moroccoachieveyourtravel.com\/es\/8-dias-desde-casablanca-al-desierto\/","title":{"rendered":"8 D\u00edas desde Casablanca al desierto"},"content":{"rendered":"<h4>D\u00eda 1: Desde Casablanca a Fez<\/h4>\n<p>Excursi\u00f3n de 8 d\u00edas al desierto de Casablanca, Salida de Casablanca hacia Rabat; la capital marroqu\u00ed y ver sus sitios hist\u00f3ricos como la Torre de Hassan y finalmente tomar el camino a las ruinas romanas; Volubilis, es famoso por sus hermosas columnas de mosaico y contiene muchas puertas arqueadas y altos muros. Por la tarde, nos dirigiremos a Fez para cenar y pasar la noche en su Riad.<\/p>\n<h4>D\u00eda 2: Visita de Fez<\/h4>\n<p>Esta vesita permite visitar los monumentos hist\u00f3ricos m\u00e1s importantes como la Universidad de Quarrawiyyin, que es la universidad m\u00e1s antigua del mundo, las madrazas Al Bounania y Attarine, los museos Nejjarine y Batha para descubrir algunas obras maestras de madera \u00fanicas, adem\u00e1s de mercader\u00eda antigua, la curtidur\u00eda chaouara, un foso espectacular y colorido donde los artesanos fabrican el cuero de las pieles. M\u00e1s tarde, visitaremos algunas tiendas de artesan\u00edas y usted tendr\u00e1 la oportunidad de comprar recuerdos si lo desea. cena y noche en su Riad.<\/p>\n<h4>D\u00eda 3: De Fez a Merzouga a trav\u00e9s de las ciudades del Medio Atlas<\/h4>\n<p>Salida hacia Merzouga a trav\u00e9s de las hermosas ciudades bereberes del Medio Atlas, Ifrane, Azrou, Luego iremos a Merzouga y haremos una parada en el Valle de Ziz, tomaremos un poco de tiempo libre para disfrutar de m\u00e1s vistas panor\u00e1micas junto a Erfoud y Rissani. La llegada a Merzouga llegar\u00e1 a \u00faltima hora de la tarde y le llevaremos a las tiendas n\u00f3madas donde pasaremos la noche.<\/p>\n<h4>D\u00eda 4: Merzouga &#8211; Gargantas del Toudgha &#8211; Valle del Dades<\/h4>\n<p>Nos despertaremos para no perdernos el hermoso amanecer en las dunas. Luego regresaremos a Camels al hotel para un descanso y una ducha. Continuaremos nuestro viaje hacia el Valle del Dades; Valle de las Rosas, a trav\u00e9s de las monta\u00f1as y el desfiladero del Todra, cena y alojamiento en un hotel.<\/p>\n<h4>D\u00eda 5: Valle del Dades &#8211; Ouarzazate &#8211; Kasbah Ait Ben Haddou &#8211; Alto Atlas &#8211; Marrakech<\/h4>\n<p>Despu\u00e9s del desayuno, dejaremos el valle del Dades hacia Kalaa M&#8217;Gouna y Ouarzazate. Viajaremos a trav\u00e9s de la ciudad de Ouarzazate, y luego pasaremos por Ait Ben Haddou Kasbah, la kasbah m\u00e1s grande de Marruecos. Luego nos dirigiremos a Marrakech cruzando las monta\u00f1as del Alto Atlas, disfrutando de los hermosos lugares y los hermosos pueblos bereberes a lo largo de la carretera a Marrakech donde pasaremos la noche.<\/p>\n<h4>D\u00eda 6: Visita Marrakech<\/h4>\n<p>Despu\u00e9s del desayuno, comenzaremos a descubrir Marrakech, nos aseguraremos de que usted visite los lugares hist\u00f3ricos y culturales m\u00e1s interesantes empezando por los Jardines Majorelle, la Torre Koutoubia, las Tumbas Saadianas, el Palacio de Bah\u00eda y la Jamaa El Fna. Despu\u00e9s del almuerzo, caminaremos por los zocos, cenaremos y pasaremos la noche en su Riad.<\/p>\n<h4>D\u00eda 7: D\u00eda libre en Marrakech<\/h4>\n<p>Usted tiene este d\u00eda libre si quiere descubrir m\u00e1s por s\u00ed mismo, o simplemente relajarse y relajarse mientras disfruta del clima caluroso de Marrakech.<\/p>\n<h4>D\u00eda 8: Regreso a Casablanca<\/h4>\n<p>Te recogeremos en tu Riad y te llevaremos de vuelta a Casablanca.<\/p>\n","protected":false},"excerpt":{"rendered":"<p>D\u00eda 1: Desde Casablanca a Fez Excursi\u00f3n de 8 d\u00edas al desierto de Casablanca, Salida de Casablanca hacia Rabat; la capital marroqu\u00ed y ver sus sitios hist\u00f3ricos como la Torre de Hassan y finalmente tomar el camino a las ruinas romanas; Volubilis, es famoso por sus hermosas columnas de mosaico y contiene muchas puertas arqueadas<\/p>\n","protected":false},"author":1,"featured_media":0,"parent":0,"menu_order":0,"comment_status":"closed","ping_status":"closed","template":"","meta":{"ngg_post_thumbnail":0,"footnotes":""},"class_list":["post-87","page","type-page","status-publish","hentry"],"_links":{"self":[{"href":"https:\/\/moroccoachieveyourtravel.com\/es\/wp-json\/wp\/v2\/pages\/87","targetHints":{"allow":["GET"]}}],"collection":[{"href":"https:\/\/moroccoachieveyourtravel.com\/es\/wp-json\/wp\/v2\/pages"}],"about":[{"href":"https:\/\/moroccoachieveyourtravel.com\/es\/wp-json\/wp\/v2\/types\/page"}],"author":[{"embeddable":true,"href":"https:\/\/moroccoachieveyourtravel.com\/es\/wp-json\/wp\/v2\/users\/1"}],"replies":[{"embeddable":true,"href":"https:\/\/moroccoachieveyourtravel.com\/es\/wp-json\/wp\/v2\/comments?post=87"}],"version-history":[{"count":6,"href":"https:\/\/moroccoachieveyourtravel.com\/es\/wp-json\/wp\/v2\/pages\/87\/revisions"}],"predecessor-version":[{"id":318,"href":"https:\/\/moroccoachieveyourtravel.com\/es\/wp-json\/wp\/v2\/pages\/87\/revisions\/318"}],"wp:attachment":[{"href":"https:\/\/moroccoachieveyourtravel.com\/es\/wp-json\/wp\/v2\/media?parent=87"}],"curies":[{"name":"wp","href":"https:\/\/api.w.org\/{rel}","templated":true}]}}