{"id":89,"date":"2018-12-27T14:27:43","date_gmt":"2018-12-27T14:27:43","guid":{"rendered":"https:\/\/moroccoachieveyourtravel.com\/wp\/?page_id=89"},"modified":"2019-01-08T15:09:33","modified_gmt":"2019-01-08T15:09:33","slug":"7-dias-de-casablanca-a-marrakech","status":"publish","type":"page","link":"https:\/\/moroccoachieveyourtravel.com\/es\/7-dias-de-casablanca-a-marrakech\/","title":{"rendered":"7 D\u00edas desde Casablanca a Marrakech"},"content":{"rendered":"<h4>D\u00cdA 1: CASABLANCA &#8211; RABAT &#8211; MEKNES &#8211; FES<\/h4>\n<p>Salida de Casablanca para explorar los principales sitios de Casablanca, luego nos dirigimos a Rabat, capital. Exploraremos las principales atracciones y monumentos, luego nos dirigiremos a Meknes y Fez donde pasaremos la noche en un hotel local.<\/p>\n<h4>D\u00cdA 2: LUGARES DE INTER\u00c9S DE FES<\/h4>\n<p>Caminaremos por los callejones de Fez, visitaremos el barrio jud\u00edo y otros sitios culturales e hist\u00f3ricos, incluyendo la Universidad de Al Qaraouine, las curtidur\u00edas y el mausoleo de Moulay Idriss. Pasaremos la noche en el riad local.<\/p>\n<h4>D\u00cdA 3: FES &#8211; MERZOUGA PASEO EN CAMELLO Y 1 NOCHE EN UN CAMPAMENTO DESIERTO<\/h4>\n<p>Salida hacia Ifrane y Azrou parando en el bosque de cedros para ver a los monos. Continuamos hacia Midelt y el valle del Ziz con una parada en Erfoud, Rissani y finalmente llegamos a Merzouga. Iremos en camellos de vuelta al campamento del desierto, guiados por un experimentado gu\u00eda de camellos en el centro de Erg Chebbi. La caminata por el desierto tarda unos 45 minutos en llegar al campamento. Luego disfrutamos de la puesta de sol sobre las dunas y nuestra cena ser\u00e1 servida cerca de la fogata. Pasaremos la noche en tiendas de campa\u00f1a desiertas en el desierto.<\/p>\n<h4>D\u00cdA 4: MERZOUGA &#8211; RISSANI &#8211; GARGANTAS DE TINGHIR &#8211; GARGANTAS DE TODRA &#8211; GARGANTAS DE LOS DORES<\/h4>\n<p>Despertarse temprano para disfrutar del amanecer en el desierto de Merzouga, y luego regresar al pueblo en camello. Despu\u00e9s del desayuno y la ducha nos dirigimos a Rissani, luego al desfiladero de Tinghir y Todra. Es el desfiladero m\u00e1s alto y estrecho de Marruecos. Despu\u00e9s del almuerzo en la garganta, cruzaremos el valle del Dades disfrutando de las formaciones rocosas de los monos. Pasaremos la noche en el Valle del Dades con cena y desayuno.<\/p>\n<h4>D\u00cdA 5: GARGANTAS DEL DADES &#8211; AIT BEN HADDOU &#8211; TIZI N TICHKA &#8211; MARRAKECH<\/h4>\n<p>Salida hacia Kalaat Mgouna y Ouarzazate. Aqu\u00ed podemos visitar el estudio de cine local y la kasbah. Luego, en direcci\u00f3n a Ait Ben Haddou, visite la kasbah local, la kasbah m\u00e1s grande de Marruecos y el sitio hist\u00f3rico de la UNESCO. Continuamos por las monta\u00f1as del Alto Atlas hasta Marrakech y nos quedamos en la medina en un riad tradicional.<\/p>\n<h4>D\u00cdA 6: VISITA DE MARRAKECH<\/h4>\n<p>Despu\u00e9s del desayuno exploraremos Marrakech. Visitaremos los sitios m\u00e1s importantes. La visita guiada de Marrakech incluye una visita a los Jardines Majorelle, la Torre Koutoubia, las Tumbas Saadianas y el Palacio de Bah\u00eda. Por la tarde tendremos un programa gratuito. Pasaremos la noche en el tradicional riad de la medina.<\/p>\n<h4>D\u00cdA 7: MARRAKECH<\/h4>\n<p>Traslado al aeropuerto.<\/p>\n","protected":false},"excerpt":{"rendered":"<p>D\u00cdA 1: CASABLANCA &#8211; RABAT &#8211; MEKNES &#8211; FES Salida de Casablanca para explorar los principales sitios de Casablanca, luego nos dirigimos a Rabat, capital. Exploraremos las principales atracciones y monumentos, luego nos dirigiremos a Meknes y Fez donde pasaremos la noche en un hotel local. D\u00cdA 2: LUGARES DE INTER\u00c9S DE FES Caminaremos por<\/p>\n","protected":false},"author":1,"featured_media":0,"parent":0,"menu_order":0,"comment_status":"closed","ping_status":"closed","template":"","meta":{"ngg_post_thumbnail":0,"footnotes":""},"class_list":["post-89","page","type-page","status-publish","hentry"],"_links":{"self":[{"href":"https:\/\/moroccoachieveyourtravel.com\/es\/wp-json\/wp\/v2\/pages\/89","targetHints":{"allow":["GET"]}}],"collection":[{"href":"https:\/\/moroccoachieveyourtravel.com\/es\/wp-json\/wp\/v2\/pages"}],"about":[{"href":"https:\/\/moroccoachieveyourtravel.com\/es\/wp-json\/wp\/v2\/types\/page"}],"author":[{"embeddable":true,"href":"https:\/\/moroccoachieveyourtravel.com\/es\/wp-json\/wp\/v2\/users\/1"}],"replies":[{"embeddable":true,"href":"https:\/\/moroccoachieveyourtravel.com\/es\/wp-json\/wp\/v2\/comments?post=89"}],"version-history":[{"count":6,"href":"https:\/\/moroccoachieveyourtravel.com\/es\/wp-json\/wp\/v2\/pages\/89\/revisions"}],"predecessor-version":[{"id":315,"href":"https:\/\/moroccoachieveyourtravel.com\/es\/wp-json\/wp\/v2\/pages\/89\/revisions\/315"}],"wp:attachment":[{"href":"https:\/\/moroccoachieveyourtravel.com\/es\/wp-json\/wp\/v2\/media?parent=89"}],"curies":[{"name":"wp","href":"https:\/\/api.w.org\/{rel}","templated":true}]}}