{"id":95,"date":"2018-12-27T14:29:38","date_gmt":"2018-12-27T14:29:38","guid":{"rendered":"https:\/\/moroccoachieveyourtravel.com\/wp\/?page_id=95"},"modified":"2019-01-08T15:08:36","modified_gmt":"2019-01-08T15:08:36","slug":"5-dias-de-tanger-al-desierto-de-fez-y-merzouga","status":"publish","type":"page","link":"https:\/\/moroccoachieveyourtravel.com\/es\/5-dias-de-tanger-al-desierto-de-fez-y-merzouga\/","title":{"rendered":"5 D\u00edas desde T\u00e1nger al desierto de Fez y Merzouga"},"content":{"rendered":"<h4>D\u00cdA 1: T\u00c1NGER A CHEFCHAOUEN Y FES<\/h4>\n<p>Hoy nuestro viaje privado por el desierto comienza con la recogida en el hotel en T\u00e1nger. Visitamos la ciudad azul-blanca de Chefchaouen y exploramos la medina que ofrece muchas artesan\u00edas nativas. Se puede caminar por calles estrechas para explorar la plaza principal, la Plaza Uta el Hamam. Despu\u00e9s del almuerzo salimos para Fes donde pasaremos la noche en el riad local.<\/p>\n<h4>D\u00cdA 2 : EXCURSI\u00d3N A LA CIUDAD DE FES<\/h4>\n<p>Visitar\u00e1 los principales monumentos de la medina de Fez -madrasas, fondouks, palacios, residencias, mezquitas y fuentes-. Visitaremos la primera universidad del mundo que data del siglo IX y una de las ciudades medievales m\u00e1s completas que existen. Disfrute de la visita guiada de la Medina medieval, la Universidad de Quaraouine, Medersa Attarine, el Palacio del Reino, la sinagoga de Ben Denane, los zocos. Alojamiento en un hotel\/riad.<\/p>\n<h4>D\u00cdA 3: DE FES A RISSANI Y AL DESIERTO DE MERZOUGA<\/h4>\n<p>Hoy saldremos de la ciudad imperial de Fez y conduciremos a trav\u00e9s de las monta\u00f1as del Medio Atlas hacia el Sahara, las dunas de Erg Chebbi. Visitamos Midelt, Erfoud y Rissani. En Merzouga disfrutamos de un paseo en camello, una vez que lleguemos al campamento del desierto disfrutaremos de una sabrosa cena. Pernocte en el campamento.<\/p>\n<h4>D\u00cdA 4 : GARGANTAS DE MERZOUGA A DADES<\/h4>\n<p>Hoy nos dirigimos hacia Tinghir. Disfrute del espectacular ca\u00f1\u00f3n escarpado y las paredes rojas de las gargantas del Todgha, y caminaremos a trav\u00e9s de un oasis en el valle de las gargantas. Pasaremos la noche en Boumalne Dades, en el riad local con cena.<\/p>\n<h4>D\u00cdA 5: GARGANTAS DEL DADES A AIT BENHADDOU Y MARRAKECH<\/h4>\n<p>Despu\u00e9s del desayuno viajamos a trav\u00e9s del Valle del Dades hacia Kalaa M&#8217;gouna &#8211; llamado &#8220;el camino de las kasbahs de los mil a\u00f1os&#8221;. Visitaremos la ciudad de Ouarzazate y luego exploraremos la Kasbah local de Ait Benhaddou &#8211; la Kasbah m\u00e1s grande de Marruecos, patrimonio de la UNESCO. Luego cruzaremos las altas monta\u00f1as del Atlas hasta llegar a la ciudad de Marrakech.<\/p>\n","protected":false},"excerpt":{"rendered":"<p>D\u00cdA 1: T\u00c1NGER A CHEFCHAOUEN Y FES Hoy nuestro viaje privado por el desierto comienza con la recogida en el hotel en T\u00e1nger. Visitamos la ciudad azul-blanca de Chefchaouen y exploramos la medina que ofrece muchas artesan\u00edas nativas. Se puede caminar por calles estrechas para explorar la plaza principal, la Plaza Uta el Hamam. Despu\u00e9s<\/p>\n","protected":false},"author":1,"featured_media":0,"parent":0,"menu_order":0,"comment_status":"closed","ping_status":"closed","template":"","meta":{"ngg_post_thumbnail":0,"footnotes":""},"class_list":["post-95","page","type-page","status-publish","hentry"],"_links":{"self":[{"href":"https:\/\/moroccoachieveyourtravel.com\/es\/wp-json\/wp\/v2\/pages\/95","targetHints":{"allow":["GET"]}}],"collection":[{"href":"https:\/\/moroccoachieveyourtravel.com\/es\/wp-json\/wp\/v2\/pages"}],"about":[{"href":"https:\/\/moroccoachieveyourtravel.com\/es\/wp-json\/wp\/v2\/types\/page"}],"author":[{"embeddable":true,"href":"https:\/\/moroccoachieveyourtravel.com\/es\/wp-json\/wp\/v2\/users\/1"}],"replies":[{"embeddable":true,"href":"https:\/\/moroccoachieveyourtravel.com\/es\/wp-json\/wp\/v2\/comments?post=95"}],"version-history":[{"count":6,"href":"https:\/\/moroccoachieveyourtravel.com\/es\/wp-json\/wp\/v2\/pages\/95\/revisions"}],"predecessor-version":[{"id":313,"href":"https:\/\/moroccoachieveyourtravel.com\/es\/wp-json\/wp\/v2\/pages\/95\/revisions\/313"}],"wp:attachment":[{"href":"https:\/\/moroccoachieveyourtravel.com\/es\/wp-json\/wp\/v2\/media?parent=95"}],"curies":[{"name":"wp","href":"https:\/\/api.w.org\/{rel}","templated":true}]}}