{"id":97,"date":"2018-12-27T14:30:38","date_gmt":"2018-12-27T14:30:38","guid":{"rendered":"https:\/\/moroccoachieveyourtravel.com\/wp\/?page_id=97"},"modified":"2019-01-08T15:10:30","modified_gmt":"2019-01-08T15:10:30","slug":"7-dias-de-tanger-a-marruecos-norte-via-chefchaoeun","status":"publish","type":"page","link":"https:\/\/moroccoachieveyourtravel.com\/es\/7-dias-de-tanger-a-marruecos-norte-via-chefchaoeun\/","title":{"rendered":"7 D\u00edas desde T\u00e1nger a Marruecos Norte Via Chefchaoeun"},"content":{"rendered":"<h4>D\u00eda 01: T\u00e1nger &#8211; Asilah<\/h4>\n<p>Recepci\u00f3n en el puerto o aeropuerto de T\u00e1nger. En la carretera de Asilah visitamos el faro y recordamos la mitolog\u00eda griega de Spartel en las cuevas del conde de H\u00e9rcules, almorzaremos en algunos de los bares de la zona y disfrutaremos de sus playas. Asilah continu\u00f3 su camino hacia la costa, llegada y recepci\u00f3n en el hotel. Paseamos por la peque\u00f1a medina de Asilah, blanca y azul, a lo largo de las murallas construidas por los almohades y siglos despu\u00e9s fortificadas por los portugueses que ocuparon la ciudad durante un siglo, llegamos al cementerio junto al marabuto de Sidi Ibn Musa Ahmd. Dejamos la medina de Bab Homar donde se instala el mercado. Cena, alojamiento en hotel.<\/p>\n<h4>D\u00eda 02 : Asilah &#8211; Larache &#8211; Lixus<\/h4>\n<p>Despu\u00e9s del desayuno tiempo libre para dar un \u00faltimo paseo por la medina y la playa de Asilah, antes de salir de la cercana carretera de Larache, en la desembocadura del r\u00edo Lucus, una ciudad con un car\u00e1cter muy espa\u00f1ol, como lo demuestra el castillo de Store, fortificaci\u00f3n con vistas a la bah\u00eda, construida por los espa\u00f1oles en el siglo XVII. Tambi\u00e9n encontramos el sello espa\u00f1ol en todas partes, desde la Plaza de la Liberaci\u00f3n, conocida como la Plaza de Espa\u00f1a, hasta los men\u00fas de los restaurantes. Por la tarde visita a las ruinas de la acr\u00f3polis romana Lucus, fundada por los fenicios alrededor del a\u00f1o 1100 a.C., posiblemente como primer punto de comercio en el norte de \u00c1frica. Cena y alojamiento en el hotel.<\/p>\n<h4>D\u00eda 03 : Larache &#8211; Chaouen<\/h4>\n<p>Por la ma\u00f1ana despu\u00e9s del desayuno dirgiremosa Chaouen, pero primero haciendo un peque\u00f1o desv\u00edo para ver el Cromlech de Msoura con sus 167 menhires, uno de los restos humanos m\u00e1s antiguos de la zona. M\u00e1s tarde girar a la derecha en Khemis Souk des Beni Arrous. Chaouen Llegada y recepci\u00f3n en el hotel. Almuerzo y tiempo libre para descubrir la &#8220;ciudad santa del Rif&#8221;.<\/p>\n<h4>D\u00eda 04 : Chaouen &#8211; Chaouen<\/h4>\n<p>Despu\u00e9s del desayuno, d\u00eda libre con posibilidad de visita guiada por la ciudad. Chefchaouen, sentado al pie de Jbel Tissouka, ofrece a los visitantes un fascinante viaje a trav\u00e9s de un laberinto de calles estrechas, entramos en Bab al-Suiqa Harmum en el barrio, el m\u00e1s antiguo de la ciudad con sus artesanos y comerciantes. Llegamos a la plaza Hamman Uta que alberga la fuente, la Mezquita, la Ciudadela con el museo local, el Funduq y numerosas terrazas de caf\u00e9s donde los turistas y el Rif se mezclan en un ambiente relajado. Entramos en el barrio andaluz, construido para acoger la segunda oleada de moros a partir de 1492, subiendo por sus empinadas calles y encaladas llegamos al l\u00edmite del recinto fortificado, Bab al-Ansar, m\u00e1s all\u00e1 del manantial &#8220;Ras al-Ma&#8221; que toma los manantiales de la medina y permite la explotaci\u00f3n del servicio p\u00fablico y del molino de la izquierda, y damos la vuelta para llegar a un puente en el que se hace un recorrido simplemente encantador. Tambi\u00e9n podr\u00e1 disfrutar de la original y soberbia artesan\u00eda en cuero y otros productos que hacen de los artesanos de la ciudad. Cena y alojamiento en el hotel.<\/p>\n<h4>D\u00eda 05: Chaouen &#8211; Tetu\u00e1n<\/h4>\n<p>Llegamos a Tetu\u00e1n, almuerzo en la Medina entrando por Bab el-Rouah cerca del palacio real, subiendo por la calle Al-Mokaden, zona de comercios y artesanos llegados a la Zawiya Sidi Ali Barka, por encima de Bab el-Mqbar da paso al Cementerio Andaluz donde se encuentra el mausoleo de Sidi al-Mandri Granada que reconstruy\u00f3 la ciudad en el siglo XV. Comenzamos a salir de Bab el-Oqla, a cenar y a pasar la noche.<\/p>\n<h4>D\u00eda 06 : Tetu\u00e1n &#8211; T\u00e1nger<\/h4>\n<p>Por la ma\u00f1ana tiempo libre para visitar el museo arqueol\u00f3gico, el Museo de Artes Populares y la Escuela de Artes y Oficios. Almuerzo y traslado a T\u00e1nger, embarque a media tarde. Llegada a T\u00e1nger, donde comenzamos la visita a las afueras del puerto, por la &#8220;carretera de la playa&#8221;, donde encontramos un edificio muy valioso de la \u00e9poca colonial, el &#8220;Teatro Cervantes&#8221;, en un lamentable estado de abandono. Luego llegamos al mercado del peque\u00f1o zoco y la plaza del gran zoco, el centro neur\u00e1lgico de la ciudad que da entrada a la medina con sus calles bordeadas de artesanos, bazares, caf\u00e9s y puestos callejeros que suben hasta la Kasbah, algunos nobles y la cima de la medina donde se puede degustar la cocina tradicional disfrutando de hermosas vistas del Estrecho de T\u00e1nger y su bah\u00eda. Camino del Caf\u00e9 Hafa donde tomamos el t\u00e9 con menta recordando a Bowles y otros, visitamos la necr\u00f3polis fenicia y por la tarde, cena y pernocte.<\/p>\n<h4>D\u00eda 07 : T\u00e1nger &#8211; T\u00e1nger<\/h4>\n<p>Desayuno y traslado al puerto o aeropuerto como hora de salida, Fin de nuestros servicios.<\/p>\n","protected":false},"excerpt":{"rendered":"<p>D\u00eda 01: T\u00e1nger &#8211; Asilah Recepci\u00f3n en el puerto o aeropuerto de T\u00e1nger. En la carretera de Asilah visitamos el faro y recordamos la mitolog\u00eda griega de Spartel en las cuevas del conde de H\u00e9rcules, almorzaremos en algunos de los bares de la zona y disfrutaremos de sus playas. Asilah continu\u00f3 su camino hacia la<\/p>\n","protected":false},"author":1,"featured_media":0,"parent":0,"menu_order":0,"comment_status":"closed","ping_status":"closed","template":"","meta":{"ngg_post_thumbnail":0,"footnotes":""},"class_list":["post-97","page","type-page","status-publish","hentry"],"_links":{"self":[{"href":"https:\/\/moroccoachieveyourtravel.com\/es\/wp-json\/wp\/v2\/pages\/97","targetHints":{"allow":["GET"]}}],"collection":[{"href":"https:\/\/moroccoachieveyourtravel.com\/es\/wp-json\/wp\/v2\/pages"}],"about":[{"href":"https:\/\/moroccoachieveyourtravel.com\/es\/wp-json\/wp\/v2\/types\/page"}],"author":[{"embeddable":true,"href":"https:\/\/moroccoachieveyourtravel.com\/es\/wp-json\/wp\/v2\/users\/1"}],"replies":[{"embeddable":true,"href":"https:\/\/moroccoachieveyourtravel.com\/es\/wp-json\/wp\/v2\/comments?post=97"}],"version-history":[{"count":6,"href":"https:\/\/moroccoachieveyourtravel.com\/es\/wp-json\/wp\/v2\/pages\/97\/revisions"}],"predecessor-version":[{"id":317,"href":"https:\/\/moroccoachieveyourtravel.com\/es\/wp-json\/wp\/v2\/pages\/97\/revisions\/317"}],"wp:attachment":[{"href":"https:\/\/moroccoachieveyourtravel.com\/es\/wp-json\/wp\/v2\/media?parent=97"}],"curies":[{"name":"wp","href":"https:\/\/api.w.org\/{rel}","templated":true}]}}