{"id":99,"date":"2018-12-27T14:31:06","date_gmt":"2018-12-27T14:31:06","guid":{"rendered":"https:\/\/moroccoachieveyourtravel.com\/wp\/?page_id=99"},"modified":"2019-01-08T15:04:23","modified_gmt":"2019-01-08T15:04:23","slug":"10-dias-desde-tanger-a-marrakech-por-el-desierto-de-merzouga","status":"publish","type":"page","link":"https:\/\/moroccoachieveyourtravel.com\/es\/10-dias-desde-tanger-a-marrakech-por-el-desierto-de-merzouga\/","title":{"rendered":"10 D\u00edas desde T\u00e1nger a Marrakech por el desierto de Merzouga"},"content":{"rendered":"<h4>D\u00eda 01: T\u00e1nger &#8211; Chefchaouen<\/h4>\n<p>Nos encontraremos con usted en el puerto o en su hotel y viajaremos a una peque\u00f1a ciudad azul llamada Chefchaouen &#8221; la joyer\u00eda azul &#8220;. Sus edificios y casas est\u00e1n pintados de azul y blanco y es uno de los pueblos m\u00e1s bellos de las monta\u00f1as del Rif. Tendr\u00e1s tiempo libre para explorarlo por ti mismo. Pasaremos la noche en el hotel.<\/p>\n<h4>D\u00eda 02 : D\u00eda libre en Chefchaouen<\/h4>\n<p>D\u00eda libre en Chefchaouen para descubrir el resto de los lugares. Alojamiento en el hotel.<\/p>\n<h4>D\u00eda 03 : Chefchaouen &#8211; Volubilis &#8211; Meknes &#8211; Fes<\/h4>\n<p>Despu\u00e9s del desayuno en su hotel, nuestro viaje comenzar\u00e1 hacia Volubilis cruzando Ouazan y otros pueblos del Rif, en Volubilis nos detendremos para descubrir las ruinas romanas y aprender sobre el sitio arqueol\u00f3gico de la historia marroqu\u00ed, despu\u00e9s de la visita de las ruinas nos trasladaremos a la ciudad de Meknes el patrimonio del siglo 17, donde nos detendremos para almorzar y colgar alrededor de las hist\u00f3ricas murallas de la medina, Bab El Mansour. Alojamiento en el riad.<\/p>\n<h4>D\u00eda 04 : Explorando Fez<\/h4>\n<p>Despu\u00e9s del desayuno, comenzar\u00e1 a explorar la ciudad m\u00e1s antigua de Marruecos, caminando por sus callejones y peque\u00f1as calles. Nuestra visita comienza visitando la puerta del Palacio Real, el barrio jud\u00edo, la primera Mellah construida en Marruecos en el siglo XIV. Nos aseguraremos de que usted visite todos los sitios de inter\u00e9s cultural e hist\u00f3rico, incluyendo la famosa Universidad Al Karaouine, considerada la m\u00e1s antigua del mundo, las curtidur\u00edas y el mausoleo de Moulay Idriss. Despu\u00e9s del almuerzo en un restaurante tradicional marroqu\u00ed, visitaremos la cooperativa de azulejos y disfrutaremos de una maravillosa vista panor\u00e1mica de toda la Medina de Fez. Pernocte en el riad.<\/p>\n<h4>D\u00eda 05: Fez &#8211; Ifrane &#8211; Azrou &#8211; Midelt &#8211; Merzouga<\/h4>\n<p>Despu\u00e9s del desayuno, viajar\u00e1 a trav\u00e9s del Medio Atlas a trav\u00e9s de la &#8220;Suiza marroqu\u00ed&#8221; de Ifrane y Azrou. Parada en el bosque de cedros para visitar el Cedro Gouraud Tree, donde podr\u00e1 ver monos de Berber\u00eda. Desde aqu\u00ed nos dirigimos hacia el sur pasando por varias ciudades y tendr\u00e1s la oportunidad de ver a los n\u00f3madas viviendo en tiendas de campa\u00f1a al lado del camino. Tambi\u00e9n ver\u00e1s las rocas volc\u00e1nicas. Nuestra pr\u00f3xima parada es en Midelt donde disfrutar\u00e1 de su almuerzo. M\u00e1s tarde, continuaremos nuestro viaje cruzando el paso Tizi N&#8217;Talghomt (1907 m) mientras disfrutamos de las vistas panor\u00e1micas. Tambi\u00e9n atravesar\u00e1 el desfiladero de Ziz y el t\u00fanel. Cerca de Errachidia, ver\u00e1 la presa Hassan Al-Dakhil, que tiene agua azul turquesa. Continuar nuestro viaje a Erfoud, usted tendr\u00e1 una parada para una vista panor\u00e1mica de la palmeraie Aoufous a lo largo del r\u00edo Ziz. Su viaje contin\u00faa a Merzouga v\u00eda Erfoud a trav\u00e9s del oasis de Tafilalet, el palmeral de d\u00e1tiles m\u00e1s grande de Marruecos. Llegue a Merzouga por la tarde y reg\u00edstrese en su hotel. Cena y alojamiento en el hotel.<\/p>\n<h4>D\u00eda 06 : Merzouga y el Camel Trek<\/h4>\n<p>Despu\u00e9s del desayuno en el hotel, comenzar\u00e1 un viaje de exploraci\u00f3n de la zona; visitar\u00e1 a los n\u00f3madas en su tienda de pelo de cabra y aprender\u00e1 sobre la vida en el desierto, despu\u00e9s visitar\u00e1 al pueblo Gnaoua, originalmente esclavos tra\u00eddos de Sud\u00e1n, aqu\u00ed tendr\u00e1 la oportunidad de escuchar su m\u00fasica y aprender sobre su cultura y estilo de vida. Dependiendo de la \u00e9poca del a\u00f1o que visite, podr\u00e1 visitar el lago de Merzouga y su poblaci\u00f3n de aves, como los &#8220;Flamencos&#8221;. Por la tarde, le llevaremos al campamento del desierto, para explorar dentro del misterioso mar de arena del Erg-Chebbi. Disfrutar\u00e1 de la belleza del desierto del Sahara y de la puesta de sol sobre las dunas doradas. Despu\u00e9s del atardecer disfrutar\u00e1 de su cena frente al campamento donde pasar\u00e1 su primera noche bajo las estrellas o, si lo prefiere, bajo las estrellas. Nuestro campamento est\u00e1 equipado con ba\u00f1os occidentales.<\/p>\n<h4>D\u00eda 07: Merzouga &#8211; Rissani &#8211; Erfoud &#8211; Tinghir &#8211; Gargantas del Todra &#8211; Gargantas del Dades<\/h4>\n<p>Despertarse temprano por la ma\u00f1ana para disfrutar de la salida del sol en la cima de las dunas en el desierto del Sahara, y luego tomar su desayuno. Despu\u00e9s de estos hermosos momentos, montar\u00e1 su camello de vuelta al hotel donde podr\u00e1 ducharse. Partimos hacia Tinghir pasando por Erfoud y Tinejdad. T\u00f3mate un descanso para almorzar. Por la tarde, continuaremos hacia las gargantas del Todra v\u00eda Tinghir. Parada en el camino para tomar fotos y admirar las vistas. Llegada a las Gargantas del Todra para disfrutar de sus maravillosas vistas de los Ca\u00f1ones mientras se camina a pie, y finalmente llegar al Valle del Dades donde cenaremos y pasaremos la noche.<\/p>\n<h4>Dia 08: Gargantas del Dades &#8211; Ouarzazate- Ait Ben Haddou &#8211; Alto Atlas &#8211; Marrakech<\/h4>\n<p>Despu\u00e9s del desayuno conduciremos a trav\u00e9s del valle del Dades hacia Kelaat Mgouna y Ouarzazate. La ruta a trav\u00e9s del Valle del Dades, el camino de las mil Kasbahs, ofrece numerosas oportunidades para tomar fotos. Visitaremos el valle de Roses y el pueblo de Skoura, luego continuaremos hacia Ouarzazat, &#8220;el Hollywood de \u00c1frica&#8221;. El almuerzo es en la famosa kasbah de Ait Ben Haddou, la m\u00e1s grande de Marruecos. Despu\u00e9s de visitar este sitio declarado Patrimonio de la Humanidad por la UNESCO, nuestro viaje continuar\u00e1 a trav\u00e9s del majestuoso paso de Tizi n&#8217;Tichka, que alcanza una altitud de 2.260 m, sobre las monta\u00f1as del Alto Atlas. Nos detendremos para disfrutar de las impresionantes vistas y visitaremos la cooperativa de aceite de arg\u00e1n. Llegaremos a Marrakech por la tarde. Alojamiento en el riad.<\/p>\n<h4>Dia 09: Explorando Marrakech<\/h4>\n<p>Despu\u00e9s del desayuno empezaremos a descubrir la ciudad roja de Marruecos &#8220;Marrakech&#8221;. Con los lugares m\u00e1s visitados y de mayor inter\u00e9s cultural e hist\u00f3rico, podr\u00e1 ver las tumbas saadianas, los jardines Majorelle, la torre Koutoubia y el palacio de Bah\u00eda. A continuaci\u00f3n, cerca de la famosa plaza de Marrakech tomar su delicioso almuerzo tradicional y pasear en los zocos locales para ver cientos de artesan\u00edas. Por la tarde, t\u00f3mese su tiempo libre para pasear por la ciudad en solitario a trav\u00e9s de sus otras partes. Alojamiento en el riad.<\/p>\n<h4>Dia 10: Marrakech &#8211; Aeropuerto<\/h4>\n<p>Despu\u00e9s del desayuno, nos dirigimos al aeropuerto de Marrakech, donde termina la excursi\u00f3n.<\/p>\n","protected":false},"excerpt":{"rendered":"<p>D\u00eda 01: T\u00e1nger &#8211; Chefchaouen Nos encontraremos con usted en el puerto o en su hotel y viajaremos a una peque\u00f1a ciudad azul llamada Chefchaouen &#8221; la joyer\u00eda azul &#8220;. Sus edificios y casas est\u00e1n pintados de azul y blanco y es uno de los pueblos m\u00e1s bellos de las monta\u00f1as del Rif. Tendr\u00e1s tiempo<\/p>\n","protected":false},"author":1,"featured_media":0,"parent":0,"menu_order":0,"comment_status":"closed","ping_status":"closed","template":"","meta":{"ngg_post_thumbnail":0,"footnotes":""},"class_list":["post-99","page","type-page","status-publish","hentry"],"_links":{"self":[{"href":"https:\/\/moroccoachieveyourtravel.com\/es\/wp-json\/wp\/v2\/pages\/99","targetHints":{"allow":["GET"]}}],"collection":[{"href":"https:\/\/moroccoachieveyourtravel.com\/es\/wp-json\/wp\/v2\/pages"}],"about":[{"href":"https:\/\/moroccoachieveyourtravel.com\/es\/wp-json\/wp\/v2\/types\/page"}],"author":[{"embeddable":true,"href":"https:\/\/moroccoachieveyourtravel.com\/es\/wp-json\/wp\/v2\/users\/1"}],"replies":[{"embeddable":true,"href":"https:\/\/moroccoachieveyourtravel.com\/es\/wp-json\/wp\/v2\/comments?post=99"}],"version-history":[{"count":7,"href":"https:\/\/moroccoachieveyourtravel.com\/es\/wp-json\/wp\/v2\/pages\/99\/revisions"}],"predecessor-version":[{"id":303,"href":"https:\/\/moroccoachieveyourtravel.com\/es\/wp-json\/wp\/v2\/pages\/99\/revisions\/303"}],"wp:attachment":[{"href":"https:\/\/moroccoachieveyourtravel.com\/es\/wp-json\/wp\/v2\/media?parent=99"}],"curies":[{"name":"wp","href":"https:\/\/api.w.org\/{rel}","templated":true}]}}